{"id":8822,"date":"2020-08-28T16:19:09","date_gmt":"2020-08-28T14:19:09","guid":{"rendered":"http:\/\/sp3.tuchola.pl\/wordpress\/?page_id=8822"},"modified":"2020-11-24T11:46:55","modified_gmt":"2020-11-24T10:46:55","slug":"rodo-2","status":"publish","type":"page","link":"https:\/\/sp3.tuchola.pl\/wordpress\/?page_id=8822","title":{"rendered":"RODO"},"content":{"rendered":"\n<p class=\"has-text-align-center has-medium-font-size\"><strong>1) Informacje dotycz\u0105ce Administratora:<\/strong><br> Administratorem Pa\u0144stwa danych osobowych jest Szko\u0142a Podstawowa nr 3 im. M. Kopernika z siedzib\u0105 w Tucholi, tel. 52&nbsp;334 21 76, e-mail sp3t@wp.pl<br><strong> 2) Informacje dotycz\u0105ce Inspektora Ochrony Danych:<\/strong><br> Administrator powo\u0142a\u0142 inspektora ochrony danych, Pana Tomasz Jutrowski, z kt\u00f3rym mo\u017cna si\u0119 kontaktowa\u0107 poprzez adres e-mail: inspektor.rodo@wp.pl lub tel. 500438300.<\/p>\n\n\n\n<div class=\"wp-block-file\"><a href=\"http:\/\/sp3.tuchola.pl\/wordpress\/wp-content\/uploads\/2020\/08\/Klauzula-RODO.docx\"><strong>Og\u00f3lna klauzula RODO<\/strong><\/a><\/div>\n\n\n\n<div class=\"wp-block-file\"><a href=\"http:\/\/sp3.tuchola.pl\/wordpress\/wp-content\/uploads\/2020\/11\/FACEBOOK-klauzula-informacyjnaRODO.docx\">FACEBOOK &#8211; klauzula &#8211; informacyjna RODO<\/a><\/div>\n","protected":false},"excerpt":{"rendered":"<p>1) Informacje dotycz\u0105ce Administratora: Administratorem Pa\u0144stwa danych osobowych jest Szko\u0142a Podstawowa nr 3 im. M. Kopernika z siedzib\u0105 w Tucholi, tel. 52&nbsp;334 21 76, e-mail sp3t@wp.pl 2) Informacje dotycz\u0105ce Inspektora Ochrony Danych: Administrator powo\u0142a\u0142 inspektora ochrony danych, Pana Tomasz Jutrowski, z kt\u00f3rym mo\u017cna si\u0119 kontaktowa\u0107 poprzez adres e-mail: inspektor.rodo@wp.pl lub tel. 500438300.<\/p>\n","protected":false},"author":1,"featured_media":0,"parent":2,"menu_order":3,"comment_status":"closed","ping_status":"closed","template":"","meta":[],"_links":{"self":[{"href":"https:\/\/sp3.tuchola.pl\/wordpress\/index.php?rest_route=\/wp\/v2\/pages\/8822"}],"collection":[{"href":"https:\/\/sp3.tuchola.pl\/wordpress\/index.php?rest_route=\/wp\/v2\/pages"}],"about":[{"href":"https:\/\/sp3.tuchola.pl\/wordpress\/index.php?rest_route=\/wp\/v2\/types\/page"}],"author":[{"embeddable":true,"href":"https:\/\/sp3.tuchola.pl\/wordpress\/index.php?rest_route=\/wp\/v2\/users\/1"}],"replies":[{"embeddable":true,"href":"https:\/\/sp3.tuchola.pl\/wordpress\/index.php?rest_route=%2Fwp%2Fv2%2Fcomments&post=8822"}],"version-history":[{"count":5,"href":"https:\/\/sp3.tuchola.pl\/wordpress\/index.php?rest_route=\/wp\/v2\/pages\/8822\/revisions"}],"predecessor-version":[{"id":9174,"href":"https:\/\/sp3.tuchola.pl\/wordpress\/index.php?rest_route=\/wp\/v2\/pages\/8822\/revisions\/9174"}],"up":[{"embeddable":true,"href":"https:\/\/sp3.tuchola.pl\/wordpress\/index.php?rest_route=\/wp\/v2\/pages\/2"}],"wp:attachment":[{"href":"https:\/\/sp3.tuchola.pl\/wordpress\/index.php?rest_route=%2Fwp%2Fv2%2Fmedia&parent=8822"}],"curies":[{"name":"wp","href":"https:\/\/api.w.org\/{rel}","templated":true}]}}