{"id":6284,"date":"2018-12-20T08:50:08","date_gmt":"2018-12-20T07:50:08","guid":{"rendered":"http:\/\/sp3.tuchola.pl\/wordpress\/?page_id=6284"},"modified":"2018-12-20T08:50:08","modified_gmt":"2018-12-20T07:50:08","slug":"darowizny","status":"publish","type":"page","link":"https:\/\/sp3.tuchola.pl\/wordpress\/?page_id=6284","title":{"rendered":"Darowizny"},"content":{"rendered":"<p style=\"text-align: center;\"><strong>Szanowni Rodzice<\/strong><\/p>\n<p style=\"text-align: center;\">W zwi\u0105zku z licznymi pytaniami, dotycz\u0105cymi dobrowolnych darowizn<br \/>\nna rzecz Rady Rodzic\u00f3w, informujemy, \u017ce mo\u017cna ich\u00a0dokonywa\u0107<br \/>\nna konto Rady Rodzic\u00f3w<br \/>\n(Bank Sp\u00f3\u0142dzielczy nr konta: 82 8174 0004 0000 1182 3000 0002)<br \/>\nlub w sekretariacie za\u00a0potwierdzeniem wp\u0142aty (KP)<br \/>\ndo ko\u0144ca roku szkolnego.<br \/>\nPoniewa\u017c w naszej szkole jest spora grupa ma\u0142ych dzieci, kt\u00f3re nie maj\u0105 swojego placu zabaw,<br \/>\npostanowili\u015bmy w\u0142\u0105czy\u0107 si\u0119 do\u00a0wsp\u00f3lnej akcji wsp\u00f3\u0142tworzenia go.<br \/>\nJest to jedna z wielu zaplanowanych inicjatyw ca\u0142ej spo\u0142eczno\u015bci szkolnej,<br \/>\nkt\u00f3re maj\u0105 si\u0119 przyczyni\u0107 do\u00a0zrealizowania naszego celu.<br \/>\n<strong>Jednocze\u015bnie wszystkim, kt\u00f3rzy dokonali wp\u0142at na Rad\u0119 Rodzic\u00f3w, pragniemy serdecznie podzi\u0119kowa\u0107.<\/strong><\/p>\n<p style=\"text-align: center;\"><em>Z wyrazami szacunku<br \/>\nPrezydium Rady Rodzic\u00f3w<\/em><\/p>\n","protected":false},"excerpt":{"rendered":"<p>Szanowni Rodzice W zwi\u0105zku z licznymi pytaniami, dotycz\u0105cymi dobrowolnych darowizn na rzecz Rady Rodzic\u00f3w, informujemy, \u017ce mo\u017cna ich\u00a0dokonywa\u0107 na konto Rady Rodzic\u00f3w (Bank Sp\u00f3\u0142dzielczy nr konta: 82 8174 0004 0000 1182 3000 0002) lub w sekretariacie za\u00a0potwierdzeniem wp\u0142aty (KP) do ko\u0144ca roku szkolnego. Poniewa\u017c w naszej szkole jest spora grupa ma\u0142ych dzieci, kt\u00f3re nie maj\u0105 [&hellip;]<\/p>\n","protected":false},"author":1,"featured_media":0,"parent":5593,"menu_order":5,"comment_status":"closed","ping_status":"open","template":"","meta":[],"_links":{"self":[{"href":"https:\/\/sp3.tuchola.pl\/wordpress\/index.php?rest_route=\/wp\/v2\/pages\/6284"}],"collection":[{"href":"https:\/\/sp3.tuchola.pl\/wordpress\/index.php?rest_route=\/wp\/v2\/pages"}],"about":[{"href":"https:\/\/sp3.tuchola.pl\/wordpress\/index.php?rest_route=\/wp\/v2\/types\/page"}],"author":[{"embeddable":true,"href":"https:\/\/sp3.tuchola.pl\/wordpress\/index.php?rest_route=\/wp\/v2\/users\/1"}],"replies":[{"embeddable":true,"href":"https:\/\/sp3.tuchola.pl\/wordpress\/index.php?rest_route=%2Fwp%2Fv2%2Fcomments&post=6284"}],"version-history":[{"count":6,"href":"https:\/\/sp3.tuchola.pl\/wordpress\/index.php?rest_route=\/wp\/v2\/pages\/6284\/revisions"}],"predecessor-version":[{"id":6290,"href":"https:\/\/sp3.tuchola.pl\/wordpress\/index.php?rest_route=\/wp\/v2\/pages\/6284\/revisions\/6290"}],"up":[{"embeddable":true,"href":"https:\/\/sp3.tuchola.pl\/wordpress\/index.php?rest_route=\/wp\/v2\/pages\/5593"}],"wp:attachment":[{"href":"https:\/\/sp3.tuchola.pl\/wordpress\/index.php?rest_route=%2Fwp%2Fv2%2Fmedia&parent=6284"}],"curies":[{"name":"wp","href":"https:\/\/api.w.org\/{rel}","templated":true}]}}