{"id":5608,"date":"2018-10-17T09:55:54","date_gmt":"2018-10-17T07:55:54","guid":{"rendered":"http:\/\/sp3.tuchola.pl\/wordpress\/?page_id=5608"},"modified":"2021-02-08T10:17:10","modified_gmt":"2021-02-08T09:17:10","slug":"strefa-nauczyciela","status":"publish","type":"page","link":"https:\/\/sp3.tuchola.pl\/wordpress\/?page_id=5608","title":{"rendered":"NAUCZYCIELE"},"content":{"rendered":"\n<p class=\"has-text-align-center\">W roku szkolnym 2020\/2021 w naszej szkole pracuj\u0105 nast\u0119puj\u0105cy nauczyciele:<br><strong>mgr Lidia G\u00f3ral &#8211; dyrektor szko\u0142y<\/strong><br><strong>mgr Sylwia Ko\u017cuch &#8211; wicedyrektor szko\u0142y<\/strong>, nauczyciel j\u0119zyka polskiego<br><strong>Pedagog szkolny:<\/strong><br>mgr Barbara Witkowska (wychowawczyni klasy 8C)<br><strong>Edukacja wczesnoszkolna:<\/strong><br>Oddzia\u0142y przedszkolne: mgr Alicja Budnik, mgr Beata Cimcioch, mgr Marta Je\u017cewska-Duraj, mgr Marlena Radowska<br>0A: mgr Monika Pozorska,  mgr Iwona Zielinska<br>0B: mgr Daria Mikusek, mgr Aleksandra Weilandt<br>1A: mgr Ma\u0142gorzata Kowalska<br>2A: mgr Iwona Biesek<br>3A mgr Irena Gosta\u0144ska<br><strong>Religia:<\/strong><br>Beata Gostomska<br>mgr Iwona \u0141yczywek<br><strong>J. polski:<\/strong><br>mgr Sandra G\u00f3ral &#8211; wychowawczyni klasy 6C<br>mgr Anna G\u0105dek<br>mgr Alicja Musi\u0144ska-Adrych &#8211; wychowawczyni klasy 5B<br><strong>J. angielski:<\/strong><br>mgr Beata Szmelter &#8211; wychowawczyni klasy 7C<br>mgr Danuta Wi\u015bniewska &#8211; wychowawczyni klasy 8B<br>mgr Mariusz Witkowski<br><strong>J. niemiecki<\/strong><br>mgr Beata Szmelter<br>mgr Marlena Radowska<br><strong>Historia, Wiedza o Spo\u0142ecze\u0144stwie<\/strong><br>mgr Miros\u0142awa Drzycimska &#8211; wychowawczyni klasy 4B<br><strong>Matematyka:<\/strong><br>mgr Halina Iglewska<br>mgr Hanna Jaruszewska &#8211; wychowawczyni klasy 7A<br><strong>Przyroda, biologia:<\/strong><br>mgr Marta Binger &#8211; wychowawczyni klasy 4A<br><strong>Fizyka, edukacja dla bezpiecze\u0144stwa:<\/strong><br>mgr Tomasz Gierszewski<br><strong>Chemia:<\/strong><br>mgr Marta Maciejewska<br><strong>Geografia, Doradztwo zawodowe<\/strong><br>mgr Karol D\u0105browski &#8211; wychowawca klasy 6B<br><strong>Sztuka (muzyka i plastyka):<\/strong><br>mgr Andrzej Giersz &#8211; wychowawca klasy 8A<br><strong>Informatyka<\/strong><br>mgr Krzysztof Karnowski &#8211; wychowawca klasy 7B<br><strong>Technika<\/strong><br>mgr Aleksandra Czerwi\u0144ska<br><strong>Wychowanie fizyczne:<\/strong><br>mgr Grzegorz Holc &#8211; wychowawca klasy 5b<br>mgr Monika Mikulska &#8211; wychowawczyni klasy 5a<br>mgr Piotr Zieli\u0144ski<br><strong>\u015awietlica:<\/strong><br>mgr Renata Pacek<br>mgr Dorota Szulc<br><strong>Nauczyciele wspomagaj\u0105cy:<\/strong><br>mgr Joanna Nowak<\/p>\n","protected":false},"excerpt":{"rendered":"<p>W roku szkolnym 2020\/2021 w naszej szkole pracuj\u0105 nast\u0119puj\u0105cy nauczyciele:mgr Lidia G\u00f3ral &#8211; dyrektor szko\u0142ymgr Sylwia Ko\u017cuch &#8211; wicedyrektor szko\u0142y, nauczyciel j\u0119zyka polskiegoPedagog szkolny:mgr Barbara Witkowska (wychowawczyni klasy 8C)Edukacja wczesnoszkolna:Oddzia\u0142y przedszkolne: mgr Alicja Budnik, mgr Beata Cimcioch, mgr Marta Je\u017cewska-Duraj, mgr Marlena Radowska0A: mgr Monika Pozorska, mgr Iwona Zielinska0B: mgr Daria Mikusek, mgr Aleksandra Weilandt1A: [&hellip;]<\/p>\n","protected":false},"author":1,"featured_media":0,"parent":0,"menu_order":3,"comment_status":"closed","ping_status":"open","template":"","meta":[],"_links":{"self":[{"href":"https:\/\/sp3.tuchola.pl\/wordpress\/index.php?rest_route=\/wp\/v2\/pages\/5608"}],"collection":[{"href":"https:\/\/sp3.tuchola.pl\/wordpress\/index.php?rest_route=\/wp\/v2\/pages"}],"about":[{"href":"https:\/\/sp3.tuchola.pl\/wordpress\/index.php?rest_route=\/wp\/v2\/types\/page"}],"author":[{"embeddable":true,"href":"https:\/\/sp3.tuchola.pl\/wordpress\/index.php?rest_route=\/wp\/v2\/users\/1"}],"replies":[{"embeddable":true,"href":"https:\/\/sp3.tuchola.pl\/wordpress\/index.php?rest_route=%2Fwp%2Fv2%2Fcomments&post=5608"}],"version-history":[{"count":9,"href":"https:\/\/sp3.tuchola.pl\/wordpress\/index.php?rest_route=\/wp\/v2\/pages\/5608\/revisions"}],"predecessor-version":[{"id":9312,"href":"https:\/\/sp3.tuchola.pl\/wordpress\/index.php?rest_route=\/wp\/v2\/pages\/5608\/revisions\/9312"}],"wp:attachment":[{"href":"https:\/\/sp3.tuchola.pl\/wordpress\/index.php?rest_route=%2Fwp%2Fv2%2Fmedia&parent=5608"}],"curies":[{"name":"wp","href":"https:\/\/api.w.org\/{rel}","templated":true}]}}