{"id":5599,"date":"2018-10-17T09:30:33","date_gmt":"2018-10-17T07:30:33","guid":{"rendered":"http:\/\/sp3.tuchola.pl\/wordpress\/?page_id=5599"},"modified":"2021-02-08T08:38:48","modified_gmt":"2021-02-08T07:38:48","slug":"rada-rodzicow","status":"publish","type":"page","link":"https:\/\/sp3.tuchola.pl\/wordpress\/?page_id=5599","title":{"rendered":"Rada Rodzic\u00f3w"},"content":{"rendered":"<h2 style=\"text-align: center;\"><span style=\"color: #008000;\"><strong>Rada Rodzic\u00f3w Szko\u0142y Podstawowej nr 3<br \/>\nim. M. Kopernika w Tucholi<\/strong><\/span><\/h2>\n<pre style=\"text-align: center;\"><strong>Sk\u0142ad Osobowy Prezydium Rady Rodzic\u00f3w:\nJaros\u0142aw Grugel<\/strong> - przewodnicz\u0105cy\n <strong>Agnieszka Altmann<\/strong> - wiceprzewodnicz\u0105ca\n <strong>Aleksandra Przybyszewska - <\/strong>sekretarz\n <strong>Monika Kunc - <\/strong>skarbnik\n <strong>Marta Je\u017cewska-Duraj - <\/strong>cz\u0142onek Rady<\/pre>\n<p style=\"text-align: right;\">Kontakt do Rady Rodzic\u00f3w:<br \/>\ne-mail: <a href=\"mailto:jaroslawgrugel@gmail.com\">jaroslawgrugel@gmail.com<\/a><br \/>\ntel.: 606 205 404<\/p>\n<p style=\"text-align: center;\"><a href=\"http:\/\/sp3.tuchola.pl\/wordpress\/wp-content\/uploads\/2018\/10\/Dziecko.jpg\"><img loading=\"lazy\" class=\"aligncenter size-full wp-image-6259\" src=\"http:\/\/sp3.tuchola.pl\/wordpress\/wp-content\/uploads\/2018\/10\/Dziecko.jpg\" alt=\"Dziecko\" width=\"342\" height=\"652\" srcset=\"https:\/\/sp3.tuchola.pl\/wordpress\/wp-content\/uploads\/2018\/10\/Dziecko.jpg 342w, https:\/\/sp3.tuchola.pl\/wordpress\/wp-content\/uploads\/2018\/10\/Dziecko-157x300.jpg 157w\" sizes=\"(max-width: 342px) 100vw, 342px\" \/><\/a><\/p>\n","protected":false},"excerpt":{"rendered":"<p>Rada Rodzic\u00f3w Szko\u0142y Podstawowej nr 3 im. M. Kopernika w Tucholi Sk\u0142ad Osobowy Prezydium Rady Rodzic\u00f3w: Jaros\u0142aw Grugel &#8211; przewodnicz\u0105cy Agnieszka Altmann &#8211; wiceprzewodnicz\u0105ca Aleksandra Przybyszewska &#8211; sekretarz Monika Kunc &#8211; skarbnik Marta Je\u017cewska-Duraj &#8211; cz\u0142onek Rady Kontakt do Rady Rodzic\u00f3w: e-mail: jaroslawgrugel@gmail.com tel.: 606 205 404<\/p>\n","protected":false},"author":1,"featured_media":0,"parent":5593,"menu_order":0,"comment_status":"closed","ping_status":"open","template":"","meta":[],"_links":{"self":[{"href":"https:\/\/sp3.tuchola.pl\/wordpress\/index.php?rest_route=\/wp\/v2\/pages\/5599"}],"collection":[{"href":"https:\/\/sp3.tuchola.pl\/wordpress\/index.php?rest_route=\/wp\/v2\/pages"}],"about":[{"href":"https:\/\/sp3.tuchola.pl\/wordpress\/index.php?rest_route=\/wp\/v2\/types\/page"}],"author":[{"embeddable":true,"href":"https:\/\/sp3.tuchola.pl\/wordpress\/index.php?rest_route=\/wp\/v2\/users\/1"}],"replies":[{"embeddable":true,"href":"https:\/\/sp3.tuchola.pl\/wordpress\/index.php?rest_route=%2Fwp%2Fv2%2Fcomments&post=5599"}],"version-history":[{"count":6,"href":"https:\/\/sp3.tuchola.pl\/wordpress\/index.php?rest_route=\/wp\/v2\/pages\/5599\/revisions"}],"predecessor-version":[{"id":9298,"href":"https:\/\/sp3.tuchola.pl\/wordpress\/index.php?rest_route=\/wp\/v2\/pages\/5599\/revisions\/9298"}],"up":[{"embeddable":true,"href":"https:\/\/sp3.tuchola.pl\/wordpress\/index.php?rest_route=\/wp\/v2\/pages\/5593"}],"wp:attachment":[{"href":"https:\/\/sp3.tuchola.pl\/wordpress\/index.php?rest_route=%2Fwp%2Fv2%2Fmedia&parent=5599"}],"curies":[{"name":"wp","href":"https:\/\/api.w.org\/{rel}","templated":true}]}}