{"id":46,"date":"2014-02-25T10:03:40","date_gmt":"2014-02-25T09:03:40","guid":{"rendered":"http:\/\/sp3.tuchola.pl\/wordpress\/?page_id=46"},"modified":"2021-07-19T21:41:11","modified_gmt":"2021-07-19T19:41:11","slug":"sekretariat","status":"publish","type":"page","link":"https:\/\/sp3.tuchola.pl\/wordpress\/?page_id=46","title":{"rendered":"Sekretariat"},"content":{"rendered":"<h5 style=\"text-align: center;\">Czynny od poniedzia\u0142ku do pi\u0105tku w godz. 7.00 &#8211; 15.30<\/h5>\n<h5 style=\"text-align: center;\">Interesant\u00f3w w naszej szkole obs\u0142uguj\u0105 mgr Ewa Krzychowiec i Miros\u0142awa Augusty\u0144ska.<\/h5>\n\n\n<p><\/p>\n","protected":false},"excerpt":{"rendered":"<p>Czynny od poniedzia\u0142ku do pi\u0105tku w godz. 7.00 &#8211; 15.30 Interesant\u00f3w w naszej szkole obs\u0142uguj\u0105 mgr Ewa Krzychowiec i Miros\u0142awa Augusty\u0144ska.<\/p>\n","protected":false},"author":1,"featured_media":0,"parent":2,"menu_order":3,"comment_status":"closed","ping_status":"open","template":"","meta":[],"_links":{"self":[{"href":"https:\/\/sp3.tuchola.pl\/wordpress\/index.php?rest_route=\/wp\/v2\/pages\/46"}],"collection":[{"href":"https:\/\/sp3.tuchola.pl\/wordpress\/index.php?rest_route=\/wp\/v2\/pages"}],"about":[{"href":"https:\/\/sp3.tuchola.pl\/wordpress\/index.php?rest_route=\/wp\/v2\/types\/page"}],"author":[{"embeddable":true,"href":"https:\/\/sp3.tuchola.pl\/wordpress\/index.php?rest_route=\/wp\/v2\/users\/1"}],"replies":[{"embeddable":true,"href":"https:\/\/sp3.tuchola.pl\/wordpress\/index.php?rest_route=%2Fwp%2Fv2%2Fcomments&post=46"}],"version-history":[{"count":7,"href":"https:\/\/sp3.tuchola.pl\/wordpress\/index.php?rest_route=\/wp\/v2\/pages\/46\/revisions"}],"predecessor-version":[{"id":9847,"href":"https:\/\/sp3.tuchola.pl\/wordpress\/index.php?rest_route=\/wp\/v2\/pages\/46\/revisions\/9847"}],"up":[{"embeddable":true,"href":"https:\/\/sp3.tuchola.pl\/wordpress\/index.php?rest_route=\/wp\/v2\/pages\/2"}],"wp:attachment":[{"href":"https:\/\/sp3.tuchola.pl\/wordpress\/index.php?rest_route=%2Fwp%2Fv2%2Fmedia&parent=46"}],"curies":[{"name":"wp","href":"https:\/\/api.w.org\/{rel}","templated":true}]}}