{"id":9552,"date":"2021-05-11T09:31:18","date_gmt":"2021-05-11T07:31:18","guid":{"rendered":"http:\/\/sp3.tuchola.pl\/wordpress\/?page_id=9552"},"modified":"2021-05-11T09:31:18","modified_gmt":"2021-05-11T07:31:18","slug":"kartka-dla-lesnika-wreczenie-nagrod-08-05-2021","status":"publish","type":"page","link":"http:\/\/sp3.tuchola.pl\/wordpress\/?page_id=9552","title":{"rendered":"&#8222;Kartka dla le\u015bnika&#8221; &#8211; wr\u0119czenie nagr\u00f3d &#8211; 08.05.2021"},"content":{"rendered":"<style type=\"text\/css\" scoped>.rbs_gallery_69ff6e85447b5Spinner{\r\n\t\t\t\tmargin: 50px auto;\r\n\t\t\t\twidth: 50px;\r\n\t\t\t\theight: 40px;\r\n\t\t\t\ttext-align: center;\r\n\t\t\t\tfont-size: 10px;\r\n\t\t\t}\r\n\t\t\t.rbs_gallery_69ff6e85447b5Spinner > div{\r\n\t\t\t  background-color: #333;\r\n\t\t\t  height: 100%;\r\n\t\t\t  width: 6px;\r\n\t\t\t  display: inline-block;\r\n\t\t\t  -webkit-animation: rbs_gallery_69ff6e85447b5-stretchdelay 1.2s infinite ease-in-out;\r\n\t\t\t  animation: rbs_gallery_69ff6e85447b5-stretchdelay 1.2s infinite ease-in-out;\r\n\t\t\t}\r\n\t\t\t.rbs_gallery_69ff6e85447b5Spinner .rbs_gallery_69ff6e85447b5Rect2 {\r\n\t\t\t  -webkit-animation-delay: -1.1s;\r\n\t\t\t  animation-delay: -1.1s;\r\n\t\t\t}\r\n\t\t\t.rbs_gallery_69ff6e85447b5Spinner .rbs_gallery_69ff6e85447b5Rect3 {\r\n\t\t\t  -webkit-animation-delay: -1.0s;\r\n\t\t\t  animation-delay: -1.0s;\r\n\t\t\t}\r\n\t\t\t.rbs_gallery_69ff6e85447b5Spinner .rbs_gallery_69ff6e85447b5Rect4 {\r\n\t\t\t  -webkit-animation-delay: -0.9s;\r\n\t\t\t  animation-delay: -0.9s;\r\n\t\t\t}\r\n\t\t\t.rbs_gallery_69ff6e85447b5Spinner .rbs_gallery_69ff6e85447b5Rect5 {\r\n\t\t\t  -webkit-animation-delay: -0.8s;\r\n\t\t\t  animation-delay: -0.8s;\r\n\t\t\t}\r\n\t\t\t@-webkit-keyframes rbs_gallery_69ff6e85447b5-stretchdelay {\r\n\t\t\t  0%, 40%, 100% { -webkit-transform: scaleY(0.4) }  \r\n\t\t\t  20% { -webkit-transform: scaleY(1.0) }\r\n\t\t\t}\r\n\t\t\t@keyframes rbs_gallery_69ff6e85447b5-stretchdelay {\r\n\t\t\t  0%, 40%, 100% { \r\n\t\t\t    transform: scaleY(0.4);\r\n\t\t\t    -webkit-transform: scaleY(0.4);\r\n\t\t\t  }  20% { \r\n\t\t\t    transform: scaleY(1.0);\r\n\t\t\t    -webkit-transform: scaleY(1.0);\r\n\t\t\t  }\r\n\t\t\t}\r\n\t\t<\/style><div class=\"robo-gallery-wrap robo-gallery-wrap-id9554 robo-gallery-grid\"><div id=\"rbs_gallery_69ff6e85447b5-block-loader\" class=\"rbs_gallery_69ff6e85447b5Spinner\"><div class=\"rbs_gallery_69ff6e85447b5Rect1\"><\/div> <div class=\"rbs_gallery_69ff6e85447b5Rect2\"><\/div> <div class=\"rbs_gallery_69ff6e85447b5Rect3\"><\/div> <div class=\"rbs_gallery_69ff6e85447b5Rect4\"><\/div> <div class=\"rbs_gallery_69ff6e85447b5Rect5\"><\/div><\/div><div id=\"robo_gallery_main_block_rbs_gallery_69ff6e85447b5\" class=\"robogallery-gallery-9554\" style=\"width:100%;margin:0 auto;  display: none;\"><div id=\"rbs_gallery_69ff6e85447b5\" data-options=\"rbs_gallery_69ff6e85447b5\" style=\"width:100%;\" class=\"robo_gallery  \"><div class=\"rbs-img  category9554 \" ><div class=\"rbs-img-image   rbs-lightbox \" ><div class=\"rbs-img-thumbs\"  data-thumbnail=\"http:\/\/sp3.tuchola.pl\/wordpress\/wp-content\/uploads\/2021\/05\/Kartka_dla_Lesnika-15.jpg\"  title=\"Kartka_dla_Lesnika-15\"  data-width=\"800\"  data-height=\"533\" ><\/div><div class=\"rbs-img-data-popup\"  data-popup=\"http:\/\/sp3.tuchola.pl\/wordpress\/wp-content\/uploads\/2021\/05\/Kartka_dla_Lesnika-15.jpg\"  title=\"Kartka_dla_Lesnika-15\"  data-alt=\"Kartka dla le\u015bnika\" ><\/div><div class=\"thumbnail-overlay\"><div class=\"rbsIcons\"><i class=\"fa fa-search-plus rbsZoomIcon \" ><\/i><\/div><\/div><\/div><\/div><div class=\"rbs-img  category9554 \" ><div class=\"rbs-img-image   rbs-lightbox \" ><div class=\"rbs-img-thumbs\"  data-thumbnail=\"http:\/\/sp3.tuchola.pl\/wordpress\/wp-content\/uploads\/2021\/05\/Kartka_dla_Lesnika-02.jpg\"  title=\"Kartka_dla_Lesnika-02\"  data-width=\"800\"  data-height=\"533\" ><\/div><div class=\"rbs-img-data-popup\"  data-popup=\"http:\/\/sp3.tuchola.pl\/wordpress\/wp-content\/uploads\/2021\/05\/Kartka_dla_Lesnika-02.jpg\"  title=\"Kartka_dla_Lesnika-02\" ><\/div><div class=\"thumbnail-overlay\"><div class=\"rbsIcons\"><i class=\"fa fa-search-plus rbsZoomIcon \" ><\/i><\/div><\/div><\/div><\/div><div class=\"rbs-img  category9554 \" ><div class=\"rbs-img-image   rbs-lightbox \" ><div class=\"rbs-img-thumbs\"  data-thumbnail=\"http:\/\/sp3.tuchola.pl\/wordpress\/wp-content\/uploads\/2021\/05\/Kartka_dla_Lesnika-03.jpg\"  title=\"Kartka_dla_Lesnika-03\"  data-width=\"355\"  data-height=\"533\" ><\/div><div class=\"rbs-img-data-popup\"  data-popup=\"http:\/\/sp3.tuchola.pl\/wordpress\/wp-content\/uploads\/2021\/05\/Kartka_dla_Lesnika-03.jpg\"  title=\"Kartka_dla_Lesnika-03\" ><\/div><div class=\"thumbnail-overlay\"><div class=\"rbsIcons\"><i class=\"fa fa-search-plus rbsZoomIcon \" ><\/i><\/div><\/div><\/div><\/div><div class=\"rbs-img  category9554 \" ><div class=\"rbs-img-image   rbs-lightbox \" ><div class=\"rbs-img-thumbs\"  data-thumbnail=\"http:\/\/sp3.tuchola.pl\/wordpress\/wp-content\/uploads\/2021\/05\/Kartka_dla_Lesnika-04.jpg\"  title=\"Kartka_dla_Lesnika-04\"  data-width=\"355\"  data-height=\"533\" ><\/div><div class=\"rbs-img-data-popup\"  data-popup=\"http:\/\/sp3.tuchola.pl\/wordpress\/wp-content\/uploads\/2021\/05\/Kartka_dla_Lesnika-04.jpg\"  title=\"Kartka_dla_Lesnika-04\" ><\/div><div class=\"thumbnail-overlay\"><div class=\"rbsIcons\"><i class=\"fa fa-search-plus rbsZoomIcon \" ><\/i><\/div><\/div><\/div><\/div><div class=\"rbs-img  category9554 \" ><div class=\"rbs-img-image   rbs-lightbox \" ><div class=\"rbs-img-thumbs\"  data-thumbnail=\"http:\/\/sp3.tuchola.pl\/wordpress\/wp-content\/uploads\/2021\/05\/Kartka_dla_Lesnika-05.jpg\"  title=\"Kartka_dla_Lesnika-05\"  data-width=\"800\"  data-height=\"533\" ><\/div><div class=\"rbs-img-data-popup\"  data-popup=\"http:\/\/sp3.tuchola.pl\/wordpress\/wp-content\/uploads\/2021\/05\/Kartka_dla_Lesnika-05.jpg\"  title=\"Kartka_dla_Lesnika-05\" ><\/div><div class=\"thumbnail-overlay\"><div class=\"rbsIcons\"><i class=\"fa fa-search-plus rbsZoomIcon \" ><\/i><\/div><\/div><\/div><\/div><div class=\"rbs-img  category9554 \" ><div class=\"rbs-img-image   rbs-lightbox \" ><div class=\"rbs-img-thumbs\"  data-thumbnail=\"http:\/\/sp3.tuchola.pl\/wordpress\/wp-content\/uploads\/2021\/05\/Kartka_dla_Lesnika-06.jpg\"  title=\"Kartka_dla_Lesnika-06\"  data-width=\"355\"  data-height=\"533\" ><\/div><div class=\"rbs-img-data-popup\"  data-popup=\"http:\/\/sp3.tuchola.pl\/wordpress\/wp-content\/uploads\/2021\/05\/Kartka_dla_Lesnika-06.jpg\"  title=\"Kartka_dla_Lesnika-06\" ><\/div><div class=\"thumbnail-overlay\"><div class=\"rbsIcons\"><i class=\"fa fa-search-plus rbsZoomIcon \" ><\/i><\/div><\/div><\/div><\/div><div class=\"rbs-img  category9554 \" ><div class=\"rbs-img-image   rbs-lightbox \" ><div class=\"rbs-img-thumbs\"  data-thumbnail=\"http:\/\/sp3.tuchola.pl\/wordpress\/wp-content\/uploads\/2021\/05\/Kartka_dla_Lesnika-07.jpg\"  title=\"Kartka_dla_Lesnika-07\"  data-width=\"800\"  data-height=\"533\" ><\/div><div class=\"rbs-img-data-popup\"  data-popup=\"http:\/\/sp3.tuchola.pl\/wordpress\/wp-content\/uploads\/2021\/05\/Kartka_dla_Lesnika-07.jpg\"  title=\"Kartka_dla_Lesnika-07\" ><\/div><div class=\"thumbnail-overlay\"><div class=\"rbsIcons\"><i class=\"fa fa-search-plus rbsZoomIcon \" ><\/i><\/div><\/div><\/div><\/div><div class=\"rbs-img  category9554 \" ><div class=\"rbs-img-image   rbs-lightbox \" ><div class=\"rbs-img-thumbs\"  data-thumbnail=\"http:\/\/sp3.tuchola.pl\/wordpress\/wp-content\/uploads\/2021\/05\/Kartka_dla_Lesnika-08.jpg\"  title=\"Kartka_dla_Lesnika-08\"  data-width=\"800\"  data-height=\"533\" ><\/div><div class=\"rbs-img-data-popup\"  data-popup=\"http:\/\/sp3.tuchola.pl\/wordpress\/wp-content\/uploads\/2021\/05\/Kartka_dla_Lesnika-08.jpg\"  title=\"Kartka_dla_Lesnika-08\" ><\/div><div class=\"thumbnail-overlay\"><div class=\"rbsIcons\"><i class=\"fa fa-search-plus rbsZoomIcon \" ><\/i><\/div><\/div><\/div><\/div><div class=\"rbs-img  category9554 \" ><div class=\"rbs-img-image   rbs-lightbox \" ><div class=\"rbs-img-thumbs\"  data-thumbnail=\"http:\/\/sp3.tuchola.pl\/wordpress\/wp-content\/uploads\/2021\/05\/Kartka_dla_Lesnika-09.jpg\"  title=\"Kartka_dla_Lesnika-09\"  data-width=\"800\"  data-height=\"533\" ><\/div><div class=\"rbs-img-data-popup\"  data-popup=\"http:\/\/sp3.tuchola.pl\/wordpress\/wp-content\/uploads\/2021\/05\/Kartka_dla_Lesnika-09.jpg\"  title=\"Kartka_dla_Lesnika-09\" ><\/div><div class=\"thumbnail-overlay\"><div class=\"rbsIcons\"><i class=\"fa fa-search-plus rbsZoomIcon \" ><\/i><\/div><\/div><\/div><\/div><div class=\"rbs-img  category9554 \" ><div class=\"rbs-img-image   rbs-lightbox \" ><div class=\"rbs-img-thumbs\"  data-thumbnail=\"http:\/\/sp3.tuchola.pl\/wordpress\/wp-content\/uploads\/2021\/05\/Kartka_dla_Lesnika-10.jpg\"  title=\"Kartka_dla_Lesnika-10\"  data-width=\"800\"  data-height=\"533\" ><\/div><div class=\"rbs-img-data-popup\"  data-popup=\"http:\/\/sp3.tuchola.pl\/wordpress\/wp-content\/uploads\/2021\/05\/Kartka_dla_Lesnika-10.jpg\"  title=\"Kartka_dla_Lesnika-10\" ><\/div><div class=\"thumbnail-overlay\"><div class=\"rbsIcons\"><i class=\"fa fa-search-plus rbsZoomIcon \" ><\/i><\/div><\/div><\/div><\/div><div class=\"rbs-img  category9554 \" ><div class=\"rbs-img-image   rbs-lightbox \" ><div class=\"rbs-img-thumbs\"  data-thumbnail=\"http:\/\/sp3.tuchola.pl\/wordpress\/wp-content\/uploads\/2021\/05\/Kartka_dla_Lesnika-11.jpg\"  title=\"Kartka_dla_Lesnika-11\"  data-width=\"355\"  data-height=\"533\" ><\/div><div class=\"rbs-img-data-popup\"  data-popup=\"http:\/\/sp3.tuchola.pl\/wordpress\/wp-content\/uploads\/2021\/05\/Kartka_dla_Lesnika-11.jpg\"  title=\"Kartka_dla_Lesnika-11\" ><\/div><div class=\"thumbnail-overlay\"><div class=\"rbsIcons\"><i class=\"fa fa-search-plus rbsZoomIcon \" ><\/i><\/div><\/div><\/div><\/div><div class=\"rbs-img  category9554 \" ><div class=\"rbs-img-image   rbs-lightbox \" ><div class=\"rbs-img-thumbs\"  data-thumbnail=\"http:\/\/sp3.tuchola.pl\/wordpress\/wp-content\/uploads\/2021\/05\/Kartka_dla_Lesnika-12.jpg\"  title=\"Kartka_dla_Lesnika-12\"  data-width=\"800\"  data-height=\"533\" ><\/div><div class=\"rbs-img-data-popup\"  data-popup=\"http:\/\/sp3.tuchola.pl\/wordpress\/wp-content\/uploads\/2021\/05\/Kartka_dla_Lesnika-12.jpg\"  title=\"Kartka_dla_Lesnika-12\" ><\/div><div class=\"thumbnail-overlay\"><div class=\"rbsIcons\"><i class=\"fa fa-search-plus rbsZoomIcon \" ><\/i><\/div><\/div><\/div><\/div><div class=\"rbs-img  category9554 \" ><div class=\"rbs-img-image   rbs-lightbox \" ><div class=\"rbs-img-thumbs\"  data-thumbnail=\"http:\/\/sp3.tuchola.pl\/wordpress\/wp-content\/uploads\/2021\/05\/Kartka_dla_Lesnika-13.jpg\"  title=\"Kartka_dla_Lesnika-13\"  data-width=\"355\"  data-height=\"533\" ><\/div><div class=\"rbs-img-data-popup\"  data-popup=\"http:\/\/sp3.tuchola.pl\/wordpress\/wp-content\/uploads\/2021\/05\/Kartka_dla_Lesnika-13.jpg\"  title=\"Kartka_dla_Lesnika-13\" ><\/div><div class=\"thumbnail-overlay\"><div class=\"rbsIcons\"><i class=\"fa fa-search-plus rbsZoomIcon \" ><\/i><\/div><\/div><\/div><\/div><div class=\"rbs-img  category9554 \" ><div class=\"rbs-img-image   rbs-lightbox \" ><div class=\"rbs-img-thumbs\"  data-thumbnail=\"http:\/\/sp3.tuchola.pl\/wordpress\/wp-content\/uploads\/2021\/05\/Kartka_dla_Lesnika-14.jpg\"  title=\"Kartka_dla_Lesnika-14\"  data-width=\"800\"  data-height=\"533\" ><\/div><div class=\"rbs-img-data-popup\"  data-popup=\"http:\/\/sp3.tuchola.pl\/wordpress\/wp-content\/uploads\/2021\/05\/Kartka_dla_Lesnika-14.jpg\"  title=\"Kartka_dla_Lesnika-14\" ><\/div><div class=\"thumbnail-overlay\"><div class=\"rbsIcons\"><i class=\"fa fa-search-plus rbsZoomIcon \" ><\/i><\/div><\/div><\/div><\/div><div class=\"rbs-img  category9554 \" ><div class=\"rbs-img-image   rbs-lightbox \" ><div class=\"rbs-img-thumbs\"  data-thumbnail=\"http:\/\/sp3.tuchola.pl\/wordpress\/wp-content\/uploads\/2021\/05\/Kartka_dla_Lesnika-16.jpg\"  title=\"Kartka_dla_Lesnika-16\"  data-width=\"800\"  data-height=\"533\" ><\/div><div class=\"rbs-img-data-popup\"  data-popup=\"http:\/\/sp3.tuchola.pl\/wordpress\/wp-content\/uploads\/2021\/05\/Kartka_dla_Lesnika-16.jpg\"  title=\"Kartka_dla_Lesnika-16\" ><\/div><div class=\"thumbnail-overlay\"><div class=\"rbsIcons\"><i class=\"fa fa-search-plus rbsZoomIcon \" ><\/i><\/div><\/div><\/div><\/div><div class=\"rbs-img  category9554 \" ><div class=\"rbs-img-image   rbs-lightbox \" ><div class=\"rbs-img-thumbs\"  data-thumbnail=\"http:\/\/sp3.tuchola.pl\/wordpress\/wp-content\/uploads\/2021\/05\/Kartka_dla_Lesnika-17.jpg\"  title=\"Kartka_dla_Lesnika-17\"  data-width=\"800\"  data-height=\"533\" ><\/div><div class=\"rbs-img-data-popup\"  data-popup=\"http:\/\/sp3.tuchola.pl\/wordpress\/wp-content\/uploads\/2021\/05\/Kartka_dla_Lesnika-17.jpg\"  title=\"Kartka_dla_Lesnika-17\" ><\/div><div class=\"thumbnail-overlay\"><div class=\"rbsIcons\"><i class=\"fa fa-search-plus rbsZoomIcon \" ><\/i><\/div><\/div><\/div><\/div><div class=\"rbs-img  category9554 \" ><div class=\"rbs-img-image   rbs-lightbox \" ><div class=\"rbs-img-thumbs\"  data-thumbnail=\"http:\/\/sp3.tuchola.pl\/wordpress\/wp-content\/uploads\/2021\/05\/Kartka_dla_Lesnika-18.jpg\"  title=\"Kartka_dla_Lesnika-18\"  data-width=\"800\"  data-height=\"533\" ><\/div><div class=\"rbs-img-data-popup\"  data-popup=\"http:\/\/sp3.tuchola.pl\/wordpress\/wp-content\/uploads\/2021\/05\/Kartka_dla_Lesnika-18.jpg\"  title=\"Kartka_dla_Lesnika-18\" ><\/div><div class=\"thumbnail-overlay\"><div class=\"rbsIcons\"><i class=\"fa fa-search-plus rbsZoomIcon \" ><\/i><\/div><\/div><\/div><\/div><div class=\"rbs-img  category9554 \" ><div class=\"rbs-img-image   rbs-lightbox \" ><div class=\"rbs-img-thumbs\"  data-thumbnail=\"http:\/\/sp3.tuchola.pl\/wordpress\/wp-content\/uploads\/2021\/05\/Kartka_dla_Lesnika-19.jpg\"  title=\"Kartka_dla_Lesnika-19\"  data-width=\"800\"  data-height=\"533\" ><\/div><div class=\"rbs-img-data-popup\"  data-popup=\"http:\/\/sp3.tuchola.pl\/wordpress\/wp-content\/uploads\/2021\/05\/Kartka_dla_Lesnika-19.jpg\"  title=\"Kartka_dla_Lesnika-19\" ><\/div><div class=\"thumbnail-overlay\"><div class=\"rbsIcons\"><i class=\"fa fa-search-plus rbsZoomIcon \" ><\/i><\/div><\/div><\/div><\/div><\/div><\/div><\/div><script>var rbs_gallery_69ff6e85447b5 = {\"version\":\"3.0.2\",\"id\":9554,\"class\":\"id9554\",\"roboGalleryDelay\":1000,\"mainContainer\":\"#robo_gallery_main_block_rbs_gallery_69ff6e85447b5\",\"columnWidth\":\"auto\",\"columns\":3,\"resolutions\":[{\"columnWidth\":\"auto\",\"columns\":3,\"maxWidth\":960},{\"columnWidth\":\"auto\",\"columns\":2,\"maxWidth\":650},{\"columnWidth\":\"auto\",\"columns\":1,\"maxWidth\":450}],\"loadingContainer\":\"#rbs_gallery_69ff6e85447b5-block-loader\",\"deepLinking\":null,\"hideTitle\":true,\"lightboxOptions\":{\"gallery\":{\"enabled\":true,\"tCounter\":\"%curr% of %total%\"}},\"overlayEffect\":\"direction-aware-fade\",\"boxesToLoadStart\":12,\"boxesToLoad\":8,\"lazyLoad\":1,\"waitUntilThumbLoads\":1,\"waitForAllThumbsNoMatterWhat\":null,\"LoadingWord\":\"Loading...\",\"loadMoreWord\":\"Load More\",\"noMoreEntriesWord\":\"No More Entries\",\"horizontalSpaceBetweenBoxes\":15,\"verticalSpaceBetweenBoxes\":15,\"wrapContainer\":\"#robo-gallery-wrap-rbs_gallery_69ff6e85447b5\"};<\/script>","protected":false},"excerpt":{"rendered":"","protected":false},"author":1,"featured_media":0,"parent":90,"menu_order":0,"comment_status":"closed","ping_status":"closed","template":"","meta":[],"_links":{"self":[{"href":"http:\/\/sp3.tuchola.pl\/wordpress\/index.php?rest_route=\/wp\/v2\/pages\/9552"}],"collection":[{"href":"http:\/\/sp3.tuchola.pl\/wordpress\/index.php?rest_route=\/wp\/v2\/pages"}],"about":[{"href":"http:\/\/sp3.tuchola.pl\/wordpress\/index.php?rest_route=\/wp\/v2\/types\/page"}],"author":[{"embeddable":true,"href":"http:\/\/sp3.tuchola.pl\/wordpress\/index.php?rest_route=\/wp\/v2\/users\/1"}],"replies":[{"embeddable":true,"href":"http:\/\/sp3.tuchola.pl\/wordpress\/index.php?rest_route=%2Fwp%2Fv2%2Fcomments&post=9552"}],"version-history":[{"count":2,"href":"http:\/\/sp3.tuchola.pl\/wordpress\/index.php?rest_route=\/wp\/v2\/pages\/9552\/revisions"}],"predecessor-version":[{"id":9575,"href":"http:\/\/sp3.tuchola.pl\/wordpress\/index.php?rest_route=\/wp\/v2\/pages\/9552\/revisions\/9575"}],"up":[{"embeddable":true,"href":"http:\/\/sp3.tuchola.pl\/wordpress\/index.php?rest_route=\/wp\/v2\/pages\/90"}],"wp:attachment":[{"href":"http:\/\/sp3.tuchola.pl\/wordpress\/index.php?rest_route=%2Fwp%2Fv2%2Fmedia&parent=9552"}],"curies":[{"name":"wp","href":"https:\/\/api.w.org\/{rel}","templated":true}]}}