{"id":8892,"date":"2020-09-16T17:02:34","date_gmt":"2020-09-16T15:02:34","guid":{"rendered":"http:\/\/sp3.tuchola.pl\/wordpress\/?page_id=8892"},"modified":"2021-03-17T12:47:15","modified_gmt":"2021-03-17T11:47:15","slug":"deklaracja-dostepnosci","status":"publish","type":"page","link":"http:\/\/sp3.tuchola.pl\/wordpress\/?page_id=8892","title":{"rendered":"DEKLARACJA DOST\u0118PNO\u015aCI"},"content":{"rendered":"\n<p><\/p>\n\n\n\n<p>WST\u0118P:<\/p>\n\n\n\n<p>Szko\u0142a Podstawowa nr 3 im. M. Kopernika w Tucholi zobowi\u0105zuje si\u0119 zapewni\u0107 dost\u0119pno\u015b\u0107 swojej strony internetowej zgodnie z przepisami ustawy z dnia 4 kwietnia 2019 r. o dost\u0119pno\u015bci cyfrowej stron internetowych i aplikacji mobilnych podmiot\u00f3w publicznych. O\u015bwiadczenie w sprawie dost\u0119pno\u015bci ma zastosowanie do strony internetowej <a href=\"http:\/\/sp3.tuchola.pl\">http:\/\/sp3.tuchola.pl<\/a><\/p>\n\n\n\n<p>Dane teleadresowe jednostki:<br>Szko\u0142a Podstawowa nr 3 im. M. Kopernika w Tucholi<br>ul. Pocztowa 10<br>89-500 Tuchola<\/p>\n\n\n\n<p>Telefon: 52 3342176<br>Faks: 52 3342176<br>E-mail: sp3t@wp.pl<\/p>\n\n\n\n<p>Adres Elektronicznej Skrzynki Podawczej szko\u0142y: \u00a0<strong>\/sp3_tuchola\/Sk\u0142ad_ESP<\/strong><\/p>\n\n\n\n<p><strong>Data publikacji strony internetowej:<\/strong> 2014-09-01<\/p>\n\n\n\n<p><strong>Data ostatniej istotnej aktualizacji:<\/strong> 2019-09-30<\/p>\n\n\n\n<p><strong>STATUS POD WZGL\u0118DEM ZGODNO\u015aCI Z USTAW\u0104:<\/strong><\/p>\n\n\n\n<p>Strona internetowa jest cz\u0119\u015bciowo zgodna z ustaw\u0105 z dnia 4 kwietnia 2019 r. o dost\u0119pno\u015bci cyfrowej stron internetowych i aplikacji mobilnych podmiot\u00f3w publicznych z powodu niezgodno\u015bci lub wy\u0142\u0105cze\u0144 wymienionych poni\u017cej:<\/p>\n\n\n\n<p>&#8211; filmy nie posiadaj\u0105 napis\u00f3w dla os\u00f3b g\u0142uchych,<br>&#8211; zdj\u0119cia z wydarze\u0144 nie posiadaj\u0105 opis\u00f3w alternatywnych,<br>&#8211; brak mapy strony,<br>&#8211; dokumenty w formacie PDF nie s\u0105 dokumentami edytowalnymi,<br>&#8211; niekt\u00f3re pliki nie s\u0105 dost\u0119pne cyfrowo,<\/p>\n\n\n\n<p><strong>INFORMACJE DODATKOWE \u2013 STRONA POSIADA:<\/strong><\/p>\n\n\n\n<p>Narz\u0119dzie u\u0142atwie\u0144 dost\u0119pu, a w nim nast\u0119puj\u0105ce mo\u017cliwo\u015bci:<\/p>\n\n\n\n<p>&#8211; zaznaczanie nag\u0142\u00f3wk\u00f3w,<\/p>\n\n\n\n<p>&#8211; zmian\u0119 koloru t\u0142a,<\/p>\n\n\n\n<p>&#8211; zmian\u0119 rozmiaru element\u00f3w strony i czcionki,<\/p>\n\n\n\n<p>&#8211; zmian\u0119 kontrastu,<\/p>\n\n\n\n<p>&#8211; podkre\u015blanie i zaznaczanie link\u00f3w.<\/p>\n\n\n\n<p>Na stronie internetowej mo\u017cna u\u017cywa\u0107 standardowych skr\u00f3t\u00f3w klawiaturowych przegl\u0105darki.<\/p>\n\n\n\n<p><strong>DATA SPORZ\u0104DZENIA DEKLARACJI:<\/strong><\/p>\n\n\n\n<p>Deklaracje&nbsp; sporz\u0105dzono dnia 16-09-2020 r.<\/p>\n\n\n\n<p>Deklaracj\u0119&nbsp; sporz\u0105dzono na&nbsp; podstawie samooceny przeprowadzonej przez&nbsp; pracownika&nbsp; Szko\u0142y Podstawowej nr 3 im. M. Kopernika w Tucholi.<\/p>\n\n\n\n<p>KONTAKT I INFORMACJE ZWROTNE:<\/p>\n\n\n\n<p>Osoba do kontaktu w sprawie dost\u0119pno\u015bci: Krzysztof Karnowski<\/p>\n\n\n\n<p>e-mail:<a href=\"http:\/\/sp16gdynia.pl\/deklaracja-dostepnosci\/%E2%80%9Dmailto:\"> <\/a><a href=\"mailto:kakaefka@gmail.com\" data-type=\"mailto\" data-id=\"mailto:kakaefka@gmail.com\">kakaefka@gmail.com<\/a><\/p>\n\n\n\n<p>lub skontaktowa\u0107 si\u0119 z sekretariatem szko\u0142y: <a href=\"mailto: sp3_sekretariat@wp.pl\" data-type=\"mailto\" data-id=\"mailto: sp3_sekretariat@wp.pl\">sp3_sekretariat@wp.pl<\/a><\/p>\n\n\n\n<p>telefon: 52 3342176<\/p>\n\n\n\n<p>T\u0105 sam\u0105 drog\u0105 mo\u017cna sk\u0142ada\u0107 wnioski o udost\u0119pnienie informacji niedost\u0119pnej oraz sk\u0142ada\u0107 \u017c\u0105dania zapewnienia dost\u0119pno\u015bci.<\/p>\n\n\n\n<p><strong>PROCEDURA WNIOSKOWO-SKARGOWA<\/strong><\/p>\n\n\n\n<p>Ka\u017cdy ma prawo do wyst\u0105pienia z \u017c\u0105daniem zapewnienia dost\u0119pno\u015bci cyfrowej strony internetowej, aplikacji mobilnej lub jakiego\u015b ich elementu. Mo\u017cna tak\u017ce za\u017c\u0105da\u0107 udost\u0119pnienia informacji za pomoc\u0105 alternatywnego sposobu dost\u0119pu, na przyk\u0142ad przez odczytanie niedost\u0119pnego cyfrowo dokumentu, opisanie zawarto\u015bci filmu bez audiodeskrypcji itp. \u017b\u0105danie powinno zawiera\u0107 dane osoby zg\u0142aszaj\u0105cej \u017c\u0105danie, wskazanie, o kt\u00f3r\u0105 stron\u0119 internetow\u0105 lub aplikacj\u0119 mobiln\u0105 chodzi oraz spos\u00f3b kontaktu. Je\u017celi osoba \u017c\u0105daj\u0105ca zg\u0142asza potrzeb\u0119 otrzymania informacji za pomoc\u0105 alternatywnego sposobu dost\u0119pu, powinna tak\u017ce okre\u015bli\u0107 dogodny dla niej spos\u00f3b przedstawienia tej informacji. Podmiot publiczny powinien zrealizowa\u0107 \u017c\u0105danie niezw\u0142ocznie, nie p\u00f3\u017aniej ni\u017c w ci\u0105gu 7 dni od dnia wyst\u0105pienia z \u017c\u0105daniem. Je\u017celi dotrzymanie tego terminu nie jest mo\u017cliwe, podmiot publiczny niezw\u0142ocznie informuje o tym wnosz\u0105cego \u017c\u0105danie, kiedy realizacja \u017c\u0105dania b\u0119dzie mo\u017cliwa, przy czym termin ten nie mo\u017ce by\u0107 d\u0142u\u017cszy ni\u017c 2 miesi\u0105ce od dnia wyst\u0105pienia z \u017c\u0105daniem. Je\u017celi zapewnienie dost\u0119pno\u015bci cyfrowej nie jest mo\u017cliwe, podmiot publiczny mo\u017ce zaproponowa\u0107 alternatywny spos\u00f3b dost\u0119pu do informacji. W przypadku, gdy podmiot publiczny odm\u00f3wi realizacji \u017c\u0105dania zapewnienia dost\u0119pno\u015bci lub alternatywnego sposobu dost\u0119pu do informacji, wnosz\u0105cy \u017c\u0105danie mo\u017cne z\u0142o\u017cy\u0107 skarg\u0119 w sprawie zapewniana dost\u0119pno\u015bci cyfrowej strony internetowej, aplikacji mobilnej lub elementu strony internetowej, lub aplikacji mobilnej. Po wyczerpaniu wskazanej wy\u017cej procedury mo\u017cna tak\u017ce z\u0142o\u017cy\u0107 wniosek do Rzecznika Praw Obywatelskich: <a href=\"http:\/\/www.rpo.gov.pl\" data-type=\"URL\" data-id=\"www.rpo.gov.pl\">www.rpo.gov.pl<\/a><\/p>\n\n\n\n<p><strong>DOST\u0118PNO\u015a\u0106 ARCHITEKTONICZNA<\/strong><\/p>\n\n\n\n<p>1. Do budynku szko\u0142y prowadz\u0105:&nbsp;<\/p>\n\n\n\n<p>&#8211; g\u0142\u00f3wne wej\u015bcie znajduj\u0105ce si\u0119 od ulicy Pocztowej, bez podjazdu dla niepe\u0142nosprawnych.<br>&#8211; boczne wej\u015bcie od ulicy Karasiewicza wyposa\u017cone w podjazd dla niepe\u0142nosprawnych.<br>Nad wej\u015bciami nie ma g\u0142o\u015bnik\u00f3w systemu naprowadzaj\u0105cego d\u017awi\u0119kowo osoby niewidome i s\u0142abowidz\u0105ce.<\/p>\n\n\n\n<p>2. Na terenie szko\u0142y s\u0105 miejsca parkingowe.<\/p>\n\n\n\n<p>3. Osobami oddelegowanymi do udzielania informacji przy wej\u015bciu g\u0142\u00f3wnym s\u0105 pracownicy obs\u0142ugi.<\/p>\n\n\n\n<p>4. Na ka\u017cdym poziomie budynku znajduje si\u0119 korytarz. Budynek nie posiada wind.<\/p>\n\n\n\n<p>5. W budynku nie ma dostosowa\u0144 dla os\u00f3b niepe\u0142nosprawnych (toalety, barierki).<\/p>\n\n\n\n<p>6. Do szko\u0142y mo\u017ce wej\u015b\u0107 osoba z psem asystuj\u0105cym i psem przewodnikiem.<\/p>\n\n\n\n<p>7. W szkole nie ma mo\u017cliwo\u015bci skorzystania z t\u0142umacza j\u0119zyka migowego.<br><\/p>\n\n\n\n<div class=\"wp-block-file\"><a href=\"http:\/\/sp3.tuchola.pl\/wordpress\/wp-content\/uploads\/2021\/03\/Raport-o-stanie-zapewniania-dostepnosci-podmiotu-publicznego.pdf\">Raport o stanie zapewniania dost\u0119pno\u015bci podmiotu publicznego<\/a><a href=\"http:\/\/sp3.tuchola.pl\/wordpress\/wp-content\/uploads\/2021\/03\/Raport-o-stanie-zapewniania-dostepnosci-podmiotu-publicznego.pdf\" class=\"wp-block-file__button\" download>Pobierz<\/a><\/div>\n\n\n\n<p><\/p>\n","protected":false},"excerpt":{"rendered":"<p>WST\u0118P: Szko\u0142a Podstawowa nr 3 im. M. Kopernika w Tucholi zobowi\u0105zuje si\u0119 zapewni\u0107 dost\u0119pno\u015b\u0107 swojej strony internetowej zgodnie z przepisami ustawy z dnia 4 kwietnia 2019 r. o dost\u0119pno\u015bci cyfrowej stron internetowych i aplikacji mobilnych podmiot\u00f3w publicznych. O\u015bwiadczenie w sprawie dost\u0119pno\u015bci ma zastosowanie do strony internetowej http:\/\/sp3.tuchola.pl Dane teleadresowe jednostki:Szko\u0142a Podstawowa nr 3 im. M. [&hellip;]<\/p>\n","protected":false},"author":1,"featured_media":0,"parent":2,"menu_order":0,"comment_status":"closed","ping_status":"closed","template":"","meta":[],"_links":{"self":[{"href":"http:\/\/sp3.tuchola.pl\/wordpress\/index.php?rest_route=\/wp\/v2\/pages\/8892"}],"collection":[{"href":"http:\/\/sp3.tuchola.pl\/wordpress\/index.php?rest_route=\/wp\/v2\/pages"}],"about":[{"href":"http:\/\/sp3.tuchola.pl\/wordpress\/index.php?rest_route=\/wp\/v2\/types\/page"}],"author":[{"embeddable":true,"href":"http:\/\/sp3.tuchola.pl\/wordpress\/index.php?rest_route=\/wp\/v2\/users\/1"}],"replies":[{"embeddable":true,"href":"http:\/\/sp3.tuchola.pl\/wordpress\/index.php?rest_route=%2Fwp%2Fv2%2Fcomments&post=8892"}],"version-history":[{"count":5,"href":"http:\/\/sp3.tuchola.pl\/wordpress\/index.php?rest_route=\/wp\/v2\/pages\/8892\/revisions"}],"predecessor-version":[{"id":9485,"href":"http:\/\/sp3.tuchola.pl\/wordpress\/index.php?rest_route=\/wp\/v2\/pages\/8892\/revisions\/9485"}],"up":[{"embeddable":true,"href":"http:\/\/sp3.tuchola.pl\/wordpress\/index.php?rest_route=\/wp\/v2\/pages\/2"}],"wp:attachment":[{"href":"http:\/\/sp3.tuchola.pl\/wordpress\/index.php?rest_route=%2Fwp%2Fv2%2Fmedia&parent=8892"}],"curies":[{"name":"wp","href":"https:\/\/api.w.org\/{rel}","templated":true}]}}