{"id":8324,"date":"2020-01-16T12:27:12","date_gmt":"2020-01-16T11:27:12","guid":{"rendered":"http:\/\/sp3.tuchola.pl\/wordpress\/?page_id=8324"},"modified":"2020-01-16T12:27:12","modified_gmt":"2020-01-16T11:27:12","slug":"maly-ksiaze-przedstawienie-klasy-viib-16-01-2020","status":"publish","type":"page","link":"http:\/\/sp3.tuchola.pl\/wordpress\/?page_id=8324","title":{"rendered":"&#8222;Ma\u0142y Ksi\u0105\u017c\u0119&#8221; &#8211; przedstawienie klasy VIIB &#8211; 16.01.2020"},"content":{"rendered":"\n<figure class=\"wp-block-gallery columns-4\"><ul class=\"blocks-gallery-grid\"><li class=\"blocks-gallery-item\"><figure><a href=\"http:\/\/sp3.tuchola.pl\/wordpress\/wp-content\/uploads\/2020\/01\/mk00.jpg\"><img loading=\"lazy\" width=\"800\" height=\"533\" src=\"http:\/\/sp3.tuchola.pl\/wordpress\/wp-content\/uploads\/2020\/01\/mk00.jpg\" alt=\"\" data-id=\"8325\" data-full-url=\"http:\/\/sp3.tuchola.pl\/wordpress\/wp-content\/uploads\/2020\/01\/mk00.jpg\" data-link=\"http:\/\/sp3.tuchola.pl\/wordpress\/?attachment_id=8325\" class=\"wp-image-8325\" srcset=\"http:\/\/sp3.tuchola.pl\/wordpress\/wp-content\/uploads\/2020\/01\/mk00.jpg 800w, http:\/\/sp3.tuchola.pl\/wordpress\/wp-content\/uploads\/2020\/01\/mk00-300x200.jpg 300w, http:\/\/sp3.tuchola.pl\/wordpress\/wp-content\/uploads\/2020\/01\/mk00-768x512.jpg 768w\" sizes=\"(max-width: 800px) 100vw, 800px\" \/><\/a><\/figure><\/li><li class=\"blocks-gallery-item\"><figure><a href=\"http:\/\/sp3.tuchola.pl\/wordpress\/wp-content\/uploads\/2020\/01\/mk01.jpg\"><img loading=\"lazy\" width=\"800\" height=\"533\" src=\"http:\/\/sp3.tuchola.pl\/wordpress\/wp-content\/uploads\/2020\/01\/mk01.jpg\" alt=\"\" data-id=\"8326\" data-full-url=\"http:\/\/sp3.tuchola.pl\/wordpress\/wp-content\/uploads\/2020\/01\/mk01.jpg\" data-link=\"http:\/\/sp3.tuchola.pl\/wordpress\/?attachment_id=8326\" class=\"wp-image-8326\" srcset=\"http:\/\/sp3.tuchola.pl\/wordpress\/wp-content\/uploads\/2020\/01\/mk01.jpg 800w, http:\/\/sp3.tuchola.pl\/wordpress\/wp-content\/uploads\/2020\/01\/mk01-300x200.jpg 300w, http:\/\/sp3.tuchola.pl\/wordpress\/wp-content\/uploads\/2020\/01\/mk01-768x512.jpg 768w\" sizes=\"(max-width: 800px) 100vw, 800px\" \/><\/a><\/figure><\/li><li class=\"blocks-gallery-item\"><figure><a href=\"http:\/\/sp3.tuchola.pl\/wordpress\/wp-content\/uploads\/2020\/01\/mk02.jpg\"><img loading=\"lazy\" width=\"800\" height=\"533\" src=\"http:\/\/sp3.tuchola.pl\/wordpress\/wp-content\/uploads\/2020\/01\/mk02.jpg\" alt=\"\" data-id=\"8327\" data-full-url=\"http:\/\/sp3.tuchola.pl\/wordpress\/wp-content\/uploads\/2020\/01\/mk02.jpg\" data-link=\"http:\/\/sp3.tuchola.pl\/wordpress\/?attachment_id=8327\" class=\"wp-image-8327\" srcset=\"http:\/\/sp3.tuchola.pl\/wordpress\/wp-content\/uploads\/2020\/01\/mk02.jpg 800w, http:\/\/sp3.tuchola.pl\/wordpress\/wp-content\/uploads\/2020\/01\/mk02-300x200.jpg 300w, http:\/\/sp3.tuchola.pl\/wordpress\/wp-content\/uploads\/2020\/01\/mk02-768x512.jpg 768w\" sizes=\"(max-width: 800px) 100vw, 800px\" \/><\/a><\/figure><\/li><li class=\"blocks-gallery-item\"><figure><a href=\"http:\/\/sp3.tuchola.pl\/wordpress\/wp-content\/uploads\/2020\/01\/mk03.jpg\"><img loading=\"lazy\" width=\"800\" height=\"533\" src=\"http:\/\/sp3.tuchola.pl\/wordpress\/wp-content\/uploads\/2020\/01\/mk03.jpg\" alt=\"\" data-id=\"8328\" data-full-url=\"http:\/\/sp3.tuchola.pl\/wordpress\/wp-content\/uploads\/2020\/01\/mk03.jpg\" data-link=\"http:\/\/sp3.tuchola.pl\/wordpress\/?attachment_id=8328\" class=\"wp-image-8328\" srcset=\"http:\/\/sp3.tuchola.pl\/wordpress\/wp-content\/uploads\/2020\/01\/mk03.jpg 800w, http:\/\/sp3.tuchola.pl\/wordpress\/wp-content\/uploads\/2020\/01\/mk03-300x200.jpg 300w, http:\/\/sp3.tuchola.pl\/wordpress\/wp-content\/uploads\/2020\/01\/mk03-768x512.jpg 768w\" sizes=\"(max-width: 800px) 100vw, 800px\" \/><\/a><\/figure><\/li><li class=\"blocks-gallery-item\"><figure><a href=\"http:\/\/sp3.tuchola.pl\/wordpress\/wp-content\/uploads\/2020\/01\/mk04.jpg\"><img loading=\"lazy\" width=\"800\" height=\"533\" src=\"http:\/\/sp3.tuchola.pl\/wordpress\/wp-content\/uploads\/2020\/01\/mk04.jpg\" alt=\"\" data-id=\"8329\" data-full-url=\"http:\/\/sp3.tuchola.pl\/wordpress\/wp-content\/uploads\/2020\/01\/mk04.jpg\" data-link=\"http:\/\/sp3.tuchola.pl\/wordpress\/?attachment_id=8329\" class=\"wp-image-8329\" srcset=\"http:\/\/sp3.tuchola.pl\/wordpress\/wp-content\/uploads\/2020\/01\/mk04.jpg 800w, http:\/\/sp3.tuchola.pl\/wordpress\/wp-content\/uploads\/2020\/01\/mk04-300x200.jpg 300w, http:\/\/sp3.tuchola.pl\/wordpress\/wp-content\/uploads\/2020\/01\/mk04-768x512.jpg 768w\" sizes=\"(max-width: 800px) 100vw, 800px\" \/><\/a><\/figure><\/li><li class=\"blocks-gallery-item\"><figure><a href=\"http:\/\/sp3.tuchola.pl\/wordpress\/wp-content\/uploads\/2020\/01\/mk05.jpg\"><img loading=\"lazy\" width=\"800\" height=\"533\" src=\"http:\/\/sp3.tuchola.pl\/wordpress\/wp-content\/uploads\/2020\/01\/mk05.jpg\" alt=\"\" data-id=\"8330\" data-full-url=\"http:\/\/sp3.tuchola.pl\/wordpress\/wp-content\/uploads\/2020\/01\/mk05.jpg\" data-link=\"http:\/\/sp3.tuchola.pl\/wordpress\/?attachment_id=8330\" class=\"wp-image-8330\" srcset=\"http:\/\/sp3.tuchola.pl\/wordpress\/wp-content\/uploads\/2020\/01\/mk05.jpg 800w, http:\/\/sp3.tuchola.pl\/wordpress\/wp-content\/uploads\/2020\/01\/mk05-300x200.jpg 300w, http:\/\/sp3.tuchola.pl\/wordpress\/wp-content\/uploads\/2020\/01\/mk05-768x512.jpg 768w\" sizes=\"(max-width: 800px) 100vw, 800px\" \/><\/a><\/figure><\/li><li class=\"blocks-gallery-item\"><figure><a href=\"http:\/\/sp3.tuchola.pl\/wordpress\/wp-content\/uploads\/2020\/01\/mk06.jpg\"><img loading=\"lazy\" width=\"800\" height=\"533\" src=\"http:\/\/sp3.tuchola.pl\/wordpress\/wp-content\/uploads\/2020\/01\/mk06.jpg\" alt=\"\" data-id=\"8331\" data-full-url=\"http:\/\/sp3.tuchola.pl\/wordpress\/wp-content\/uploads\/2020\/01\/mk06.jpg\" data-link=\"http:\/\/sp3.tuchola.pl\/wordpress\/?attachment_id=8331\" class=\"wp-image-8331\" srcset=\"http:\/\/sp3.tuchola.pl\/wordpress\/wp-content\/uploads\/2020\/01\/mk06.jpg 800w, http:\/\/sp3.tuchola.pl\/wordpress\/wp-content\/uploads\/2020\/01\/mk06-300x200.jpg 300w, http:\/\/sp3.tuchola.pl\/wordpress\/wp-content\/uploads\/2020\/01\/mk06-768x512.jpg 768w\" sizes=\"(max-width: 800px) 100vw, 800px\" \/><\/a><\/figure><\/li><li class=\"blocks-gallery-item\"><figure><a href=\"http:\/\/sp3.tuchola.pl\/wordpress\/wp-content\/uploads\/2020\/01\/mk07.jpg\"><img loading=\"lazy\" width=\"800\" height=\"533\" src=\"http:\/\/sp3.tuchola.pl\/wordpress\/wp-content\/uploads\/2020\/01\/mk07.jpg\" alt=\"\" data-id=\"8332\" data-full-url=\"http:\/\/sp3.tuchola.pl\/wordpress\/wp-content\/uploads\/2020\/01\/mk07.jpg\" data-link=\"http:\/\/sp3.tuchola.pl\/wordpress\/?attachment_id=8332\" class=\"wp-image-8332\" srcset=\"http:\/\/sp3.tuchola.pl\/wordpress\/wp-content\/uploads\/2020\/01\/mk07.jpg 800w, http:\/\/sp3.tuchola.pl\/wordpress\/wp-content\/uploads\/2020\/01\/mk07-300x200.jpg 300w, http:\/\/sp3.tuchola.pl\/wordpress\/wp-content\/uploads\/2020\/01\/mk07-768x512.jpg 768w\" sizes=\"(max-width: 800px) 100vw, 800px\" \/><\/a><\/figure><\/li><li class=\"blocks-gallery-item\"><figure><a href=\"http:\/\/sp3.tuchola.pl\/wordpress\/wp-content\/uploads\/2020\/01\/mk08.jpg\"><img loading=\"lazy\" width=\"800\" height=\"533\" src=\"http:\/\/sp3.tuchola.pl\/wordpress\/wp-content\/uploads\/2020\/01\/mk08.jpg\" alt=\"\" data-id=\"8333\" data-full-url=\"http:\/\/sp3.tuchola.pl\/wordpress\/wp-content\/uploads\/2020\/01\/mk08.jpg\" data-link=\"http:\/\/sp3.tuchola.pl\/wordpress\/?attachment_id=8333\" class=\"wp-image-8333\" srcset=\"http:\/\/sp3.tuchola.pl\/wordpress\/wp-content\/uploads\/2020\/01\/mk08.jpg 800w, http:\/\/sp3.tuchola.pl\/wordpress\/wp-content\/uploads\/2020\/01\/mk08-300x200.jpg 300w, http:\/\/sp3.tuchola.pl\/wordpress\/wp-content\/uploads\/2020\/01\/mk08-768x512.jpg 768w\" sizes=\"(max-width: 800px) 100vw, 800px\" \/><\/a><\/figure><\/li><li class=\"blocks-gallery-item\"><figure><a href=\"http:\/\/sp3.tuchola.pl\/wordpress\/wp-content\/uploads\/2020\/01\/mk09.jpg\"><img loading=\"lazy\" width=\"800\" height=\"533\" src=\"http:\/\/sp3.tuchola.pl\/wordpress\/wp-content\/uploads\/2020\/01\/mk09.jpg\" alt=\"\" data-id=\"8334\" data-full-url=\"http:\/\/sp3.tuchola.pl\/wordpress\/wp-content\/uploads\/2020\/01\/mk09.jpg\" data-link=\"http:\/\/sp3.tuchola.pl\/wordpress\/?attachment_id=8334\" class=\"wp-image-8334\" srcset=\"http:\/\/sp3.tuchola.pl\/wordpress\/wp-content\/uploads\/2020\/01\/mk09.jpg 800w, http:\/\/sp3.tuchola.pl\/wordpress\/wp-content\/uploads\/2020\/01\/mk09-300x200.jpg 300w, http:\/\/sp3.tuchola.pl\/wordpress\/wp-content\/uploads\/2020\/01\/mk09-768x512.jpg 768w\" sizes=\"(max-width: 800px) 100vw, 800px\" \/><\/a><\/figure><\/li><li class=\"blocks-gallery-item\"><figure><a href=\"http:\/\/sp3.tuchola.pl\/wordpress\/wp-content\/uploads\/2020\/01\/mk10.jpg\"><img loading=\"lazy\" width=\"800\" height=\"533\" src=\"http:\/\/sp3.tuchola.pl\/wordpress\/wp-content\/uploads\/2020\/01\/mk10.jpg\" alt=\"\" data-id=\"8335\" data-full-url=\"http:\/\/sp3.tuchola.pl\/wordpress\/wp-content\/uploads\/2020\/01\/mk10.jpg\" data-link=\"http:\/\/sp3.tuchola.pl\/wordpress\/?attachment_id=8335\" class=\"wp-image-8335\" srcset=\"http:\/\/sp3.tuchola.pl\/wordpress\/wp-content\/uploads\/2020\/01\/mk10.jpg 800w, http:\/\/sp3.tuchola.pl\/wordpress\/wp-content\/uploads\/2020\/01\/mk10-300x200.jpg 300w, http:\/\/sp3.tuchola.pl\/wordpress\/wp-content\/uploads\/2020\/01\/mk10-768x512.jpg 768w\" sizes=\"(max-width: 800px) 100vw, 800px\" \/><\/a><\/figure><\/li><li class=\"blocks-gallery-item\"><figure><a href=\"http:\/\/sp3.tuchola.pl\/wordpress\/wp-content\/uploads\/2020\/01\/mk11.jpg\"><img loading=\"lazy\" width=\"800\" height=\"533\" src=\"http:\/\/sp3.tuchola.pl\/wordpress\/wp-content\/uploads\/2020\/01\/mk11.jpg\" alt=\"\" data-id=\"8336\" data-full-url=\"http:\/\/sp3.tuchola.pl\/wordpress\/wp-content\/uploads\/2020\/01\/mk11.jpg\" data-link=\"http:\/\/sp3.tuchola.pl\/wordpress\/?attachment_id=8336\" class=\"wp-image-8336\" srcset=\"http:\/\/sp3.tuchola.pl\/wordpress\/wp-content\/uploads\/2020\/01\/mk11.jpg 800w, http:\/\/sp3.tuchola.pl\/wordpress\/wp-content\/uploads\/2020\/01\/mk11-300x200.jpg 300w, http:\/\/sp3.tuchola.pl\/wordpress\/wp-content\/uploads\/2020\/01\/mk11-768x512.jpg 768w\" sizes=\"(max-width: 800px) 100vw, 800px\" \/><\/a><\/figure><\/li><li class=\"blocks-gallery-item\"><figure><a href=\"http:\/\/sp3.tuchola.pl\/wordpress\/wp-content\/uploads\/2020\/01\/mk12.jpg\"><img loading=\"lazy\" width=\"800\" height=\"533\" src=\"http:\/\/sp3.tuchola.pl\/wordpress\/wp-content\/uploads\/2020\/01\/mk12.jpg\" alt=\"\" data-id=\"8337\" data-full-url=\"http:\/\/sp3.tuchola.pl\/wordpress\/wp-content\/uploads\/2020\/01\/mk12.jpg\" data-link=\"http:\/\/sp3.tuchola.pl\/wordpress\/?attachment_id=8337\" class=\"wp-image-8337\" srcset=\"http:\/\/sp3.tuchola.pl\/wordpress\/wp-content\/uploads\/2020\/01\/mk12.jpg 800w, http:\/\/sp3.tuchola.pl\/wordpress\/wp-content\/uploads\/2020\/01\/mk12-300x200.jpg 300w, http:\/\/sp3.tuchola.pl\/wordpress\/wp-content\/uploads\/2020\/01\/mk12-768x512.jpg 768w\" sizes=\"(max-width: 800px) 100vw, 800px\" \/><\/a><\/figure><\/li><li class=\"blocks-gallery-item\"><figure><a href=\"http:\/\/sp3.tuchola.pl\/wordpress\/wp-content\/uploads\/2020\/01\/mk13.jpg\"><img loading=\"lazy\" width=\"800\" height=\"533\" src=\"http:\/\/sp3.tuchola.pl\/wordpress\/wp-content\/uploads\/2020\/01\/mk13.jpg\" alt=\"\" data-id=\"8338\" data-full-url=\"http:\/\/sp3.tuchola.pl\/wordpress\/wp-content\/uploads\/2020\/01\/mk13.jpg\" data-link=\"http:\/\/sp3.tuchola.pl\/wordpress\/?attachment_id=8338\" class=\"wp-image-8338\" srcset=\"http:\/\/sp3.tuchola.pl\/wordpress\/wp-content\/uploads\/2020\/01\/mk13.jpg 800w, http:\/\/sp3.tuchola.pl\/wordpress\/wp-content\/uploads\/2020\/01\/mk13-300x200.jpg 300w, http:\/\/sp3.tuchola.pl\/wordpress\/wp-content\/uploads\/2020\/01\/mk13-768x512.jpg 768w\" sizes=\"(max-width: 800px) 100vw, 800px\" \/><\/a><\/figure><\/li><li class=\"blocks-gallery-item\"><figure><a href=\"http:\/\/sp3.tuchola.pl\/wordpress\/wp-content\/uploads\/2020\/01\/mk14.jpg\"><img loading=\"lazy\" width=\"800\" height=\"533\" src=\"http:\/\/sp3.tuchola.pl\/wordpress\/wp-content\/uploads\/2020\/01\/mk14.jpg\" alt=\"\" data-id=\"8339\" data-full-url=\"http:\/\/sp3.tuchola.pl\/wordpress\/wp-content\/uploads\/2020\/01\/mk14.jpg\" data-link=\"http:\/\/sp3.tuchola.pl\/wordpress\/?attachment_id=8339\" class=\"wp-image-8339\" srcset=\"http:\/\/sp3.tuchola.pl\/wordpress\/wp-content\/uploads\/2020\/01\/mk14.jpg 800w, http:\/\/sp3.tuchola.pl\/wordpress\/wp-content\/uploads\/2020\/01\/mk14-300x200.jpg 300w, http:\/\/sp3.tuchola.pl\/wordpress\/wp-content\/uploads\/2020\/01\/mk14-768x512.jpg 768w\" sizes=\"(max-width: 800px) 100vw, 800px\" \/><\/a><\/figure><\/li><\/ul><figcaption class=\"blocks-gallery-caption\"><em>Fot: K.Karnowski<\/em><\/figcaption><\/figure>\n","protected":false},"excerpt":{"rendered":"","protected":false},"author":1,"featured_media":0,"parent":90,"menu_order":0,"comment_status":"closed","ping_status":"closed","template":"","meta":[],"_links":{"self":[{"href":"http:\/\/sp3.tuchola.pl\/wordpress\/index.php?rest_route=\/wp\/v2\/pages\/8324"}],"collection":[{"href":"http:\/\/sp3.tuchola.pl\/wordpress\/index.php?rest_route=\/wp\/v2\/pages"}],"about":[{"href":"http:\/\/sp3.tuchola.pl\/wordpress\/index.php?rest_route=\/wp\/v2\/types\/page"}],"author":[{"embeddable":true,"href":"http:\/\/sp3.tuchola.pl\/wordpress\/index.php?rest_route=\/wp\/v2\/users\/1"}],"replies":[{"embeddable":true,"href":"http:\/\/sp3.tuchola.pl\/wordpress\/index.php?rest_route=%2Fwp%2Fv2%2Fcomments&post=8324"}],"version-history":[{"count":4,"href":"http:\/\/sp3.tuchola.pl\/wordpress\/index.php?rest_route=\/wp\/v2\/pages\/8324\/revisions"}],"predecessor-version":[{"id":8343,"href":"http:\/\/sp3.tuchola.pl\/wordpress\/index.php?rest_route=\/wp\/v2\/pages\/8324\/revisions\/8343"}],"up":[{"embeddable":true,"href":"http:\/\/sp3.tuchola.pl\/wordpress\/index.php?rest_route=\/wp\/v2\/pages\/90"}],"wp:attachment":[{"href":"http:\/\/sp3.tuchola.pl\/wordpress\/index.php?rest_route=%2Fwp%2Fv2%2Fmedia&parent=8324"}],"curies":[{"name":"wp","href":"https:\/\/api.w.org\/{rel}","templated":true}]}}