{"id":8321,"date":"2020-01-15T11:11:34","date_gmt":"2020-01-15T10:11:34","guid":{"rendered":"http:\/\/sp3.tuchola.pl\/wordpress\/?page_id=8321"},"modified":"2020-01-15T11:11:35","modified_gmt":"2020-01-15T10:11:35","slug":"instytucje-wspierajace","status":"publish","type":"page","link":"http:\/\/sp3.tuchola.pl\/wordpress\/?page_id=8321","title":{"rendered":"Instytucje wspieraj\u0105ce"},"content":{"rendered":"\n<p class=\"has-text-align-center\"><strong><a href=\"http:\/\/www.pcprtuchola.pl\/\">Powiatowe Centrum Pomocy Rodzinie<\/a><\/strong><br> tel: 52 5592018<\/p>\n\n\n\n<p class=\"has-text-align-center\"><br> <strong>Gminny O\u015brodek Wsparcia dla Rodzin<\/strong><br> tel: 52 5642526<\/p>\n\n\n\n<p class=\"has-text-align-center\"><br> <strong><a href=\"http:\/\/www.sow.tuchola.pl\/\">Specjalistyczny O\u015brodek Wsparcia dla Ofiar Przemocy w Rodzinie<\/a><\/strong><br> tel: 664721527<\/p>\n\n\n\n<p class=\"has-text-align-center\"><br><strong><a href=\"http:\/\/www.poradnia.tuchola.pl\/\"> Poradnia Psychologiczno-Pedagogiczna<\/a><\/strong><br> tel: 52 3348363<\/p>\n\n\n\n<p class=\"has-text-align-center\"><br><strong><a href=\"http:\/\/www.tuchola.kujawsko-pomorska.policja.gov.pl\/\">Komenda Powiatowa Policji<\/a><\/strong><br> tel: 52 3366258<\/p>\n\n\n\n<p class=\"has-text-align-center\"><br><strong> Niebieska Linia<\/strong><br> tel: 0801120002<\/p>\n\n\n\n<p class=\"has-text-align-center\"><br><strong><a href=\"http:\/\/ops.tuchola.pl\/asp\/aktualnosci,1,,1\"> O\u015brodek Pomocy Spo\u0142ecznej<\/a><\/strong><br> tel: 52 3956300<\/p>\n\n\n\n<p class=\"has-text-align-center\"><br><strong><a href=\"http:\/\/bip.tuchola.sr.gov.pl\/\"> S\u0105d Rejonowy<\/a><\/strong><br> tel: 52 3360401<\/p>\n\n\n\n<p class=\"has-text-align-center\"><br> <strong><a href=\"https:\/\/pk.gov.pl\/prokuratura\/jednostki-podlegle\/prokuratura-regionalna-w-gdansku\/prokuratura-okregowa-w-bydgoszczy\/jednostki-podlegle-9\/prokuratura-rejonowa-w-tucholi\/\">Prokuratura Rejonowa<\/a><\/strong><br> 52 3342741<\/p>\n\n\n\n<p class=\"has-text-align-center\"><br> <strong>Poradnia Zdrowia Psychicznego dla Dzieci i M\u0142odzie\u017cy<\/strong><br> tel: 52 3721881<\/p>\n","protected":false},"excerpt":{"rendered":"<p>Powiatowe Centrum Pomocy Rodzinie tel: 52 5592018 Gminny O\u015brodek Wsparcia dla Rodzin tel: 52 5642526 Specjalistyczny O\u015brodek Wsparcia dla Ofiar Przemocy w Rodzinie tel: 664721527 Poradnia Psychologiczno-Pedagogiczna tel: 52 3348363 Komenda Powiatowa Policji tel: 52 3366258 Niebieska Linia tel: 0801120002 O\u015brodek Pomocy Spo\u0142ecznej tel: 52 3956300 S\u0105d Rejonowy tel: 52 3360401 Prokuratura Rejonowa 52 3342741 [&hellip;]<\/p>\n","protected":false},"author":1,"featured_media":0,"parent":5593,"menu_order":4,"comment_status":"closed","ping_status":"closed","template":"","meta":[],"_links":{"self":[{"href":"http:\/\/sp3.tuchola.pl\/wordpress\/index.php?rest_route=\/wp\/v2\/pages\/8321"}],"collection":[{"href":"http:\/\/sp3.tuchola.pl\/wordpress\/index.php?rest_route=\/wp\/v2\/pages"}],"about":[{"href":"http:\/\/sp3.tuchola.pl\/wordpress\/index.php?rest_route=\/wp\/v2\/types\/page"}],"author":[{"embeddable":true,"href":"http:\/\/sp3.tuchola.pl\/wordpress\/index.php?rest_route=\/wp\/v2\/users\/1"}],"replies":[{"embeddable":true,"href":"http:\/\/sp3.tuchola.pl\/wordpress\/index.php?rest_route=%2Fwp%2Fv2%2Fcomments&post=8321"}],"version-history":[{"count":2,"href":"http:\/\/sp3.tuchola.pl\/wordpress\/index.php?rest_route=\/wp\/v2\/pages\/8321\/revisions"}],"predecessor-version":[{"id":8323,"href":"http:\/\/sp3.tuchola.pl\/wordpress\/index.php?rest_route=\/wp\/v2\/pages\/8321\/revisions\/8323"}],"up":[{"embeddable":true,"href":"http:\/\/sp3.tuchola.pl\/wordpress\/index.php?rest_route=\/wp\/v2\/pages\/5593"}],"wp:attachment":[{"href":"http:\/\/sp3.tuchola.pl\/wordpress\/index.php?rest_route=%2Fwp%2Fv2%2Fmedia&parent=8321"}],"curies":[{"name":"wp","href":"https:\/\/api.w.org\/{rel}","templated":true}]}}