{"id":8319,"date":"2020-01-15T10:58:06","date_gmt":"2020-01-15T09:58:06","guid":{"rendered":"http:\/\/sp3.tuchola.pl\/wordpress\/?page_id=8319"},"modified":"2021-07-19T21:41:35","modified_gmt":"2021-07-19T19:41:35","slug":"pedagog-szkolny","status":"publish","type":"page","link":"http:\/\/sp3.tuchola.pl\/wordpress\/?page_id=8319","title":{"rendered":"Pedagog szkolny"},"content":{"rendered":"\n<p class=\"has-text-align-center has-medium-font-size\"><strong>Mgr Barbara Witkowska pracuje w godzinach: <br> <\/strong>Poniedzia\u0142ek: 8.00 &#8211; 12.00<br> Wtorek: 8.00 &#8211; 12.00<br> \u015aroda: 10.00 &#8211; 15.00<br> Czwartek: 8.00 &#8211; 14.00<br> Pi\u0105tek: 10.00 &#8211; 13.00<\/p>\n","protected":false},"excerpt":{"rendered":"<p>Mgr Barbara Witkowska pracuje w godzinach: Poniedzia\u0142ek: 8.00 &#8211; 12.00 Wtorek: 8.00 &#8211; 12.00 \u015aroda: 10.00 &#8211; 15.00 Czwartek: 8.00 &#8211; 14.00 Pi\u0105tek: 10.00 &#8211; 13.00<\/p>\n","protected":false},"author":1,"featured_media":0,"parent":2,"menu_order":4,"comment_status":"closed","ping_status":"closed","template":"","meta":[],"_links":{"self":[{"href":"http:\/\/sp3.tuchola.pl\/wordpress\/index.php?rest_route=\/wp\/v2\/pages\/8319"}],"collection":[{"href":"http:\/\/sp3.tuchola.pl\/wordpress\/index.php?rest_route=\/wp\/v2\/pages"}],"about":[{"href":"http:\/\/sp3.tuchola.pl\/wordpress\/index.php?rest_route=\/wp\/v2\/types\/page"}],"author":[{"embeddable":true,"href":"http:\/\/sp3.tuchola.pl\/wordpress\/index.php?rest_route=\/wp\/v2\/users\/1"}],"replies":[{"embeddable":true,"href":"http:\/\/sp3.tuchola.pl\/wordpress\/index.php?rest_route=%2Fwp%2Fv2%2Fcomments&post=8319"}],"version-history":[{"count":4,"href":"http:\/\/sp3.tuchola.pl\/wordpress\/index.php?rest_route=\/wp\/v2\/pages\/8319\/revisions"}],"predecessor-version":[{"id":9848,"href":"http:\/\/sp3.tuchola.pl\/wordpress\/index.php?rest_route=\/wp\/v2\/pages\/8319\/revisions\/9848"}],"up":[{"embeddable":true,"href":"http:\/\/sp3.tuchola.pl\/wordpress\/index.php?rest_route=\/wp\/v2\/pages\/2"}],"wp:attachment":[{"href":"http:\/\/sp3.tuchola.pl\/wordpress\/index.php?rest_route=%2Fwp%2Fv2%2Fmedia&parent=8319"}],"curies":[{"name":"wp","href":"https:\/\/api.w.org\/{rel}","templated":true}]}}