{"id":8265,"date":"2019-12-17T20:03:05","date_gmt":"2019-12-17T19:03:05","guid":{"rendered":"http:\/\/sp3.tuchola.pl\/wordpress\/?page_id=8265"},"modified":"2021-04-09T10:24:26","modified_gmt":"2021-04-09T08:24:26","slug":"kalendarz-roku-szkolnego-2019-2020","status":"publish","type":"page","link":"http:\/\/sp3.tuchola.pl\/wordpress\/?page_id=8265","title":{"rendered":"KALENDARZ ROKU SZKOLNEGO 2020\/2021"},"content":{"rendered":"\n<p class=\"has-text-align-center\"><strong>1 wrze\u015bnia 2020<\/strong><\/p>\n\n\n\n<p class=\"has-text-align-center\">Rozpocz\u0119cie zaj\u0119\u0107 dydaktyczno &#8211; wychowawczych<\/p>\n\n\n\n<p class=\"has-text-align-center\"><strong>16 \u2013 17 wrze\u015bnia 2020<\/strong><\/p>\n\n\n\n<p class=\"has-text-align-center\">Zebrania klasowe<\/p>\n\n\n\n<p class=\"has-text-align-center\"><strong>\u2026 pa\u017adziernika 2020<\/strong><\/p>\n\n\n\n<p class=\"has-text-align-center\">Pasowanie pierwszoklasist\u00f3w<\/p>\n\n\n\n<p class=\"has-text-align-center\"><strong>2 listopada 2020<\/strong><\/p>\n\n\n\n<p class=\"has-text-align-center\">Dodatkowy dzie\u0144 wolny od zaj\u0119\u0107 dydaktycznych<\/p>\n\n\n\n<p class=\"has-text-align-center\"><strong>1 listopada 2020<\/strong><\/p>\n\n\n\n<p class=\"has-text-align-center\">Wszystkich \u015awi\u0119tych<\/p>\n\n\n\n<p class=\"has-text-align-center\"><strong>11 listopada 2020<\/strong><\/p>\n\n\n\n<p class=\"has-text-align-center\">Narodowe \u015awi\u0119to Niepodleg\u0142o\u015bci<\/p>\n\n\n\n<p class=\"has-text-align-center\"><strong>listopad 2020<\/strong><\/p>\n\n\n\n<p class=\"has-text-align-center\">Pr\u00f3bny egzamin \u00f3smoklasisty<\/p>\n\n\n\n<p class=\"has-text-align-center\"><strong>18 grudnia 2020<\/strong><\/p>\n\n\n\n<p class=\"has-text-align-center\">Zebrania klasowe<\/p>\n\n\n\n<p class=\"has-text-align-center\">Informacja o przewidywanych ocenach semestralnych<\/p>\n\n\n\n<p class=\"has-text-align-center\"><strong>22 grudnia 2020<\/strong><\/p>\n\n\n\n<p class=\"has-text-align-center\">Wigilia szkolna<\/p>\n\n\n\n<p class=\"has-text-align-center\"><strong>od 23 grudnia 2020 do 3 stycznia 2021<\/strong><\/p>\n\n\n\n<p class=\"has-text-align-center\">Zimowa przerwa \u015bwi\u0105teczna<\/p>\n\n\n\n<p class=\"has-text-align-center\">od <strong>4 do 17 stycznia 2021<\/strong><\/p>\n\n\n\n<p class=\"has-text-align-center\">Ferie zimowe<\/p>\n\n\n\n<p class=\"has-text-align-center\"><strong>6 stycznia 2021<\/strong><\/p>\n\n\n\n<p class=\"has-text-align-center\">\u015awi\u0119to Trzech Kr\u00f3li<\/p>\n\n\n\n<p class=\"has-text-align-center\"><strong>26 stycznia 2021<\/strong><\/p>\n\n\n\n<p class=\"has-text-align-center\">Klasyfikacja p\u00f3\u0142roczna<\/p>\n\n\n\n<p class=\"has-text-align-center\"><strong>28 stycznia 2021<\/strong><\/p>\n\n\n\n<p class=\"has-text-align-center\">Wywiad\u00f3wki<\/p>\n\n\n\n<p class=\"has-text-align-center\"><strong>marzec 2021<\/strong><\/p>\n\n\n\n<p class=\"has-text-align-center\">DZIE\u0143 OTWARTY<\/p>\n\n\n\n<p class=\"has-text-align-center\"><strong>kwiecie\u0144 2021<\/strong><\/p>\n\n\n\n<p class=\"has-text-align-center\">Pr\u00f3bny egzamin \u00f3smoklasisty<\/p>\n\n\n\n<p class=\"has-text-align-center\"><strong>marzec\/ kwiecie\u0144 2021<\/strong><\/p>\n\n\n\n<p class=\"has-text-align-center\">Rekolekcje wielkopostne<\/p>\n\n\n\n<p class=\"has-text-align-center\"><strong>1- 6 kwietnia 2021<\/strong><\/p>\n\n\n\n<p class=\"has-text-align-center\">Wiosenna przerwa \u015bwi\u0105teczna<\/p>\n\n\n\n<p class=\"has-text-align-center\"><strong>30 kwietnia 2021<\/strong>, 04 -05 maja 2021<\/p>\n\n\n\n<p class=\"has-text-align-center\">Dodatkowe dni wolne od zaj\u0119\u0107 dydaktycznych<\/p>\n\n\n\n<p class=\"has-text-align-center\"><strong>1 maja 2021<\/strong><\/p>\n\n\n\n<p class=\"has-text-align-center\">\u015awi\u0119to Pracy<\/p>\n\n\n\n<p class=\"has-text-align-center\"><strong>2 maja 2021<\/strong><\/p>\n\n\n\n<p class=\"has-text-align-center\">\u015awi\u0119to Flagi<\/p>\n\n\n\n<p class=\"has-text-align-center\"><strong>3 maja 2021<\/strong><\/p>\n\n\n\n<p class=\"has-text-align-center\">\u015awi\u0119to Narodowe Trzeciego Maja<\/p>\n\n\n\n<p class=\"has-text-align-center\"><strong>21 maja 2021<\/strong><\/p>\n\n\n\n<p class=\"has-text-align-center\">Zebrania klasowe<\/p>\n\n\n\n<p class=\"has-text-align-center\">Przekazanie informacji o przewidywanych ocenach ko\u0144coworocznych<\/p>\n\n\n\n<p class=\"has-text-align-center\"><strong>25 maja 2021<\/strong><\/p>\n\n\n\n<p class=\"has-text-align-center\">Egzamin \u00f3smoklasisty- j\u0119zyk polski<\/p>\n\n\n\n<p class=\"has-text-align-center\"><strong>26maja 2021<\/strong><\/p>\n\n\n\n<p class=\"has-text-align-center\">Egzamin \u00f3smoklasisty- matematyka<\/p>\n\n\n\n<p class=\"has-text-align-center\"><strong>27 maja 2021<\/strong><\/p>\n\n\n\n<p class=\"has-text-align-center\">Egzamin \u00f3smoklasisty- j\u0119zyk angielski<\/p>\n\n\n\n<p class=\"has-text-align-center\"><strong>3 czerwca 2021<\/strong><\/p>\n\n\n\n<p class=\"has-text-align-center\">Bo\u017ce Cia\u0142o<\/p>\n\n\n\n<p class=\"has-text-align-center\"><strong>4 czerwca 2021<\/strong><\/p>\n\n\n\n<p class=\"has-text-align-center\">Dodatkowy dzie\u0144 wolny od zaj\u0119\u0107 dydaktycznych<\/p>\n\n\n\n<p class=\"has-text-align-center\"><strong>21 czerwca 2021<\/strong><\/p>\n\n\n\n<p class=\"has-text-align-center\">Klasyfikacja roczna<\/p>\n\n\n\n<p class=\"has-text-align-center\"><strong>25 czerwca 2021<\/strong><\/p>\n\n\n\n<p class=\"has-text-align-center\">Zako\u0144czenie zaj\u0119\u0107 dydaktyczno- wychowawczych<\/p>\n\n\n\n<p class=\"has-text-align-center\"><strong>26 czerwca- 31 sierpnia 2021<\/strong><\/p>\n\n\n\n<p class=\"has-text-align-center\">Ferie letnie<\/p>\n","protected":false},"excerpt":{"rendered":"<p>1 wrze\u015bnia 2020 Rozpocz\u0119cie zaj\u0119\u0107 dydaktyczno &#8211; wychowawczych 16 \u2013 17 wrze\u015bnia 2020 Zebrania klasowe \u2026 pa\u017adziernika 2020 Pasowanie pierwszoklasist\u00f3w 2 listopada 2020 Dodatkowy dzie\u0144 wolny od zaj\u0119\u0107 dydaktycznych 1 listopada 2020 Wszystkich \u015awi\u0119tych 11 listopada 2020 Narodowe \u015awi\u0119to Niepodleg\u0142o\u015bci listopad 2020 Pr\u00f3bny egzamin \u00f3smoklasisty 18 grudnia 2020 Zebrania klasowe Informacja o przewidywanych ocenach semestralnych [&hellip;]<\/p>\n","protected":false},"author":1,"featured_media":0,"parent":2,"menu_order":0,"comment_status":"closed","ping_status":"closed","template":"","meta":[],"_links":{"self":[{"href":"http:\/\/sp3.tuchola.pl\/wordpress\/index.php?rest_route=\/wp\/v2\/pages\/8265"}],"collection":[{"href":"http:\/\/sp3.tuchola.pl\/wordpress\/index.php?rest_route=\/wp\/v2\/pages"}],"about":[{"href":"http:\/\/sp3.tuchola.pl\/wordpress\/index.php?rest_route=\/wp\/v2\/types\/page"}],"author":[{"embeddable":true,"href":"http:\/\/sp3.tuchola.pl\/wordpress\/index.php?rest_route=\/wp\/v2\/users\/1"}],"replies":[{"embeddable":true,"href":"http:\/\/sp3.tuchola.pl\/wordpress\/index.php?rest_route=%2Fwp%2Fv2%2Fcomments&post=8265"}],"version-history":[{"count":10,"href":"http:\/\/sp3.tuchola.pl\/wordpress\/index.php?rest_route=\/wp\/v2\/pages\/8265\/revisions"}],"predecessor-version":[{"id":9499,"href":"http:\/\/sp3.tuchola.pl\/wordpress\/index.php?rest_route=\/wp\/v2\/pages\/8265\/revisions\/9499"}],"up":[{"embeddable":true,"href":"http:\/\/sp3.tuchola.pl\/wordpress\/index.php?rest_route=\/wp\/v2\/pages\/2"}],"wp:attachment":[{"href":"http:\/\/sp3.tuchola.pl\/wordpress\/index.php?rest_route=%2Fwp%2Fv2%2Fmedia&parent=8265"}],"curies":[{"name":"wp","href":"https:\/\/api.w.org\/{rel}","templated":true}]}}