{"id":7842,"date":"2019-11-12T18:27:07","date_gmt":"2019-11-12T17:27:07","guid":{"rendered":"http:\/\/sp3.tuchola.pl\/wordpress\/?page_id=7842"},"modified":"2019-11-12T18:31:40","modified_gmt":"2019-11-12T17:31:40","slug":"obchody-narodowego-swieta-niepodleglosci-12-11-2019","status":"publish","type":"page","link":"http:\/\/sp3.tuchola.pl\/wordpress\/?page_id=7842","title":{"rendered":"Obchody Narodowego \u015awi\u0119ta Niepodleg\u0142o\u015bci &#8211; 12.11.2019"},"content":{"rendered":"\n<ul class=\"wp-block-gallery columns-5 is-cropped\"><li class=\"blocks-gallery-item\"><figure><a href=\"http:\/\/sp3.tuchola.pl\/wordpress\/wp-content\/uploads\/2019\/11\/PU_2019_01.jpg\"><img loading=\"lazy\" width=\"800\" height=\"533\" src=\"http:\/\/sp3.tuchola.pl\/wordpress\/wp-content\/uploads\/2019\/11\/PU_2019_01.jpg\" alt=\"\" data-id=\"7843\" data-link=\"http:\/\/sp3.tuchola.pl\/wordpress\/?attachment_id=7843\" class=\"wp-image-7843\" srcset=\"http:\/\/sp3.tuchola.pl\/wordpress\/wp-content\/uploads\/2019\/11\/PU_2019_01.jpg 800w, http:\/\/sp3.tuchola.pl\/wordpress\/wp-content\/uploads\/2019\/11\/PU_2019_01-300x200.jpg 300w, http:\/\/sp3.tuchola.pl\/wordpress\/wp-content\/uploads\/2019\/11\/PU_2019_01-768x512.jpg 768w\" sizes=\"(max-width: 800px) 100vw, 800px\" \/><\/a><\/figure><\/li><li class=\"blocks-gallery-item\"><figure><a href=\"http:\/\/sp3.tuchola.pl\/wordpress\/wp-content\/uploads\/2019\/11\/PU_2019_02.jpg\"><img loading=\"lazy\" width=\"800\" height=\"533\" src=\"http:\/\/sp3.tuchola.pl\/wordpress\/wp-content\/uploads\/2019\/11\/PU_2019_02.jpg\" alt=\"\" data-id=\"7844\" data-link=\"http:\/\/sp3.tuchola.pl\/wordpress\/?attachment_id=7844\" class=\"wp-image-7844\" srcset=\"http:\/\/sp3.tuchola.pl\/wordpress\/wp-content\/uploads\/2019\/11\/PU_2019_02.jpg 800w, http:\/\/sp3.tuchola.pl\/wordpress\/wp-content\/uploads\/2019\/11\/PU_2019_02-300x200.jpg 300w, http:\/\/sp3.tuchola.pl\/wordpress\/wp-content\/uploads\/2019\/11\/PU_2019_02-768x512.jpg 768w\" sizes=\"(max-width: 800px) 100vw, 800px\" \/><\/a><\/figure><\/li><li class=\"blocks-gallery-item\"><figure><a href=\"http:\/\/sp3.tuchola.pl\/wordpress\/wp-content\/uploads\/2019\/11\/PU_2019_03.jpg\"><img loading=\"lazy\" width=\"800\" height=\"533\" src=\"http:\/\/sp3.tuchola.pl\/wordpress\/wp-content\/uploads\/2019\/11\/PU_2019_03.jpg\" alt=\"\" data-id=\"7845\" data-link=\"http:\/\/sp3.tuchola.pl\/wordpress\/?attachment_id=7845\" class=\"wp-image-7845\" srcset=\"http:\/\/sp3.tuchola.pl\/wordpress\/wp-content\/uploads\/2019\/11\/PU_2019_03.jpg 800w, http:\/\/sp3.tuchola.pl\/wordpress\/wp-content\/uploads\/2019\/11\/PU_2019_03-300x200.jpg 300w, http:\/\/sp3.tuchola.pl\/wordpress\/wp-content\/uploads\/2019\/11\/PU_2019_03-768x512.jpg 768w\" sizes=\"(max-width: 800px) 100vw, 800px\" \/><\/a><\/figure><\/li><li class=\"blocks-gallery-item\"><figure><a href=\"http:\/\/sp3.tuchola.pl\/wordpress\/wp-content\/uploads\/2019\/11\/PU_2019_04.jpg\"><img loading=\"lazy\" width=\"800\" height=\"533\" src=\"http:\/\/sp3.tuchola.pl\/wordpress\/wp-content\/uploads\/2019\/11\/PU_2019_04.jpg\" alt=\"\" data-id=\"7846\" data-link=\"http:\/\/sp3.tuchola.pl\/wordpress\/?attachment_id=7846\" class=\"wp-image-7846\" srcset=\"http:\/\/sp3.tuchola.pl\/wordpress\/wp-content\/uploads\/2019\/11\/PU_2019_04.jpg 800w, http:\/\/sp3.tuchola.pl\/wordpress\/wp-content\/uploads\/2019\/11\/PU_2019_04-300x200.jpg 300w, http:\/\/sp3.tuchola.pl\/wordpress\/wp-content\/uploads\/2019\/11\/PU_2019_04-768x512.jpg 768w\" sizes=\"(max-width: 800px) 100vw, 800px\" \/><\/a><\/figure><\/li><li class=\"blocks-gallery-item\"><figure><a href=\"http:\/\/sp3.tuchola.pl\/wordpress\/wp-content\/uploads\/2019\/11\/PU_2019_05.jpg\"><img loading=\"lazy\" width=\"800\" height=\"533\" src=\"http:\/\/sp3.tuchola.pl\/wordpress\/wp-content\/uploads\/2019\/11\/PU_2019_05.jpg\" alt=\"\" data-id=\"7847\" data-link=\"http:\/\/sp3.tuchola.pl\/wordpress\/?attachment_id=7847\" class=\"wp-image-7847\" srcset=\"http:\/\/sp3.tuchola.pl\/wordpress\/wp-content\/uploads\/2019\/11\/PU_2019_05.jpg 800w, http:\/\/sp3.tuchola.pl\/wordpress\/wp-content\/uploads\/2019\/11\/PU_2019_05-300x200.jpg 300w, http:\/\/sp3.tuchola.pl\/wordpress\/wp-content\/uploads\/2019\/11\/PU_2019_05-768x512.jpg 768w\" sizes=\"(max-width: 800px) 100vw, 800px\" \/><\/a><\/figure><\/li><li class=\"blocks-gallery-item\"><figure><a href=\"http:\/\/sp3.tuchola.pl\/wordpress\/wp-content\/uploads\/2019\/11\/PU_2019_06.jpg\"><img loading=\"lazy\" width=\"800\" height=\"533\" src=\"http:\/\/sp3.tuchola.pl\/wordpress\/wp-content\/uploads\/2019\/11\/PU_2019_06.jpg\" alt=\"\" data-id=\"7848\" data-link=\"http:\/\/sp3.tuchola.pl\/wordpress\/?attachment_id=7848\" class=\"wp-image-7848\" srcset=\"http:\/\/sp3.tuchola.pl\/wordpress\/wp-content\/uploads\/2019\/11\/PU_2019_06.jpg 800w, http:\/\/sp3.tuchola.pl\/wordpress\/wp-content\/uploads\/2019\/11\/PU_2019_06-300x200.jpg 300w, http:\/\/sp3.tuchola.pl\/wordpress\/wp-content\/uploads\/2019\/11\/PU_2019_06-768x512.jpg 768w\" sizes=\"(max-width: 800px) 100vw, 800px\" \/><\/a><\/figure><\/li><li class=\"blocks-gallery-item\"><figure><a href=\"http:\/\/sp3.tuchola.pl\/wordpress\/wp-content\/uploads\/2019\/11\/PU_2019_07.jpg\"><img loading=\"lazy\" width=\"800\" height=\"533\" src=\"http:\/\/sp3.tuchola.pl\/wordpress\/wp-content\/uploads\/2019\/11\/PU_2019_07.jpg\" alt=\"\" data-id=\"7849\" data-link=\"http:\/\/sp3.tuchola.pl\/wordpress\/?attachment_id=7849\" class=\"wp-image-7849\" srcset=\"http:\/\/sp3.tuchola.pl\/wordpress\/wp-content\/uploads\/2019\/11\/PU_2019_07.jpg 800w, http:\/\/sp3.tuchola.pl\/wordpress\/wp-content\/uploads\/2019\/11\/PU_2019_07-300x200.jpg 300w, http:\/\/sp3.tuchola.pl\/wordpress\/wp-content\/uploads\/2019\/11\/PU_2019_07-768x512.jpg 768w\" sizes=\"(max-width: 800px) 100vw, 800px\" \/><\/a><\/figure><\/li><li class=\"blocks-gallery-item\"><figure><a href=\"http:\/\/sp3.tuchola.pl\/wordpress\/wp-content\/uploads\/2019\/11\/PU_2019_08.jpg\"><img loading=\"lazy\" width=\"800\" height=\"533\" src=\"http:\/\/sp3.tuchola.pl\/wordpress\/wp-content\/uploads\/2019\/11\/PU_2019_08.jpg\" alt=\"\" data-id=\"7850\" data-link=\"http:\/\/sp3.tuchola.pl\/wordpress\/?attachment_id=7850\" class=\"wp-image-7850\" srcset=\"http:\/\/sp3.tuchola.pl\/wordpress\/wp-content\/uploads\/2019\/11\/PU_2019_08.jpg 800w, http:\/\/sp3.tuchola.pl\/wordpress\/wp-content\/uploads\/2019\/11\/PU_2019_08-300x200.jpg 300w, http:\/\/sp3.tuchola.pl\/wordpress\/wp-content\/uploads\/2019\/11\/PU_2019_08-768x512.jpg 768w\" sizes=\"(max-width: 800px) 100vw, 800px\" \/><\/a><\/figure><\/li><li class=\"blocks-gallery-item\"><figure><a href=\"http:\/\/sp3.tuchola.pl\/wordpress\/wp-content\/uploads\/2019\/11\/PU_2019_09.jpg\"><img loading=\"lazy\" width=\"800\" height=\"533\" src=\"http:\/\/sp3.tuchola.pl\/wordpress\/wp-content\/uploads\/2019\/11\/PU_2019_09.jpg\" alt=\"\" data-id=\"7851\" data-link=\"http:\/\/sp3.tuchola.pl\/wordpress\/?attachment_id=7851\" class=\"wp-image-7851\" srcset=\"http:\/\/sp3.tuchola.pl\/wordpress\/wp-content\/uploads\/2019\/11\/PU_2019_09.jpg 800w, http:\/\/sp3.tuchola.pl\/wordpress\/wp-content\/uploads\/2019\/11\/PU_2019_09-300x200.jpg 300w, http:\/\/sp3.tuchola.pl\/wordpress\/wp-content\/uploads\/2019\/11\/PU_2019_09-768x512.jpg 768w\" sizes=\"(max-width: 800px) 100vw, 800px\" \/><\/a><\/figure><\/li><li class=\"blocks-gallery-item\"><figure><a href=\"http:\/\/sp3.tuchola.pl\/wordpress\/wp-content\/uploads\/2019\/11\/PU_2019_10.jpg\"><img loading=\"lazy\" width=\"800\" height=\"533\" src=\"http:\/\/sp3.tuchola.pl\/wordpress\/wp-content\/uploads\/2019\/11\/PU_2019_10.jpg\" alt=\"\" data-id=\"7852\" data-link=\"http:\/\/sp3.tuchola.pl\/wordpress\/?attachment_id=7852\" class=\"wp-image-7852\" srcset=\"http:\/\/sp3.tuchola.pl\/wordpress\/wp-content\/uploads\/2019\/11\/PU_2019_10.jpg 800w, http:\/\/sp3.tuchola.pl\/wordpress\/wp-content\/uploads\/2019\/11\/PU_2019_10-300x200.jpg 300w, http:\/\/sp3.tuchola.pl\/wordpress\/wp-content\/uploads\/2019\/11\/PU_2019_10-768x512.jpg 768w\" sizes=\"(max-width: 800px) 100vw, 800px\" \/><\/a><\/figure><\/li><li class=\"blocks-gallery-item\"><figure><a href=\"http:\/\/sp3.tuchola.pl\/wordpress\/wp-content\/uploads\/2019\/11\/PU_2019_11.jpg\"><img loading=\"lazy\" width=\"800\" height=\"533\" src=\"http:\/\/sp3.tuchola.pl\/wordpress\/wp-content\/uploads\/2019\/11\/PU_2019_11.jpg\" alt=\"\" data-id=\"7853\" data-link=\"http:\/\/sp3.tuchola.pl\/wordpress\/?attachment_id=7853\" class=\"wp-image-7853\" srcset=\"http:\/\/sp3.tuchola.pl\/wordpress\/wp-content\/uploads\/2019\/11\/PU_2019_11.jpg 800w, http:\/\/sp3.tuchola.pl\/wordpress\/wp-content\/uploads\/2019\/11\/PU_2019_11-300x200.jpg 300w, http:\/\/sp3.tuchola.pl\/wordpress\/wp-content\/uploads\/2019\/11\/PU_2019_11-768x512.jpg 768w\" sizes=\"(max-width: 800px) 100vw, 800px\" \/><\/a><\/figure><\/li><li class=\"blocks-gallery-item\"><figure><a href=\"http:\/\/sp3.tuchola.pl\/wordpress\/wp-content\/uploads\/2019\/11\/PU_2019_12.jpg\"><img loading=\"lazy\" width=\"800\" height=\"533\" src=\"http:\/\/sp3.tuchola.pl\/wordpress\/wp-content\/uploads\/2019\/11\/PU_2019_12.jpg\" alt=\"\" data-id=\"7854\" data-link=\"http:\/\/sp3.tuchola.pl\/wordpress\/?attachment_id=7854\" class=\"wp-image-7854\" srcset=\"http:\/\/sp3.tuchola.pl\/wordpress\/wp-content\/uploads\/2019\/11\/PU_2019_12.jpg 800w, http:\/\/sp3.tuchola.pl\/wordpress\/wp-content\/uploads\/2019\/11\/PU_2019_12-300x200.jpg 300w, http:\/\/sp3.tuchola.pl\/wordpress\/wp-content\/uploads\/2019\/11\/PU_2019_12-768x512.jpg 768w\" sizes=\"(max-width: 800px) 100vw, 800px\" \/><\/a><\/figure><\/li><li class=\"blocks-gallery-item\"><figure><a href=\"http:\/\/sp3.tuchola.pl\/wordpress\/wp-content\/uploads\/2019\/11\/PU_2019_13.jpg\"><img loading=\"lazy\" width=\"800\" height=\"533\" src=\"http:\/\/sp3.tuchola.pl\/wordpress\/wp-content\/uploads\/2019\/11\/PU_2019_13.jpg\" alt=\"\" data-id=\"7855\" data-link=\"http:\/\/sp3.tuchola.pl\/wordpress\/?attachment_id=7855\" class=\"wp-image-7855\" srcset=\"http:\/\/sp3.tuchola.pl\/wordpress\/wp-content\/uploads\/2019\/11\/PU_2019_13.jpg 800w, http:\/\/sp3.tuchola.pl\/wordpress\/wp-content\/uploads\/2019\/11\/PU_2019_13-300x200.jpg 300w, http:\/\/sp3.tuchola.pl\/wordpress\/wp-content\/uploads\/2019\/11\/PU_2019_13-768x512.jpg 768w\" sizes=\"(max-width: 800px) 100vw, 800px\" \/><\/a><\/figure><\/li><li class=\"blocks-gallery-item\"><figure><a href=\"http:\/\/sp3.tuchola.pl\/wordpress\/wp-content\/uploads\/2019\/11\/PU_2019_14.jpg\"><img loading=\"lazy\" width=\"800\" height=\"533\" src=\"http:\/\/sp3.tuchola.pl\/wordpress\/wp-content\/uploads\/2019\/11\/PU_2019_14.jpg\" alt=\"\" data-id=\"7856\" data-link=\"http:\/\/sp3.tuchola.pl\/wordpress\/?attachment_id=7856\" class=\"wp-image-7856\" srcset=\"http:\/\/sp3.tuchola.pl\/wordpress\/wp-content\/uploads\/2019\/11\/PU_2019_14.jpg 800w, http:\/\/sp3.tuchola.pl\/wordpress\/wp-content\/uploads\/2019\/11\/PU_2019_14-300x200.jpg 300w, http:\/\/sp3.tuchola.pl\/wordpress\/wp-content\/uploads\/2019\/11\/PU_2019_14-768x512.jpg 768w\" sizes=\"(max-width: 800px) 100vw, 800px\" \/><\/a><\/figure><\/li><li class=\"blocks-gallery-item\"><figure><a href=\"http:\/\/sp3.tuchola.pl\/wordpress\/wp-content\/uploads\/2019\/11\/PU_2019_15.jpg\"><img loading=\"lazy\" width=\"800\" height=\"533\" src=\"http:\/\/sp3.tuchola.pl\/wordpress\/wp-content\/uploads\/2019\/11\/PU_2019_15.jpg\" alt=\"\" data-id=\"7857\" data-link=\"http:\/\/sp3.tuchola.pl\/wordpress\/?attachment_id=7857\" class=\"wp-image-7857\" srcset=\"http:\/\/sp3.tuchola.pl\/wordpress\/wp-content\/uploads\/2019\/11\/PU_2019_15.jpg 800w, http:\/\/sp3.tuchola.pl\/wordpress\/wp-content\/uploads\/2019\/11\/PU_2019_15-300x200.jpg 300w, http:\/\/sp3.tuchola.pl\/wordpress\/wp-content\/uploads\/2019\/11\/PU_2019_15-768x512.jpg 768w\" sizes=\"(max-width: 800px) 100vw, 800px\" \/><\/a><\/figure><\/li><li class=\"blocks-gallery-item\"><figure><a href=\"http:\/\/sp3.tuchola.pl\/wordpress\/wp-content\/uploads\/2019\/11\/PU_2019_16.jpg\"><img loading=\"lazy\" width=\"800\" height=\"533\" src=\"http:\/\/sp3.tuchola.pl\/wordpress\/wp-content\/uploads\/2019\/11\/PU_2019_16.jpg\" alt=\"\" data-id=\"7858\" data-link=\"http:\/\/sp3.tuchola.pl\/wordpress\/?attachment_id=7858\" class=\"wp-image-7858\" srcset=\"http:\/\/sp3.tuchola.pl\/wordpress\/wp-content\/uploads\/2019\/11\/PU_2019_16.jpg 800w, http:\/\/sp3.tuchola.pl\/wordpress\/wp-content\/uploads\/2019\/11\/PU_2019_16-300x200.jpg 300w, http:\/\/sp3.tuchola.pl\/wordpress\/wp-content\/uploads\/2019\/11\/PU_2019_16-768x512.jpg 768w\" sizes=\"(max-width: 800px) 100vw, 800px\" \/><\/a><\/figure><\/li><\/ul>\n\n\n\n<p style=\"text-align:center\"><em>Fot: A.Karnowska<\/em><\/p>\n","protected":false},"excerpt":{"rendered":"<p>Fot: A.Karnowska<\/p>\n","protected":false},"author":1,"featured_media":0,"parent":90,"menu_order":0,"comment_status":"closed","ping_status":"closed","template":"","meta":[],"_links":{"self":[{"href":"http:\/\/sp3.tuchola.pl\/wordpress\/index.php?rest_route=\/wp\/v2\/pages\/7842"}],"collection":[{"href":"http:\/\/sp3.tuchola.pl\/wordpress\/index.php?rest_route=\/wp\/v2\/pages"}],"about":[{"href":"http:\/\/sp3.tuchola.pl\/wordpress\/index.php?rest_route=\/wp\/v2\/types\/page"}],"author":[{"embeddable":true,"href":"http:\/\/sp3.tuchola.pl\/wordpress\/index.php?rest_route=\/wp\/v2\/users\/1"}],"replies":[{"embeddable":true,"href":"http:\/\/sp3.tuchola.pl\/wordpress\/index.php?rest_route=%2Fwp%2Fv2%2Fcomments&post=7842"}],"version-history":[{"count":4,"href":"http:\/\/sp3.tuchola.pl\/wordpress\/index.php?rest_route=\/wp\/v2\/pages\/7842\/revisions"}],"predecessor-version":[{"id":7865,"href":"http:\/\/sp3.tuchola.pl\/wordpress\/index.php?rest_route=\/wp\/v2\/pages\/7842\/revisions\/7865"}],"up":[{"embeddable":true,"href":"http:\/\/sp3.tuchola.pl\/wordpress\/index.php?rest_route=\/wp\/v2\/pages\/90"}],"wp:attachment":[{"href":"http:\/\/sp3.tuchola.pl\/wordpress\/index.php?rest_route=%2Fwp%2Fv2%2Fmedia&parent=7842"}],"curies":[{"name":"wp","href":"https:\/\/api.w.org\/{rel}","templated":true}]}}