{"id":6601,"date":"2019-02-25T09:14:59","date_gmt":"2019-02-25T08:14:59","guid":{"rendered":"http:\/\/sp3.tuchola.pl\/wordpress\/?page_id=6601"},"modified":"2019-02-25T09:14:59","modified_gmt":"2019-02-25T08:14:59","slug":"bal-karnawalowy-oddzialow-przedszkolnych-22-02-2019","status":"publish","type":"page","link":"http:\/\/sp3.tuchola.pl\/wordpress\/?page_id=6601","title":{"rendered":"Bal karnawa\u0142owy oddzia\u0142\u00f3w przedszkolnych &#8211; 22.02.2019"},"content":{"rendered":"\n\t\t<style type=\"text\/css\">\n\t\t\t#gallery-1 {\n\t\t\t\tmargin: auto;\n\t\t\t}\n\t\t\t#gallery-1 .gallery-item {\n\t\t\t\tfloat: left;\n\t\t\t\tmargin-top: 10px;\n\t\t\t\ttext-align: center;\n\t\t\t\twidth: 25%;\n\t\t\t}\n\t\t\t#gallery-1 img {\n\t\t\t\tborder: 2px solid #cfcfcf;\n\t\t\t}\n\t\t\t#gallery-1 .gallery-caption {\n\t\t\t\tmargin-left: 0;\n\t\t\t}\n\t\t\t\/* see gallery_shortcode() in wp-includes\/media.php *\/\n\t\t<\/style>\n\t\t<div id='gallery-1' class='gallery galleryid-6601 gallery-columns-4 gallery-size-thumbnail'><dl class='gallery-item'>\n\t\t\t<dt class='gallery-icon portrait'>\n\t\t\t\t<a href='http:\/\/sp3.tuchola.pl\/wordpress\/?attachment_id=6602'><img width=\"150\" height=\"150\" src=\"http:\/\/sp3.tuchola.pl\/wordpress\/wp-content\/uploads\/2019\/02\/BAL0_2019_01-150x150.jpg\" class=\"attachment-thumbnail size-thumbnail\" alt=\"\" loading=\"lazy\" \/><\/a>\n\t\t\t<\/dt><\/dl><dl class='gallery-item'>\n\t\t\t<dt class='gallery-icon portrait'>\n\t\t\t\t<a href='http:\/\/sp3.tuchola.pl\/wordpress\/?attachment_id=6603'><img width=\"150\" height=\"150\" src=\"http:\/\/sp3.tuchola.pl\/wordpress\/wp-content\/uploads\/2019\/02\/BAL0_2019_02-150x150.jpg\" class=\"attachment-thumbnail size-thumbnail\" alt=\"\" loading=\"lazy\" \/><\/a>\n\t\t\t<\/dt><\/dl><dl class='gallery-item'>\n\t\t\t<dt class='gallery-icon portrait'>\n\t\t\t\t<a href='http:\/\/sp3.tuchola.pl\/wordpress\/?attachment_id=6604'><img width=\"150\" height=\"150\" src=\"http:\/\/sp3.tuchola.pl\/wordpress\/wp-content\/uploads\/2019\/02\/BAL0_2019_03-150x150.jpg\" class=\"attachment-thumbnail size-thumbnail\" alt=\"\" loading=\"lazy\" \/><\/a>\n\t\t\t<\/dt><\/dl><dl class='gallery-item'>\n\t\t\t<dt class='gallery-icon portrait'>\n\t\t\t\t<a href='http:\/\/sp3.tuchola.pl\/wordpress\/?attachment_id=6605'><img width=\"150\" height=\"150\" src=\"http:\/\/sp3.tuchola.pl\/wordpress\/wp-content\/uploads\/2019\/02\/BAL0_2019_04-150x150.jpg\" class=\"attachment-thumbnail size-thumbnail\" alt=\"\" loading=\"lazy\" \/><\/a>\n\t\t\t<\/dt><\/dl><br style=\"clear: both\" \/><dl class='gallery-item'>\n\t\t\t<dt class='gallery-icon landscape'>\n\t\t\t\t<a href='http:\/\/sp3.tuchola.pl\/wordpress\/?attachment_id=6606'><img width=\"150\" height=\"150\" src=\"http:\/\/sp3.tuchola.pl\/wordpress\/wp-content\/uploads\/2019\/02\/BAL0_2019_05-150x150.jpg\" class=\"attachment-thumbnail size-thumbnail\" alt=\"\" loading=\"lazy\" \/><\/a>\n\t\t\t<\/dt><\/dl><dl class='gallery-item'>\n\t\t\t<dt class='gallery-icon portrait'>\n\t\t\t\t<a href='http:\/\/sp3.tuchola.pl\/wordpress\/?attachment_id=6607'><img width=\"150\" height=\"150\" src=\"http:\/\/sp3.tuchola.pl\/wordpress\/wp-content\/uploads\/2019\/02\/BAL0_2019_06-150x150.jpg\" class=\"attachment-thumbnail size-thumbnail\" alt=\"\" loading=\"lazy\" \/><\/a>\n\t\t\t<\/dt><\/dl><dl class='gallery-item'>\n\t\t\t<dt class='gallery-icon landscape'>\n\t\t\t\t<a href='http:\/\/sp3.tuchola.pl\/wordpress\/?attachment_id=6608'><img width=\"150\" height=\"150\" src=\"http:\/\/sp3.tuchola.pl\/wordpress\/wp-content\/uploads\/2019\/02\/BAL0_2019_07-150x150.jpg\" class=\"attachment-thumbnail size-thumbnail\" alt=\"\" loading=\"lazy\" \/><\/a>\n\t\t\t<\/dt><\/dl><dl class='gallery-item'>\n\t\t\t<dt class='gallery-icon landscape'>\n\t\t\t\t<a href='http:\/\/sp3.tuchola.pl\/wordpress\/?attachment_id=6609'><img width=\"150\" height=\"150\" src=\"http:\/\/sp3.tuchola.pl\/wordpress\/wp-content\/uploads\/2019\/02\/BAL0_2019_08-150x150.jpg\" class=\"attachment-thumbnail size-thumbnail\" alt=\"\" loading=\"lazy\" \/><\/a>\n\t\t\t<\/dt><\/dl><br style=\"clear: both\" \/><dl class='gallery-item'>\n\t\t\t<dt class='gallery-icon landscape'>\n\t\t\t\t<a href='http:\/\/sp3.tuchola.pl\/wordpress\/?attachment_id=6610'><img width=\"150\" height=\"150\" src=\"http:\/\/sp3.tuchola.pl\/wordpress\/wp-content\/uploads\/2019\/02\/BAL0_2019_09-150x150.jpg\" class=\"attachment-thumbnail size-thumbnail\" alt=\"\" loading=\"lazy\" \/><\/a>\n\t\t\t<\/dt><\/dl><dl class='gallery-item'>\n\t\t\t<dt class='gallery-icon landscape'>\n\t\t\t\t<a href='http:\/\/sp3.tuchola.pl\/wordpress\/?attachment_id=6611'><img width=\"150\" height=\"150\" src=\"http:\/\/sp3.tuchola.pl\/wordpress\/wp-content\/uploads\/2019\/02\/BAL0_2019_10-150x150.jpg\" class=\"attachment-thumbnail size-thumbnail\" alt=\"\" loading=\"lazy\" \/><\/a>\n\t\t\t<\/dt><\/dl><dl class='gallery-item'>\n\t\t\t<dt class='gallery-icon landscape'>\n\t\t\t\t<a href='http:\/\/sp3.tuchola.pl\/wordpress\/?attachment_id=6612'><img width=\"150\" height=\"150\" src=\"http:\/\/sp3.tuchola.pl\/wordpress\/wp-content\/uploads\/2019\/02\/BAL0_2019_11-150x150.jpg\" class=\"attachment-thumbnail size-thumbnail\" alt=\"\" loading=\"lazy\" \/><\/a>\n\t\t\t<\/dt><\/dl><dl class='gallery-item'>\n\t\t\t<dt class='gallery-icon portrait'>\n\t\t\t\t<a href='http:\/\/sp3.tuchola.pl\/wordpress\/?attachment_id=6613'><img width=\"150\" height=\"150\" src=\"http:\/\/sp3.tuchola.pl\/wordpress\/wp-content\/uploads\/2019\/02\/BAL0_2019_12-150x150.jpg\" class=\"attachment-thumbnail size-thumbnail\" alt=\"\" loading=\"lazy\" \/><\/a>\n\t\t\t<\/dt><\/dl><br style=\"clear: both\" \/><dl class='gallery-item'>\n\t\t\t<dt class='gallery-icon landscape'>\n\t\t\t\t<a href='http:\/\/sp3.tuchola.pl\/wordpress\/?attachment_id=6614'><img width=\"150\" height=\"150\" src=\"http:\/\/sp3.tuchola.pl\/wordpress\/wp-content\/uploads\/2019\/02\/BAL0_2019_13-150x150.jpg\" class=\"attachment-thumbnail size-thumbnail\" alt=\"\" loading=\"lazy\" \/><\/a>\n\t\t\t<\/dt><\/dl><dl class='gallery-item'>\n\t\t\t<dt class='gallery-icon landscape'>\n\t\t\t\t<a href='http:\/\/sp3.tuchola.pl\/wordpress\/?attachment_id=6615'><img width=\"150\" height=\"150\" src=\"http:\/\/sp3.tuchola.pl\/wordpress\/wp-content\/uploads\/2019\/02\/BAL0_2019_14-150x150.jpg\" class=\"attachment-thumbnail size-thumbnail\" alt=\"\" loading=\"lazy\" \/><\/a>\n\t\t\t<\/dt><\/dl><dl class='gallery-item'>\n\t\t\t<dt class='gallery-icon landscape'>\n\t\t\t\t<a href='http:\/\/sp3.tuchola.pl\/wordpress\/?attachment_id=6616'><img width=\"150\" height=\"150\" src=\"http:\/\/sp3.tuchola.pl\/wordpress\/wp-content\/uploads\/2019\/02\/BAL0_2019_15-150x150.jpg\" class=\"attachment-thumbnail size-thumbnail\" alt=\"\" loading=\"lazy\" \/><\/a>\n\t\t\t<\/dt><\/dl><dl class='gallery-item'>\n\t\t\t<dt class='gallery-icon portrait'>\n\t\t\t\t<a href='http:\/\/sp3.tuchola.pl\/wordpress\/?attachment_id=6617'><img width=\"150\" height=\"150\" src=\"http:\/\/sp3.tuchola.pl\/wordpress\/wp-content\/uploads\/2019\/02\/BAL0_2019_16-150x150.jpg\" class=\"attachment-thumbnail size-thumbnail\" alt=\"\" loading=\"lazy\" \/><\/a>\n\t\t\t<\/dt><\/dl><br style=\"clear: both\" \/><dl class='gallery-item'>\n\t\t\t<dt class='gallery-icon portrait'>\n\t\t\t\t<a href='http:\/\/sp3.tuchola.pl\/wordpress\/?attachment_id=6618'><img width=\"150\" height=\"150\" src=\"http:\/\/sp3.tuchola.pl\/wordpress\/wp-content\/uploads\/2019\/02\/BAL0_2019_17-150x150.jpg\" class=\"attachment-thumbnail size-thumbnail\" alt=\"\" loading=\"lazy\" \/><\/a>\n\t\t\t<\/dt><\/dl><dl class='gallery-item'>\n\t\t\t<dt class='gallery-icon portrait'>\n\t\t\t\t<a href='http:\/\/sp3.tuchola.pl\/wordpress\/?attachment_id=6619'><img width=\"150\" height=\"150\" src=\"http:\/\/sp3.tuchola.pl\/wordpress\/wp-content\/uploads\/2019\/02\/BAL0_2019_18-150x150.jpg\" class=\"attachment-thumbnail size-thumbnail\" alt=\"\" loading=\"lazy\" \/><\/a>\n\t\t\t<\/dt><\/dl><dl class='gallery-item'>\n\t\t\t<dt class='gallery-icon landscape'>\n\t\t\t\t<a href='http:\/\/sp3.tuchola.pl\/wordpress\/?attachment_id=6620'><img width=\"150\" height=\"150\" src=\"http:\/\/sp3.tuchola.pl\/wordpress\/wp-content\/uploads\/2019\/02\/BAL0_2019_19-150x150.jpg\" class=\"attachment-thumbnail size-thumbnail\" alt=\"\" loading=\"lazy\" \/><\/a>\n\t\t\t<\/dt><\/dl><dl class='gallery-item'>\n\t\t\t<dt class='gallery-icon portrait'>\n\t\t\t\t<a href='http:\/\/sp3.tuchola.pl\/wordpress\/?attachment_id=6621'><img width=\"150\" height=\"150\" src=\"http:\/\/sp3.tuchola.pl\/wordpress\/wp-content\/uploads\/2019\/02\/BAL0_2019_20-150x150.jpg\" class=\"attachment-thumbnail size-thumbnail\" alt=\"\" loading=\"lazy\" \/><\/a>\n\t\t\t<\/dt><\/dl><br style=\"clear: both\" \/><dl class='gallery-item'>\n\t\t\t<dt class='gallery-icon landscape'>\n\t\t\t\t<a href='http:\/\/sp3.tuchola.pl\/wordpress\/?attachment_id=6622'><img width=\"150\" height=\"150\" src=\"http:\/\/sp3.tuchola.pl\/wordpress\/wp-content\/uploads\/2019\/02\/BAL0_2019_21-150x150.jpg\" class=\"attachment-thumbnail size-thumbnail\" alt=\"\" loading=\"lazy\" \/><\/a>\n\t\t\t<\/dt><\/dl><dl class='gallery-item'>\n\t\t\t<dt class='gallery-icon landscape'>\n\t\t\t\t<a href='http:\/\/sp3.tuchola.pl\/wordpress\/?attachment_id=6623'><img width=\"150\" height=\"150\" src=\"http:\/\/sp3.tuchola.pl\/wordpress\/wp-content\/uploads\/2019\/02\/BAL0_2019_22-150x150.jpg\" class=\"attachment-thumbnail size-thumbnail\" alt=\"\" loading=\"lazy\" \/><\/a>\n\t\t\t<\/dt><\/dl><dl class='gallery-item'>\n\t\t\t<dt class='gallery-icon landscape'>\n\t\t\t\t<a href='http:\/\/sp3.tuchola.pl\/wordpress\/?attachment_id=6624'><img width=\"150\" height=\"150\" src=\"http:\/\/sp3.tuchola.pl\/wordpress\/wp-content\/uploads\/2019\/02\/BAL0_2019_23-150x150.jpg\" class=\"attachment-thumbnail size-thumbnail\" alt=\"\" loading=\"lazy\" \/><\/a>\n\t\t\t<\/dt><\/dl>\n\t\t\t<br style='clear: both' \/>\n\t\t<\/div>\n\n<p style=\"text-align: center;\"><em>Fot: I. Biesek<\/em><\/p>\n","protected":false},"excerpt":{"rendered":"<p>Fot: I. Biesek<\/p>\n","protected":false},"author":1,"featured_media":0,"parent":90,"menu_order":0,"comment_status":"closed","ping_status":"open","template":"","meta":[],"_links":{"self":[{"href":"http:\/\/sp3.tuchola.pl\/wordpress\/index.php?rest_route=\/wp\/v2\/pages\/6601"}],"collection":[{"href":"http:\/\/sp3.tuchola.pl\/wordpress\/index.php?rest_route=\/wp\/v2\/pages"}],"about":[{"href":"http:\/\/sp3.tuchola.pl\/wordpress\/index.php?rest_route=\/wp\/v2\/types\/page"}],"author":[{"embeddable":true,"href":"http:\/\/sp3.tuchola.pl\/wordpress\/index.php?rest_route=\/wp\/v2\/users\/1"}],"replies":[{"embeddable":true,"href":"http:\/\/sp3.tuchola.pl\/wordpress\/index.php?rest_route=%2Fwp%2Fv2%2Fcomments&post=6601"}],"version-history":[{"count":1,"href":"http:\/\/sp3.tuchola.pl\/wordpress\/index.php?rest_route=\/wp\/v2\/pages\/6601\/revisions"}],"predecessor-version":[{"id":6625,"href":"http:\/\/sp3.tuchola.pl\/wordpress\/index.php?rest_route=\/wp\/v2\/pages\/6601\/revisions\/6625"}],"up":[{"embeddable":true,"href":"http:\/\/sp3.tuchola.pl\/wordpress\/index.php?rest_route=\/wp\/v2\/pages\/90"}],"wp:attachment":[{"href":"http:\/\/sp3.tuchola.pl\/wordpress\/index.php?rest_route=%2Fwp%2Fv2%2Fmedia&parent=6601"}],"curies":[{"name":"wp","href":"https:\/\/api.w.org\/{rel}","templated":true}]}}