{"id":6262,"date":"2018-12-20T08:38:06","date_gmt":"2018-12-20T07:38:06","guid":{"rendered":"http:\/\/sp3.tuchola.pl\/wordpress\/?page_id=6262"},"modified":"2018-12-21T19:18:17","modified_gmt":"2018-12-21T18:18:17","slug":"przedszkolaki-przygotowuja-sie-do-swiat-13-12-2018","status":"publish","type":"page","link":"http:\/\/sp3.tuchola.pl\/wordpress\/?page_id=6262","title":{"rendered":"Przedszkolaki przygotowuj\u0105 si\u0119 do \u015awi\u0105t &#8211; 13.12.2018"},"content":{"rendered":"\n\t\t<style type=\"text\/css\">\n\t\t\t#gallery-1 {\n\t\t\t\tmargin: auto;\n\t\t\t}\n\t\t\t#gallery-1 .gallery-item {\n\t\t\t\tfloat: left;\n\t\t\t\tmargin-top: 10px;\n\t\t\t\ttext-align: center;\n\t\t\t\twidth: 25%;\n\t\t\t}\n\t\t\t#gallery-1 img {\n\t\t\t\tborder: 2px solid #cfcfcf;\n\t\t\t}\n\t\t\t#gallery-1 .gallery-caption {\n\t\t\t\tmargin-left: 0;\n\t\t\t}\n\t\t\t\/* see gallery_shortcode() in wp-includes\/media.php *\/\n\t\t<\/style>\n\t\t<div id='gallery-1' class='gallery galleryid-6262 gallery-columns-4 gallery-size-thumbnail'><dl class='gallery-item'>\n\t\t\t<dt class='gallery-icon portrait'>\n\t\t\t\t<a href='http:\/\/sp3.tuchola.pl\/wordpress\/?attachment_id=6263'><img width=\"150\" height=\"150\" src=\"http:\/\/sp3.tuchola.pl\/wordpress\/wp-content\/uploads\/2018\/12\/pr01-150x150.jpg\" class=\"attachment-thumbnail size-thumbnail\" alt=\"\" loading=\"lazy\" \/><\/a>\n\t\t\t<\/dt><\/dl><dl class='gallery-item'>\n\t\t\t<dt class='gallery-icon portrait'>\n\t\t\t\t<a href='http:\/\/sp3.tuchola.pl\/wordpress\/?attachment_id=6264'><img width=\"150\" height=\"150\" src=\"http:\/\/sp3.tuchola.pl\/wordpress\/wp-content\/uploads\/2018\/12\/pr02-150x150.jpg\" class=\"attachment-thumbnail size-thumbnail\" alt=\"\" loading=\"lazy\" \/><\/a>\n\t\t\t<\/dt><\/dl><dl class='gallery-item'>\n\t\t\t<dt class='gallery-icon portrait'>\n\t\t\t\t<a href='http:\/\/sp3.tuchola.pl\/wordpress\/?attachment_id=6265'><img width=\"150\" height=\"150\" src=\"http:\/\/sp3.tuchola.pl\/wordpress\/wp-content\/uploads\/2018\/12\/pr03-150x150.jpg\" class=\"attachment-thumbnail size-thumbnail\" alt=\"\" loading=\"lazy\" \/><\/a>\n\t\t\t<\/dt><\/dl><dl class='gallery-item'>\n\t\t\t<dt class='gallery-icon portrait'>\n\t\t\t\t<a href='http:\/\/sp3.tuchola.pl\/wordpress\/?attachment_id=6266'><img width=\"150\" height=\"150\" src=\"http:\/\/sp3.tuchola.pl\/wordpress\/wp-content\/uploads\/2018\/12\/pr04-150x150.jpg\" class=\"attachment-thumbnail size-thumbnail\" alt=\"\" loading=\"lazy\" \/><\/a>\n\t\t\t<\/dt><\/dl><br style=\"clear: both\" \/><dl class='gallery-item'>\n\t\t\t<dt class='gallery-icon landscape'>\n\t\t\t\t<a href='http:\/\/sp3.tuchola.pl\/wordpress\/?attachment_id=6267'><img width=\"150\" height=\"150\" src=\"http:\/\/sp3.tuchola.pl\/wordpress\/wp-content\/uploads\/2018\/12\/pr05-150x150.jpg\" class=\"attachment-thumbnail size-thumbnail\" alt=\"\" loading=\"lazy\" \/><\/a>\n\t\t\t<\/dt><\/dl><dl class='gallery-item'>\n\t\t\t<dt class='gallery-icon portrait'>\n\t\t\t\t<a href='http:\/\/sp3.tuchola.pl\/wordpress\/?attachment_id=6268'><img width=\"150\" height=\"150\" src=\"http:\/\/sp3.tuchola.pl\/wordpress\/wp-content\/uploads\/2018\/12\/pr06-150x150.jpg\" class=\"attachment-thumbnail size-thumbnail\" alt=\"\" loading=\"lazy\" \/><\/a>\n\t\t\t<\/dt><\/dl><dl class='gallery-item'>\n\t\t\t<dt class='gallery-icon portrait'>\n\t\t\t\t<a href='http:\/\/sp3.tuchola.pl\/wordpress\/?attachment_id=6269'><img width=\"150\" height=\"150\" src=\"http:\/\/sp3.tuchola.pl\/wordpress\/wp-content\/uploads\/2018\/12\/pr07-150x150.jpg\" class=\"attachment-thumbnail size-thumbnail\" alt=\"\" loading=\"lazy\" \/><\/a>\n\t\t\t<\/dt><\/dl><dl class='gallery-item'>\n\t\t\t<dt class='gallery-icon portrait'>\n\t\t\t\t<a href='http:\/\/sp3.tuchola.pl\/wordpress\/?attachment_id=6270'><img width=\"150\" height=\"150\" src=\"http:\/\/sp3.tuchola.pl\/wordpress\/wp-content\/uploads\/2018\/12\/pr08-150x150.jpg\" class=\"attachment-thumbnail size-thumbnail\" alt=\"\" loading=\"lazy\" \/><\/a>\n\t\t\t<\/dt><\/dl><br style=\"clear: both\" \/><dl class='gallery-item'>\n\t\t\t<dt class='gallery-icon portrait'>\n\t\t\t\t<a href='http:\/\/sp3.tuchola.pl\/wordpress\/?attachment_id=6271'><img width=\"150\" height=\"150\" src=\"http:\/\/sp3.tuchola.pl\/wordpress\/wp-content\/uploads\/2018\/12\/pr09-150x150.jpg\" class=\"attachment-thumbnail size-thumbnail\" alt=\"\" loading=\"lazy\" \/><\/a>\n\t\t\t<\/dt><\/dl><dl class='gallery-item'>\n\t\t\t<dt class='gallery-icon portrait'>\n\t\t\t\t<a href='http:\/\/sp3.tuchola.pl\/wordpress\/?attachment_id=6272'><img width=\"150\" height=\"150\" src=\"http:\/\/sp3.tuchola.pl\/wordpress\/wp-content\/uploads\/2018\/12\/pr10-150x150.jpg\" class=\"attachment-thumbnail size-thumbnail\" alt=\"\" loading=\"lazy\" \/><\/a>\n\t\t\t<\/dt><\/dl><dl class='gallery-item'>\n\t\t\t<dt class='gallery-icon portrait'>\n\t\t\t\t<a href='http:\/\/sp3.tuchola.pl\/wordpress\/?attachment_id=6273'><img width=\"150\" height=\"150\" src=\"http:\/\/sp3.tuchola.pl\/wordpress\/wp-content\/uploads\/2018\/12\/pr11-150x150.jpg\" class=\"attachment-thumbnail size-thumbnail\" alt=\"\" loading=\"lazy\" \/><\/a>\n\t\t\t<\/dt><\/dl><dl class='gallery-item'>\n\t\t\t<dt class='gallery-icon landscape'>\n\t\t\t\t<a href='http:\/\/sp3.tuchola.pl\/wordpress\/?attachment_id=6274'><img width=\"150\" height=\"150\" src=\"http:\/\/sp3.tuchola.pl\/wordpress\/wp-content\/uploads\/2018\/12\/pr12-150x150.jpg\" class=\"attachment-thumbnail size-thumbnail\" alt=\"\" loading=\"lazy\" \/><\/a>\n\t\t\t<\/dt><\/dl><br style=\"clear: both\" \/><dl class='gallery-item'>\n\t\t\t<dt class='gallery-icon portrait'>\n\t\t\t\t<a href='http:\/\/sp3.tuchola.pl\/wordpress\/?attachment_id=6275'><img width=\"150\" height=\"150\" src=\"http:\/\/sp3.tuchola.pl\/wordpress\/wp-content\/uploads\/2018\/12\/pr13-150x150.jpg\" class=\"attachment-thumbnail size-thumbnail\" alt=\"\" loading=\"lazy\" \/><\/a>\n\t\t\t<\/dt><\/dl><dl class='gallery-item'>\n\t\t\t<dt class='gallery-icon portrait'>\n\t\t\t\t<a href='http:\/\/sp3.tuchola.pl\/wordpress\/?attachment_id=6276'><img width=\"150\" height=\"150\" src=\"http:\/\/sp3.tuchola.pl\/wordpress\/wp-content\/uploads\/2018\/12\/pr14-150x150.jpg\" class=\"attachment-thumbnail size-thumbnail\" alt=\"\" loading=\"lazy\" \/><\/a>\n\t\t\t<\/dt><\/dl><dl class='gallery-item'>\n\t\t\t<dt class='gallery-icon portrait'>\n\t\t\t\t<a href='http:\/\/sp3.tuchola.pl\/wordpress\/?attachment_id=6277'><img width=\"150\" height=\"150\" src=\"http:\/\/sp3.tuchola.pl\/wordpress\/wp-content\/uploads\/2018\/12\/pr15-150x150.jpg\" class=\"attachment-thumbnail size-thumbnail\" alt=\"\" loading=\"lazy\" \/><\/a>\n\t\t\t<\/dt><\/dl><dl class='gallery-item'>\n\t\t\t<dt class='gallery-icon portrait'>\n\t\t\t\t<a href='http:\/\/sp3.tuchola.pl\/wordpress\/?attachment_id=6278'><img width=\"150\" height=\"150\" src=\"http:\/\/sp3.tuchola.pl\/wordpress\/wp-content\/uploads\/2018\/12\/pr16-150x150.jpg\" class=\"attachment-thumbnail size-thumbnail\" alt=\"\" loading=\"lazy\" \/><\/a>\n\t\t\t<\/dt><\/dl><br style=\"clear: both\" \/>\n\t\t<\/div>\n\n<p style=\"text-align: center;\"><em>Fot: A.Budnik<\/em><\/p>\n","protected":false},"excerpt":{"rendered":"<p>Fot: A.Budnik<\/p>\n","protected":false},"author":1,"featured_media":0,"parent":90,"menu_order":0,"comment_status":"closed","ping_status":"open","template":"","meta":[],"_links":{"self":[{"href":"http:\/\/sp3.tuchola.pl\/wordpress\/index.php?rest_route=\/wp\/v2\/pages\/6262"}],"collection":[{"href":"http:\/\/sp3.tuchola.pl\/wordpress\/index.php?rest_route=\/wp\/v2\/pages"}],"about":[{"href":"http:\/\/sp3.tuchola.pl\/wordpress\/index.php?rest_route=\/wp\/v2\/types\/page"}],"author":[{"embeddable":true,"href":"http:\/\/sp3.tuchola.pl\/wordpress\/index.php?rest_route=\/wp\/v2\/users\/1"}],"replies":[{"embeddable":true,"href":"http:\/\/sp3.tuchola.pl\/wordpress\/index.php?rest_route=%2Fwp%2Fv2%2Fcomments&post=6262"}],"version-history":[{"count":2,"href":"http:\/\/sp3.tuchola.pl\/wordpress\/index.php?rest_route=\/wp\/v2\/pages\/6262\/revisions"}],"predecessor-version":[{"id":6338,"href":"http:\/\/sp3.tuchola.pl\/wordpress\/index.php?rest_route=\/wp\/v2\/pages\/6262\/revisions\/6338"}],"up":[{"embeddable":true,"href":"http:\/\/sp3.tuchola.pl\/wordpress\/index.php?rest_route=\/wp\/v2\/pages\/90"}],"wp:attachment":[{"href":"http:\/\/sp3.tuchola.pl\/wordpress\/index.php?rest_route=%2Fwp%2Fv2%2Fmedia&parent=6262"}],"curies":[{"name":"wp","href":"https:\/\/api.w.org\/{rel}","templated":true}]}}