{"id":5817,"date":"2018-11-13T09:31:03","date_gmt":"2018-11-13T08:31:03","guid":{"rendered":"http:\/\/sp3.tuchola.pl\/wordpress\/?page_id=5817"},"modified":"2018-11-13T09:31:03","modified_gmt":"2018-11-13T08:31:03","slug":"szkolne-obchody-narodowego-swieta-niepodleglosci-09-11-2018","status":"publish","type":"page","link":"http:\/\/sp3.tuchola.pl\/wordpress\/?page_id=5817","title":{"rendered":"Szkolne obchody Narodowego \u015awi\u0119ta Niepodleg\u0142o\u015bci &#8211; 09.11.2018"},"content":{"rendered":"\n\t\t<style type=\"text\/css\">\n\t\t\t#gallery-1 {\n\t\t\t\tmargin: auto;\n\t\t\t}\n\t\t\t#gallery-1 .gallery-item {\n\t\t\t\tfloat: left;\n\t\t\t\tmargin-top: 10px;\n\t\t\t\ttext-align: center;\n\t\t\t\twidth: 25%;\n\t\t\t}\n\t\t\t#gallery-1 img {\n\t\t\t\tborder: 2px solid #cfcfcf;\n\t\t\t}\n\t\t\t#gallery-1 .gallery-caption {\n\t\t\t\tmargin-left: 0;\n\t\t\t}\n\t\t\t\/* see gallery_shortcode() in wp-includes\/media.php *\/\n\t\t<\/style>\n\t\t<div id='gallery-1' class='gallery galleryid-5817 gallery-columns-4 gallery-size-thumbnail'><dl class='gallery-item'>\n\t\t\t<dt class='gallery-icon landscape'>\n\t\t\t\t<a href='http:\/\/sp3.tuchola.pl\/wordpress\/?attachment_id=5818'><img width=\"150\" height=\"150\" src=\"http:\/\/sp3.tuchola.pl\/wordpress\/wp-content\/uploads\/2018\/11\/11_11_2018_25-150x150.jpg\" class=\"attachment-thumbnail size-thumbnail\" alt=\"\" loading=\"lazy\" \/><\/a>\n\t\t\t<\/dt><\/dl><dl class='gallery-item'>\n\t\t\t<dt class='gallery-icon landscape'>\n\t\t\t\t<a href='http:\/\/sp3.tuchola.pl\/wordpress\/?attachment_id=5820'><img width=\"150\" height=\"150\" src=\"http:\/\/sp3.tuchola.pl\/wordpress\/wp-content\/uploads\/2018\/11\/11_11_2018_02-150x150.jpg\" class=\"attachment-thumbnail size-thumbnail\" alt=\"\" loading=\"lazy\" \/><\/a>\n\t\t\t<\/dt><\/dl><dl class='gallery-item'>\n\t\t\t<dt class='gallery-icon landscape'>\n\t\t\t\t<a href='http:\/\/sp3.tuchola.pl\/wordpress\/?attachment_id=5821'><img width=\"150\" height=\"150\" src=\"http:\/\/sp3.tuchola.pl\/wordpress\/wp-content\/uploads\/2018\/11\/11_11_2018_03-150x150.jpg\" class=\"attachment-thumbnail size-thumbnail\" alt=\"\" loading=\"lazy\" \/><\/a>\n\t\t\t<\/dt><\/dl><dl class='gallery-item'>\n\t\t\t<dt class='gallery-icon landscape'>\n\t\t\t\t<a href='http:\/\/sp3.tuchola.pl\/wordpress\/?attachment_id=5822'><img width=\"150\" height=\"150\" src=\"http:\/\/sp3.tuchola.pl\/wordpress\/wp-content\/uploads\/2018\/11\/11_11_2018_04-150x150.jpg\" class=\"attachment-thumbnail size-thumbnail\" alt=\"\" loading=\"lazy\" \/><\/a>\n\t\t\t<\/dt><\/dl><br style=\"clear: both\" \/><dl class='gallery-item'>\n\t\t\t<dt class='gallery-icon landscape'>\n\t\t\t\t<a href='http:\/\/sp3.tuchola.pl\/wordpress\/?attachment_id=5823'><img width=\"150\" height=\"150\" src=\"http:\/\/sp3.tuchola.pl\/wordpress\/wp-content\/uploads\/2018\/11\/11_11_2018_05-150x150.jpg\" class=\"attachment-thumbnail size-thumbnail\" alt=\"\" loading=\"lazy\" \/><\/a>\n\t\t\t<\/dt><\/dl><dl class='gallery-item'>\n\t\t\t<dt class='gallery-icon landscape'>\n\t\t\t\t<a href='http:\/\/sp3.tuchola.pl\/wordpress\/?attachment_id=5824'><img width=\"150\" height=\"150\" src=\"http:\/\/sp3.tuchola.pl\/wordpress\/wp-content\/uploads\/2018\/11\/11_11_2018_06-150x150.jpg\" class=\"attachment-thumbnail size-thumbnail\" alt=\"\" loading=\"lazy\" \/><\/a>\n\t\t\t<\/dt><\/dl><dl class='gallery-item'>\n\t\t\t<dt class='gallery-icon landscape'>\n\t\t\t\t<a href='http:\/\/sp3.tuchola.pl\/wordpress\/?attachment_id=5825'><img width=\"150\" height=\"150\" src=\"http:\/\/sp3.tuchola.pl\/wordpress\/wp-content\/uploads\/2018\/11\/11_11_2018_07-150x150.jpg\" class=\"attachment-thumbnail size-thumbnail\" alt=\"\" loading=\"lazy\" \/><\/a>\n\t\t\t<\/dt><\/dl><dl class='gallery-item'>\n\t\t\t<dt class='gallery-icon landscape'>\n\t\t\t\t<a href='http:\/\/sp3.tuchola.pl\/wordpress\/?attachment_id=5826'><img width=\"150\" height=\"150\" src=\"http:\/\/sp3.tuchola.pl\/wordpress\/wp-content\/uploads\/2018\/11\/11_11_2018_08-150x150.jpg\" class=\"attachment-thumbnail size-thumbnail\" alt=\"\" loading=\"lazy\" \/><\/a>\n\t\t\t<\/dt><\/dl><br style=\"clear: both\" \/><dl class='gallery-item'>\n\t\t\t<dt class='gallery-icon landscape'>\n\t\t\t\t<a href='http:\/\/sp3.tuchola.pl\/wordpress\/?attachment_id=5827'><img width=\"150\" height=\"150\" src=\"http:\/\/sp3.tuchola.pl\/wordpress\/wp-content\/uploads\/2018\/11\/11_11_2018_09-150x150.jpg\" class=\"attachment-thumbnail size-thumbnail\" alt=\"\" loading=\"lazy\" \/><\/a>\n\t\t\t<\/dt><\/dl><dl class='gallery-item'>\n\t\t\t<dt class='gallery-icon landscape'>\n\t\t\t\t<a href='http:\/\/sp3.tuchola.pl\/wordpress\/?attachment_id=5828'><img width=\"150\" height=\"150\" src=\"http:\/\/sp3.tuchola.pl\/wordpress\/wp-content\/uploads\/2018\/11\/11_11_2018_10-150x150.jpg\" class=\"attachment-thumbnail size-thumbnail\" alt=\"\" loading=\"lazy\" \/><\/a>\n\t\t\t<\/dt><\/dl><dl class='gallery-item'>\n\t\t\t<dt class='gallery-icon landscape'>\n\t\t\t\t<a href='http:\/\/sp3.tuchola.pl\/wordpress\/?attachment_id=5829'><img width=\"150\" height=\"150\" src=\"http:\/\/sp3.tuchola.pl\/wordpress\/wp-content\/uploads\/2018\/11\/11_11_2018_11-150x150.jpg\" class=\"attachment-thumbnail size-thumbnail\" alt=\"\" loading=\"lazy\" \/><\/a>\n\t\t\t<\/dt><\/dl><dl class='gallery-item'>\n\t\t\t<dt class='gallery-icon landscape'>\n\t\t\t\t<a href='http:\/\/sp3.tuchola.pl\/wordpress\/?attachment_id=5830'><img width=\"150\" height=\"150\" src=\"http:\/\/sp3.tuchola.pl\/wordpress\/wp-content\/uploads\/2018\/11\/11_11_2018_12-150x150.jpg\" class=\"attachment-thumbnail size-thumbnail\" alt=\"\" loading=\"lazy\" \/><\/a>\n\t\t\t<\/dt><\/dl><br style=\"clear: both\" \/><dl class='gallery-item'>\n\t\t\t<dt class='gallery-icon landscape'>\n\t\t\t\t<a href='http:\/\/sp3.tuchola.pl\/wordpress\/?attachment_id=5831'><img width=\"150\" height=\"150\" src=\"http:\/\/sp3.tuchola.pl\/wordpress\/wp-content\/uploads\/2018\/11\/11_11_2018_13-150x150.jpg\" class=\"attachment-thumbnail size-thumbnail\" alt=\"\" loading=\"lazy\" \/><\/a>\n\t\t\t<\/dt><\/dl><dl class='gallery-item'>\n\t\t\t<dt class='gallery-icon landscape'>\n\t\t\t\t<a href='http:\/\/sp3.tuchola.pl\/wordpress\/?attachment_id=5832'><img width=\"150\" height=\"150\" src=\"http:\/\/sp3.tuchola.pl\/wordpress\/wp-content\/uploads\/2018\/11\/11_11_2018_14-150x150.jpg\" class=\"attachment-thumbnail size-thumbnail\" alt=\"\" loading=\"lazy\" \/><\/a>\n\t\t\t<\/dt><\/dl><dl class='gallery-item'>\n\t\t\t<dt class='gallery-icon portrait'>\n\t\t\t\t<a href='http:\/\/sp3.tuchola.pl\/wordpress\/?attachment_id=5833'><img width=\"150\" height=\"150\" src=\"http:\/\/sp3.tuchola.pl\/wordpress\/wp-content\/uploads\/2018\/11\/11_11_2018_15-150x150.jpg\" class=\"attachment-thumbnail size-thumbnail\" alt=\"\" loading=\"lazy\" \/><\/a>\n\t\t\t<\/dt><\/dl><dl class='gallery-item'>\n\t\t\t<dt class='gallery-icon landscape'>\n\t\t\t\t<a href='http:\/\/sp3.tuchola.pl\/wordpress\/?attachment_id=5834'><img width=\"150\" height=\"150\" src=\"http:\/\/sp3.tuchola.pl\/wordpress\/wp-content\/uploads\/2018\/11\/11_11_2018_16-150x150.jpg\" class=\"attachment-thumbnail size-thumbnail\" alt=\"\" loading=\"lazy\" \/><\/a>\n\t\t\t<\/dt><\/dl><br style=\"clear: both\" \/><dl class='gallery-item'>\n\t\t\t<dt class='gallery-icon landscape'>\n\t\t\t\t<a href='http:\/\/sp3.tuchola.pl\/wordpress\/?attachment_id=5835'><img width=\"150\" height=\"150\" src=\"http:\/\/sp3.tuchola.pl\/wordpress\/wp-content\/uploads\/2018\/11\/11_11_2018_17-150x150.jpg\" class=\"attachment-thumbnail size-thumbnail\" alt=\"\" loading=\"lazy\" \/><\/a>\n\t\t\t<\/dt><\/dl><dl class='gallery-item'>\n\t\t\t<dt class='gallery-icon landscape'>\n\t\t\t\t<a href='http:\/\/sp3.tuchola.pl\/wordpress\/?attachment_id=5836'><img width=\"150\" height=\"150\" src=\"http:\/\/sp3.tuchola.pl\/wordpress\/wp-content\/uploads\/2018\/11\/11_11_2018_18-150x150.jpg\" class=\"attachment-thumbnail size-thumbnail\" alt=\"\" loading=\"lazy\" \/><\/a>\n\t\t\t<\/dt><\/dl><dl class='gallery-item'>\n\t\t\t<dt class='gallery-icon landscape'>\n\t\t\t\t<a href='http:\/\/sp3.tuchola.pl\/wordpress\/?attachment_id=5837'><img width=\"150\" height=\"150\" src=\"http:\/\/sp3.tuchola.pl\/wordpress\/wp-content\/uploads\/2018\/11\/11_11_2018_19-150x150.jpg\" class=\"attachment-thumbnail size-thumbnail\" alt=\"\" loading=\"lazy\" \/><\/a>\n\t\t\t<\/dt><\/dl><dl class='gallery-item'>\n\t\t\t<dt class='gallery-icon landscape'>\n\t\t\t\t<a href='http:\/\/sp3.tuchola.pl\/wordpress\/?attachment_id=5838'><img width=\"150\" height=\"150\" src=\"http:\/\/sp3.tuchola.pl\/wordpress\/wp-content\/uploads\/2018\/11\/11_11_2018_20-150x150.jpg\" class=\"attachment-thumbnail size-thumbnail\" alt=\"\" loading=\"lazy\" \/><\/a>\n\t\t\t<\/dt><\/dl><br style=\"clear: both\" \/><dl class='gallery-item'>\n\t\t\t<dt class='gallery-icon landscape'>\n\t\t\t\t<a href='http:\/\/sp3.tuchola.pl\/wordpress\/?attachment_id=5839'><img width=\"150\" height=\"150\" src=\"http:\/\/sp3.tuchola.pl\/wordpress\/wp-content\/uploads\/2018\/11\/11_11_2018_21-150x150.jpg\" class=\"attachment-thumbnail size-thumbnail\" alt=\"\" loading=\"lazy\" \/><\/a>\n\t\t\t<\/dt><\/dl><dl class='gallery-item'>\n\t\t\t<dt class='gallery-icon landscape'>\n\t\t\t\t<a href='http:\/\/sp3.tuchola.pl\/wordpress\/?attachment_id=5840'><img width=\"150\" height=\"150\" src=\"http:\/\/sp3.tuchola.pl\/wordpress\/wp-content\/uploads\/2018\/11\/11_11_2018_22-150x150.jpg\" class=\"attachment-thumbnail size-thumbnail\" alt=\"\" loading=\"lazy\" \/><\/a>\n\t\t\t<\/dt><\/dl><dl class='gallery-item'>\n\t\t\t<dt class='gallery-icon landscape'>\n\t\t\t\t<a href='http:\/\/sp3.tuchola.pl\/wordpress\/?attachment_id=5841'><img width=\"150\" height=\"150\" src=\"http:\/\/sp3.tuchola.pl\/wordpress\/wp-content\/uploads\/2018\/11\/11_11_2018_23-150x150.jpg\" class=\"attachment-thumbnail size-thumbnail\" alt=\"\" loading=\"lazy\" \/><\/a>\n\t\t\t<\/dt><\/dl><dl class='gallery-item'>\n\t\t\t<dt class='gallery-icon landscape'>\n\t\t\t\t<a href='http:\/\/sp3.tuchola.pl\/wordpress\/?attachment_id=5842'><img width=\"150\" height=\"150\" src=\"http:\/\/sp3.tuchola.pl\/wordpress\/wp-content\/uploads\/2018\/11\/11_11_2018_24-150x150.jpg\" class=\"attachment-thumbnail size-thumbnail\" alt=\"\" loading=\"lazy\" \/><\/a>\n\t\t\t<\/dt><\/dl><br style=\"clear: both\" \/>\n\t\t<\/div>\n\n","protected":false},"excerpt":{"rendered":"","protected":false},"author":1,"featured_media":0,"parent":90,"menu_order":0,"comment_status":"closed","ping_status":"open","template":"","meta":[],"_links":{"self":[{"href":"http:\/\/sp3.tuchola.pl\/wordpress\/index.php?rest_route=\/wp\/v2\/pages\/5817"}],"collection":[{"href":"http:\/\/sp3.tuchola.pl\/wordpress\/index.php?rest_route=\/wp\/v2\/pages"}],"about":[{"href":"http:\/\/sp3.tuchola.pl\/wordpress\/index.php?rest_route=\/wp\/v2\/types\/page"}],"author":[{"embeddable":true,"href":"http:\/\/sp3.tuchola.pl\/wordpress\/index.php?rest_route=\/wp\/v2\/users\/1"}],"replies":[{"embeddable":true,"href":"http:\/\/sp3.tuchola.pl\/wordpress\/index.php?rest_route=%2Fwp%2Fv2%2Fcomments&post=5817"}],"version-history":[{"count":2,"href":"http:\/\/sp3.tuchola.pl\/wordpress\/index.php?rest_route=\/wp\/v2\/pages\/5817\/revisions"}],"predecessor-version":[{"id":5844,"href":"http:\/\/sp3.tuchola.pl\/wordpress\/index.php?rest_route=\/wp\/v2\/pages\/5817\/revisions\/5844"}],"up":[{"embeddable":true,"href":"http:\/\/sp3.tuchola.pl\/wordpress\/index.php?rest_route=\/wp\/v2\/pages\/90"}],"wp:attachment":[{"href":"http:\/\/sp3.tuchola.pl\/wordpress\/index.php?rest_route=%2Fwp%2Fv2%2Fmedia&parent=5817"}],"curies":[{"name":"wp","href":"https:\/\/api.w.org\/{rel}","templated":true}]}}