{"id":54,"date":"2014-02-25T10:10:24","date_gmt":"2014-02-25T09:10:24","guid":{"rendered":"http:\/\/sp3.tuchola.pl\/wordpress\/?page_id=54"},"modified":"2019-12-04T15:12:56","modified_gmt":"2019-12-04T14:12:56","slug":"mlodzi-borowiacy","status":"publish","type":"page","link":"http:\/\/sp3.tuchola.pl\/wordpress\/?page_id=54","title":{"rendered":"Zesp\u00f3\u0142 Pie\u015bni i Ta\u0144ca &#8222;M\u0142odzi Borowiacy&#8221;"},"content":{"rendered":"<p><a href=\"http:\/\/sp3.tuchola.pl\/wordpress\/wp-content\/uploads\/2014\/02\/mb01.jpg\"><img loading=\"lazy\" class=\"aligncenter size-full wp-image-1557\" src=\"http:\/\/sp3.tuchola.pl\/wordpress\/wp-content\/uploads\/2014\/02\/mb01.jpg\" alt=\"mb01\" width=\"600\" height=\"310\" srcset=\"http:\/\/sp3.tuchola.pl\/wordpress\/wp-content\/uploads\/2014\/02\/mb01.jpg 600w, http:\/\/sp3.tuchola.pl\/wordpress\/wp-content\/uploads\/2014\/02\/mb01-300x155.jpg 300w\" sizes=\"(max-width: 600px) 100vw, 600px\" \/><\/a><\/p>\n<p style=\"text-align: left;\">W Szkole Podstawowej nr 3 im. M. Kopernika w Tucholi od wielu lat kultywowane s\u0105 bogate tradycje zwi\u0105zane z kultur\u0105 borowiack\u0105 oraz regionem Bor\u00f3w Tucholskich. Wyrazem tej dzia\u0142alno\u015bci s\u0105 liczne programy autorskie, ko\u0142a zainteresowa\u0144, tw\u00f3rczo\u015b\u0107 dzieci\u0119ca, a szczeg\u00f3ln\u0105 dum\u0105 Zesp\u00f3\u0142 Pie\u015bni i Ta\u0144ca &#8222;M\u0142odzi Borowiacy&#8221;.<\/p>\n<p>Historia &#8222;M\u0142odych Borowiak\u00f3w&#8221; rozpocz\u0119\u0142a si\u0119 w roku 1976, a tw\u00f3rc\u0105 zespo\u0142u by\u0142a Maria Ollick. Grupa zako\u0144czy\u0142a dzia\u0142alno\u015b\u0107 pod koniec lat 80-tych. Zesp\u00f3\u0142 zosta\u0142 reaktywowany w 1998 roku z inicjatywy dyrektora szko\u0142y Ewy K\u0142osowskiej. Powsta\u0142 przy wsp\u00f3\u0142pracy i dzi\u0119ki pomocy Dyrektora Tucholskiego O\u015brodka Kultury Renaty Basta. Otrzyma\u0142 te\u017c now\u0105 nazw\u0119: Zesp\u00f3\u0142 Pie\u015bni i Ta\u0144ca &#8222;M\u0142odzi Borowiacy&#8221;. Piewszymi opiekunami zespo\u0142u byli Joanna Walczak i \u0141ukasz Czapiewski.<a href=\"http:\/\/sp3.tuchola.pl\/wordpress\/wp-content\/uploads\/2014\/02\/mb02.jpg\"><img loading=\"lazy\" class=\"aligncenter size-full wp-image-1558\" src=\"http:\/\/sp3.tuchola.pl\/wordpress\/wp-content\/uploads\/2014\/02\/mb02.jpg\" alt=\"mb02\" width=\"500\" height=\"259\" srcset=\"http:\/\/sp3.tuchola.pl\/wordpress\/wp-content\/uploads\/2014\/02\/mb02.jpg 500w, http:\/\/sp3.tuchola.pl\/wordpress\/wp-content\/uploads\/2014\/02\/mb02-300x155.jpg 300w\" sizes=\"(max-width: 500px) 100vw, 500px\" \/><\/a><br \/>\nRozw\u00f3j zespo\u0142u i jego obecny poziom artystyczny jest wynikiem ogromnego zaanga\u017cowania nauczycieli: Doroty Szulc &#8211; kierownika artystycznego i choreografa, Iwony Biesek &#8211; organizatora spraw pozascenicznych, Andrzeja Giersza &#8211; muzyka oraz instruktora Tucholskiego O\u015brodka Kultury &#8211; Piotra Talkowskiego &#8211; kompozytora i aran\u017cera.<br \/>\nCz\u0142onkami zespo\u0142u s\u0105 dzieci ze Szko\u0142y Podstawowej nr 3 im. Miko\u0142aja Kopernika w Tucholi oraz nieliczni jej absolwenci. Sk\u0142ad zespo\u0142u zmienia si\u0119 co kilka lat. Pozytywne jest to, \u017ce w szkole w ka\u017cdym cyklu kszta\u0142cenia du\u017ca grupa dzieci mo\u017ce bezpo\u015brednio zetkn\u0105\u0107 si\u0119 z kultur\u0105 regionu (strojami, gwar\u0105, pie\u015bniami). Pr\u00f3by zespo\u0142u odbywaj\u0105 si\u0119 w ci\u0105gu ca\u0142ego roku szkolnego. Ten czas sp\u0119dzany jest efektywnie na opracowywaniu nowych uk\u0142ad\u00f3w tanecznych i przy\u015bpiewek czy pie\u015bni. W lutym ka\u017cdego roku spo\u015br\u00f3d dzieci klas I i II odbywa si\u0119 nab\u00f3r do zespo\u0142u. Dwa razy w roku szkolnym organizowane s\u0105 biwaki wypoczynkowo &#8211; szkoleniowe, na kt\u00f3rych nie tylko doskonali si\u0119 umiej\u0119tno\u015bci zespo\u0142u, ale przede wszystkim integruje jego cz\u0142onk\u00f3w.<br \/>\nW repertuarze zespo\u0142u znajduj\u0105 si\u0119 ta\u0144ce oraz przy\u015bpiewki borowiackie i kaszubskie. Program trwa 45 minut. Na scenie prezentuje si\u0119 40-45 osobowa grupa taneczna i ch\u00f3r. Mimo zmian sk\u0142adu program artystyczny stanowi coraz bogatsz\u0105 ofert\u0119 kulturaln\u0105, a zesp\u00f3\u0142 konsekwentnie rozwija si\u0119 pod wzgl\u0119dem tanecznym, muzycznym i wizualnym.<br \/>\nZesp\u00f3\u0142 Pie\u015bni i Ta\u0144ca &#8222;M\u0142odzi Borowiacy&#8221; pi\u0119knie prezentuje si\u0119 na scenie. <a href=\"http:\/\/sp3.tuchola.pl\/wordpress\/wp-content\/uploads\/2014\/02\/mb03.jpg\"><img loading=\"lazy\" class=\"aligncenter size-full wp-image-1561\" src=\"http:\/\/sp3.tuchola.pl\/wordpress\/wp-content\/uploads\/2014\/02\/mb03.jpg\" alt=\"mb03\" width=\"350\" height=\"242\" srcset=\"http:\/\/sp3.tuchola.pl\/wordpress\/wp-content\/uploads\/2014\/02\/mb03.jpg 350w, http:\/\/sp3.tuchola.pl\/wordpress\/wp-content\/uploads\/2014\/02\/mb03-300x207.jpg 300w\" sizes=\"(max-width: 350px) 100vw, 350px\" \/><\/a>Zachwyca \u015bwie\u017co\u015bci\u0105 dzieci\u0119cych twarzy, a tak\u017ce biel\u0105 bluzek i fartuszk\u00f3w ozdobionych z\u0142oto-br\u0105zowym haftem regionalnym &#8211; symbolem naszej ziemi. Te same elementy haftu mo\u017cna znale\u017a\u0107 na przepaskach i serdakach dziewczynek. Stroje powsta\u0142y dzi\u0119ki staraniom nauczycieli i dyrektora szko\u0142y, a hafty s\u0105 wynikiem spo\u0142ecznej pracy rodzic\u00f3w oraz hafciarek pod kierownictwem Marianny Weilandt, Stanis\u0142awy Betyny.<br \/>\n12 maja 1999 roku zesp\u00f3\u0142 zaprezentowa\u0142 si\u0119 po raz pierwszy szerokiej publiczno\u015bci na VII festynie wiosennym &#8211; tradycyjnej uroczysto\u015bci organizowanej w SP nr 3 w Tucholi pod koniec roku szkolnego. Od tego czasu sw\u00f3j kunszt taneczny i wokalny zesp\u00f3\u0142 mia\u0142 okazj\u0119 pokaza\u0107 na wielu imprezach, m. in.:<br \/>\n\u00b0 Dniach Bor\u00f3w Tucholskich;<br \/>\n\u00b0 tarach le\u015bnych Eko &#8211; Las;<br \/>\n\u00b0 \u015awi\u0119cie Kukurydzy w Wieszczycach;<br \/>\n\u00b0 Turnieju Miast;<br \/>\n\u00b0 &#8222;Czym chata bogata&#8221;;<br \/>\n\u00b0 Konwencie Starost\u00f3w;<br \/>\n\u00b0 prezentacji region\u00f3w wojew\u00f3dztwa kujawsko &#8211; pomorskiego;<br \/>\n\u00b0 Biesiadzie Samorz\u0105dowej w Kutnie;<br \/>\n\u00b0 Mi\u0119dzywojew\u00f3dzkim Przegl\u0105dzie Zespo\u0142\u00f3w Folklorystycznych w Bydgoszczy i Z\u0142otowie;<br \/>\n\u00b0 \u015awi\u0119cie Gwark\u00f3w w Tarnowskich G\u00f3rach;<br \/>\n\u00b0 na gali wr\u0119czenia nagr\u00f3d konkursu &#8222;Farmer &#8211; Rolnik Roku&#8221;;<br \/>\n\u00b0 \u015awi\u0119cie Patronki Miasta;<br \/>\n\u00b0 80-leciu Regionalnej Dyrekcji Las\u00f3w Pa\u0144stwowych w Toruniu.\u00a0\u00a0\u00a0 &#8222;M\u0142odzi Borowiacy&#8221; wspieraj\u0105 dzia\u0142alno\u015b\u0107 charytatywn\u0105, aktywnie wsp\u00f3\u0142pracuj\u0105 z Zespo\u0142em Szk\u00f3\u0142 Le\u015bnych i Agrotechnicznych. Koncertuj\u0105 z wielk\u0105 przyjemno\u015bci\u0105 dla dzieci niepe\u0142nosprawnych i mieszka\u0144c\u00f3w Tucholi. Przyjmowali go\u015bci z Niemiec i Francji, brali te\u017c udzia\u0142 w nagraniu programu dla Telewizji Bydgoszcz i Radia Pik.<br \/>\nDzia\u0142alno\u015b\u0107 zespo\u0142u zosta\u0142a doceniona na III Wojew\u00f3dzkim Przegl\u0105dzie Zespo\u0142\u00f3w Folklorystycznych &#8222;Regiony&#8221; w Bydgoszczy w czerwcu 2005 roku. Grupa zaj\u0119\u0142a tam drugie miejsce.<a href=\"http:\/\/sp3.tuchola.pl\/wordpress\/wp-content\/uploads\/2014\/02\/mb05.jpg\"><img loading=\"lazy\" class=\"aligncenter size-full wp-image-1565\" src=\"http:\/\/sp3.tuchola.pl\/wordpress\/wp-content\/uploads\/2014\/02\/mb05.jpg\" alt=\"mb05\" width=\"350\" height=\"244\" srcset=\"http:\/\/sp3.tuchola.pl\/wordpress\/wp-content\/uploads\/2014\/02\/mb05.jpg 350w, http:\/\/sp3.tuchola.pl\/wordpress\/wp-content\/uploads\/2014\/02\/mb05-300x209.jpg 300w\" sizes=\"(max-width: 350px) 100vw, 350px\" \/><\/a><br \/>\nW 2005 roku zesp\u00f3\u0142 nagra\u0142 i wyda\u0142 p\u0142yt\u0119 z wi\u0105zank\u0105 przy\u015bpiewek borowiackich.<\/p>\n<p><a href=\"http:\/\/sp3.tuchola.pl\/wordpress\/wp-content\/uploads\/2014\/02\/mb04.jpg\"><img loading=\"lazy\" class=\"aligncenter size-full wp-image-1563\" src=\"http:\/\/sp3.tuchola.pl\/wordpress\/wp-content\/uploads\/2014\/02\/mb04.jpg\" alt=\"mb04\" width=\"300\" height=\"244\" \/><\/a><\/p>\n","protected":false},"excerpt":{"rendered":"<p>W Szkole Podstawowej nr 3 im. M. Kopernika w Tucholi od wielu lat kultywowane s\u0105 bogate tradycje zwi\u0105zane z kultur\u0105 borowiack\u0105 oraz regionem Bor\u00f3w Tucholskich. Wyrazem tej dzia\u0142alno\u015bci s\u0105 liczne programy autorskie, ko\u0142a zainteresowa\u0144, tw\u00f3rczo\u015b\u0107 dzieci\u0119ca, a szczeg\u00f3ln\u0105 dum\u0105 Zesp\u00f3\u0142 Pie\u015bni i Ta\u0144ca &#8222;M\u0142odzi Borowiacy&#8221;. Historia &#8222;M\u0142odych Borowiak\u00f3w&#8221; rozpocz\u0119\u0142a si\u0119 w roku 1976, a tw\u00f3rc\u0105 [&hellip;]<\/p>\n","protected":false},"author":1,"featured_media":0,"parent":2,"menu_order":4,"comment_status":"closed","ping_status":"open","template":"","meta":[],"_links":{"self":[{"href":"http:\/\/sp3.tuchola.pl\/wordpress\/index.php?rest_route=\/wp\/v2\/pages\/54"}],"collection":[{"href":"http:\/\/sp3.tuchola.pl\/wordpress\/index.php?rest_route=\/wp\/v2\/pages"}],"about":[{"href":"http:\/\/sp3.tuchola.pl\/wordpress\/index.php?rest_route=\/wp\/v2\/types\/page"}],"author":[{"embeddable":true,"href":"http:\/\/sp3.tuchola.pl\/wordpress\/index.php?rest_route=\/wp\/v2\/users\/1"}],"replies":[{"embeddable":true,"href":"http:\/\/sp3.tuchola.pl\/wordpress\/index.php?rest_route=%2Fwp%2Fv2%2Fcomments&post=54"}],"version-history":[{"count":10,"href":"http:\/\/sp3.tuchola.pl\/wordpress\/index.php?rest_route=\/wp\/v2\/pages\/54\/revisions"}],"predecessor-version":[{"id":8195,"href":"http:\/\/sp3.tuchola.pl\/wordpress\/index.php?rest_route=\/wp\/v2\/pages\/54\/revisions\/8195"}],"up":[{"embeddable":true,"href":"http:\/\/sp3.tuchola.pl\/wordpress\/index.php?rest_route=\/wp\/v2\/pages\/2"}],"wp:attachment":[{"href":"http:\/\/sp3.tuchola.pl\/wordpress\/index.php?rest_route=%2Fwp%2Fv2%2Fmedia&parent=54"}],"curies":[{"name":"wp","href":"https:\/\/api.w.org\/{rel}","templated":true}]}}