{"id":41,"date":"2014-02-25T09:46:53","date_gmt":"2014-02-25T08:46:53","guid":{"rendered":"http:\/\/sp3.tuchola.pl\/wordpress\/?page_id=41"},"modified":"2021-07-19T21:40:39","modified_gmt":"2021-07-19T19:40:39","slug":"biblioteka","status":"publish","type":"page","link":"http:\/\/sp3.tuchola.pl\/wordpress\/?page_id=41","title":{"rendered":"Biblioteka"},"content":{"rendered":"<p style=\"text-align: center;\"><em>Z ksi\u0105\u017cki p\u0142ynie odwaga,<\/em><br \/>\n<em> Ksi\u0105\u017cka w \u017cyciu pomaga\u2026<\/em><br \/>\n<strong>K. I. GA\u0141CZY\u0143SKI<\/strong><\/p>\n<p style=\"text-align: center;\">Nasza szkolna biblioteka otwarta jest codziennie od poniedzia\u0142ku do pi\u0105tku w godzinach:<br \/>\n<b>Poniedzia\u0142ek: 8.45 &#8211; 14.00<br \/>\nWtorek: 9.00 &#8211; 15.00<br \/>\n\u015aroda: 9.00 &#8211; 12.55<br \/>\nCzwartek: 9.00 &#8211; 14.00<br \/>\nPi\u0105tek: 8.00 &#8211; 14.00<\/b><\/p>\n<p style=\"text-align: left;\">Posiadamy bogate zbiory lektur oraz mn\u00f3stwo innych pozycji z literatury dzieci\u0119cej i m\u0142odzie\u017cowej. Udost\u0119pniamy tak\u017ce zasoby audiowizualne oraz sporo specjalistycznych czasopism przeznaczonych dla nauczycieli. W bibliotece funkcjonuje ICIM &#8211; Internetowe Centrum Informacji Multimedialnej, dzi\u0119ki kt\u00f3remu mo\u017cna skorzysta\u0107 z komputer\u00f3w oraz zasob\u00f3w internetu. Z naszej oferty mog\u0105 korzysta\u0107 wszyscy uczniowie i pracownicy szko\u0142y. W ramach ko\u0142a bibliotecznego prowadzimy zaj\u0119cia z uczniami chc\u0105cymi pozna\u0107 tajniki pracy bibliotekarza. Kierownikiem biblioteki jest mgr Agnieszka Tyde a razem z ni\u0105 pracuje mgr Danuta Wi\u015bniewska.<br \/>\nBiblioteka organizuje r\u00f3wnie\u017c konkursy i r\u00f3\u017cne imprezy, np:<\/p>\n<p style=\"text-align: left;\"><em>Pasowanie na Czytelnika dla uczni\u00f3w klas I<\/em>. <a href=\"http:\/\/sp3.tuchola.pl\/wordpress\/wp-content\/uploads\/2014\/02\/konkurs.jpg\"><img loading=\"lazy\" class=\"aligncenter size-full wp-image-1552\" src=\"http:\/\/sp3.tuchola.pl\/wordpress\/wp-content\/uploads\/2014\/02\/konkurs.jpg\" alt=\"konkurs\" width=\"400\" height=\"267\" srcset=\"http:\/\/sp3.tuchola.pl\/wordpress\/wp-content\/uploads\/2014\/02\/konkurs.jpg 400w, http:\/\/sp3.tuchola.pl\/wordpress\/wp-content\/uploads\/2014\/02\/konkurs-300x200.jpg 300w\" sizes=\"(max-width: 400px) 100vw, 400px\" \/><\/a><em>Konkurs Pi\u0119knego czytania<\/em><\/p>\n<p style=\"text-align: center;\"><a href=\"http:\/\/sp3.tuchola.pl\/wordpress\/wp-content\/uploads\/2014\/02\/bb02.jpg\"><img loading=\"lazy\" class=\"aligncenter size-medium wp-image-3650\" src=\"http:\/\/sp3.tuchola.pl\/wordpress\/wp-content\/uploads\/2014\/02\/bb02-300x168.jpg\" alt=\"bb02\" width=\"300\" height=\"168\" srcset=\"http:\/\/sp3.tuchola.pl\/wordpress\/wp-content\/uploads\/2014\/02\/bb02-300x168.jpg 300w, http:\/\/sp3.tuchola.pl\/wordpress\/wp-content\/uploads\/2014\/02\/bb02.jpg 900w\" sizes=\"(max-width: 300px) 100vw, 300px\" \/><\/a><\/p>\n<p style=\"text-align: center;\"><em>Wycieczki dla cz\u0142onk\u00f3w Ko\u0142a Przyjaci\u00f3\u0142 Biblioteki Szkolnej<\/em><\/p>\n<p style=\"text-align: justify;\">Biblioteka szkolna otrzyma\u0142a w roku szkolnym 2016\/2017 dotacj\u0119 w wysoko\u015bci 15000 z\u0142 z Narodowego Programu Rozwoju Czytelnictwa.<br \/>\nNowe ksi\u0105\u017cki zakupiono po zapoznaniu si\u0119 z zainteresowaniami uczni\u00f3w. W plebiscycie &#8222;Ksi\u0105\u017cki naszych marze\u0144&#8221; i &#8222;Wybory ksi\u0105\u017cek&#8221; stworzono list\u0119 ulubionych lektur. Dopisano do niej r\u00f3wnie\u017c pozycje z &#8222;Og\u00f3lnopolskich wybor\u00f3w ksi\u0105\u017cki&#8221; z roku 2015.<\/p>\n<p style=\"text-align: justify;\"><a href=\"http:\/\/sp3.tuchola.pl\/wordpress\/wp-content\/uploads\/2014\/02\/bb06.jpg\"><img loading=\"lazy\" class=\"aligncenter size-medium wp-image-3652\" src=\"http:\/\/sp3.tuchola.pl\/wordpress\/wp-content\/uploads\/2014\/02\/bb06-300x184.jpg\" alt=\"bb06\" width=\"300\" height=\"184\" srcset=\"http:\/\/sp3.tuchola.pl\/wordpress\/wp-content\/uploads\/2014\/02\/bb06-300x184.jpg 300w, http:\/\/sp3.tuchola.pl\/wordpress\/wp-content\/uploads\/2014\/02\/bb06.jpg 750w\" sizes=\"(max-width: 300px) 100vw, 300px\" \/><\/a><\/p>\n<p style=\"text-align: center;\"><strong>SERDECZNIE ZAPRASZAMY!<\/strong><\/p>\n","protected":false},"excerpt":{"rendered":"<p>Z ksi\u0105\u017cki p\u0142ynie odwaga, Ksi\u0105\u017cka w \u017cyciu pomaga\u2026 K. I. GA\u0141CZY\u0143SKI Nasza szkolna biblioteka otwarta jest codziennie od poniedzia\u0142ku do pi\u0105tku w godzinach: Poniedzia\u0142ek: 8.45 &#8211; 14.00 Wtorek: 9.00 &#8211; 15.00 \u015aroda: 9.00 &#8211; 12.55 Czwartek: 9.00 &#8211; 14.00 Pi\u0105tek: 8.00 &#8211; 14.00 Posiadamy bogate zbiory lektur oraz mn\u00f3stwo innych pozycji z literatury dzieci\u0119cej i [&hellip;]<\/p>\n","protected":false},"author":1,"featured_media":0,"parent":2,"menu_order":2,"comment_status":"closed","ping_status":"open","template":"","meta":[],"_links":{"self":[{"href":"http:\/\/sp3.tuchola.pl\/wordpress\/index.php?rest_route=\/wp\/v2\/pages\/41"}],"collection":[{"href":"http:\/\/sp3.tuchola.pl\/wordpress\/index.php?rest_route=\/wp\/v2\/pages"}],"about":[{"href":"http:\/\/sp3.tuchola.pl\/wordpress\/index.php?rest_route=\/wp\/v2\/types\/page"}],"author":[{"embeddable":true,"href":"http:\/\/sp3.tuchola.pl\/wordpress\/index.php?rest_route=\/wp\/v2\/users\/1"}],"replies":[{"embeddable":true,"href":"http:\/\/sp3.tuchola.pl\/wordpress\/index.php?rest_route=%2Fwp%2Fv2%2Fcomments&post=41"}],"version-history":[{"count":98,"href":"http:\/\/sp3.tuchola.pl\/wordpress\/index.php?rest_route=\/wp\/v2\/pages\/41\/revisions"}],"predecessor-version":[{"id":9846,"href":"http:\/\/sp3.tuchola.pl\/wordpress\/index.php?rest_route=\/wp\/v2\/pages\/41\/revisions\/9846"}],"up":[{"embeddable":true,"href":"http:\/\/sp3.tuchola.pl\/wordpress\/index.php?rest_route=\/wp\/v2\/pages\/2"}],"wp:attachment":[{"href":"http:\/\/sp3.tuchola.pl\/wordpress\/index.php?rest_route=%2Fwp%2Fv2%2Fmedia&parent=41"}],"curies":[{"name":"wp","href":"https:\/\/api.w.org\/{rel}","templated":true}]}}