{"id":3775,"date":"2016-12-20T10:44:20","date_gmt":"2016-12-20T09:44:20","guid":{"rendered":"http:\/\/sp3.tuchola.pl\/wordpress\/?page_id=3775"},"modified":"2016-12-20T10:44:20","modified_gmt":"2016-12-20T09:44:20","slug":"swiateczne-wystepy-grudzien-2016","status":"publish","type":"page","link":"http:\/\/sp3.tuchola.pl\/wordpress\/?page_id=3775","title":{"rendered":"\u015awi\u0105teczne wyst\u0119py &#8211; grudzie\u0144 2016"},"content":{"rendered":"\n\t\t<style type=\"text\/css\">\n\t\t\t#gallery-1 {\n\t\t\t\tmargin: auto;\n\t\t\t}\n\t\t\t#gallery-1 .gallery-item {\n\t\t\t\tfloat: left;\n\t\t\t\tmargin-top: 10px;\n\t\t\t\ttext-align: center;\n\t\t\t\twidth: 33%;\n\t\t\t}\n\t\t\t#gallery-1 img {\n\t\t\t\tborder: 2px solid #cfcfcf;\n\t\t\t}\n\t\t\t#gallery-1 .gallery-caption {\n\t\t\t\tmargin-left: 0;\n\t\t\t}\n\t\t\t\/* see gallery_shortcode() in wp-includes\/media.php *\/\n\t\t<\/style>\n\t\t<div id='gallery-1' class='gallery galleryid-3775 gallery-columns-3 gallery-size-thumbnail'><dl class='gallery-item'>\n\t\t\t<dt class='gallery-icon portrait'>\n\t\t\t\t<a href='http:\/\/sp3.tuchola.pl\/wordpress\/?attachment_id=3776'><img width=\"150\" height=\"150\" src=\"http:\/\/sp3.tuchola.pl\/wordpress\/wp-content\/uploads\/2016\/12\/jas_2016-01-150x150.jpg\" class=\"attachment-thumbnail size-thumbnail\" alt=\"\" loading=\"lazy\" \/><\/a>\n\t\t\t<\/dt><\/dl><dl class='gallery-item'>\n\t\t\t<dt class='gallery-icon landscape'>\n\t\t\t\t<a href='http:\/\/sp3.tuchola.pl\/wordpress\/?attachment_id=3777'><img width=\"150\" height=\"150\" src=\"http:\/\/sp3.tuchola.pl\/wordpress\/wp-content\/uploads\/2016\/12\/jas_2016-02-150x150.jpg\" class=\"attachment-thumbnail size-thumbnail\" alt=\"\" loading=\"lazy\" \/><\/a>\n\t\t\t<\/dt><\/dl><dl class='gallery-item'>\n\t\t\t<dt class='gallery-icon landscape'>\n\t\t\t\t<a href='http:\/\/sp3.tuchola.pl\/wordpress\/?attachment_id=3778'><img width=\"150\" height=\"150\" src=\"http:\/\/sp3.tuchola.pl\/wordpress\/wp-content\/uploads\/2016\/12\/jas_2016-03-150x150.jpg\" class=\"attachment-thumbnail size-thumbnail\" alt=\"\" loading=\"lazy\" \/><\/a>\n\t\t\t<\/dt><\/dl><br style=\"clear: both\" \/><dl class='gallery-item'>\n\t\t\t<dt class='gallery-icon landscape'>\n\t\t\t\t<a href='http:\/\/sp3.tuchola.pl\/wordpress\/?attachment_id=3779'><img width=\"150\" height=\"150\" src=\"http:\/\/sp3.tuchola.pl\/wordpress\/wp-content\/uploads\/2016\/12\/jas_2016-04-150x150.jpg\" class=\"attachment-thumbnail size-thumbnail\" alt=\"\" loading=\"lazy\" \/><\/a>\n\t\t\t<\/dt><\/dl><dl class='gallery-item'>\n\t\t\t<dt class='gallery-icon portrait'>\n\t\t\t\t<a href='http:\/\/sp3.tuchola.pl\/wordpress\/?attachment_id=3780'><img width=\"150\" height=\"150\" src=\"http:\/\/sp3.tuchola.pl\/wordpress\/wp-content\/uploads\/2016\/12\/jas_2016-05-150x150.jpg\" class=\"attachment-thumbnail size-thumbnail\" alt=\"\" loading=\"lazy\" \/><\/a>\n\t\t\t<\/dt><\/dl><dl class='gallery-item'>\n\t\t\t<dt class='gallery-icon portrait'>\n\t\t\t\t<a href='http:\/\/sp3.tuchola.pl\/wordpress\/?attachment_id=3781'><img width=\"150\" height=\"150\" src=\"http:\/\/sp3.tuchola.pl\/wordpress\/wp-content\/uploads\/2016\/12\/jas_2016-06-150x150.jpg\" class=\"attachment-thumbnail size-thumbnail\" alt=\"\" loading=\"lazy\" \/><\/a>\n\t\t\t<\/dt><\/dl><br style=\"clear: both\" \/><dl class='gallery-item'>\n\t\t\t<dt class='gallery-icon landscape'>\n\t\t\t\t<a href='http:\/\/sp3.tuchola.pl\/wordpress\/?attachment_id=3782'><img width=\"150\" height=\"150\" src=\"http:\/\/sp3.tuchola.pl\/wordpress\/wp-content\/uploads\/2016\/12\/jas_2016-07-150x150.jpg\" class=\"attachment-thumbnail size-thumbnail\" alt=\"\" loading=\"lazy\" \/><\/a>\n\t\t\t<\/dt><\/dl><dl class='gallery-item'>\n\t\t\t<dt class='gallery-icon landscape'>\n\t\t\t\t<a href='http:\/\/sp3.tuchola.pl\/wordpress\/?attachment_id=3783'><img width=\"150\" height=\"150\" src=\"http:\/\/sp3.tuchola.pl\/wordpress\/wp-content\/uploads\/2016\/12\/jas_2016-08-150x150.jpg\" class=\"attachment-thumbnail size-thumbnail\" alt=\"\" loading=\"lazy\" \/><\/a>\n\t\t\t<\/dt><\/dl><dl class='gallery-item'>\n\t\t\t<dt class='gallery-icon landscape'>\n\t\t\t\t<a href='http:\/\/sp3.tuchola.pl\/wordpress\/?attachment_id=3784'><img width=\"150\" height=\"150\" src=\"http:\/\/sp3.tuchola.pl\/wordpress\/wp-content\/uploads\/2016\/12\/jas_2016-09-150x150.jpg\" class=\"attachment-thumbnail size-thumbnail\" alt=\"\" loading=\"lazy\" \/><\/a>\n\t\t\t<\/dt><\/dl><br style=\"clear: both\" \/><dl class='gallery-item'>\n\t\t\t<dt class='gallery-icon landscape'>\n\t\t\t\t<a href='http:\/\/sp3.tuchola.pl\/wordpress\/?attachment_id=3785'><img width=\"150\" height=\"150\" src=\"http:\/\/sp3.tuchola.pl\/wordpress\/wp-content\/uploads\/2016\/12\/jas_2016-10-150x150.jpg\" class=\"attachment-thumbnail size-thumbnail\" alt=\"\" loading=\"lazy\" \/><\/a>\n\t\t\t<\/dt><\/dl><dl class='gallery-item'>\n\t\t\t<dt class='gallery-icon landscape'>\n\t\t\t\t<a href='http:\/\/sp3.tuchola.pl\/wordpress\/?attachment_id=3786'><img width=\"150\" height=\"150\" src=\"http:\/\/sp3.tuchola.pl\/wordpress\/wp-content\/uploads\/2016\/12\/jas_2016-11-150x150.jpg\" class=\"attachment-thumbnail size-thumbnail\" alt=\"\" loading=\"lazy\" \/><\/a>\n\t\t\t<\/dt><\/dl><dl class='gallery-item'>\n\t\t\t<dt class='gallery-icon portrait'>\n\t\t\t\t<a href='http:\/\/sp3.tuchola.pl\/wordpress\/?attachment_id=3787'><img width=\"150\" height=\"150\" src=\"http:\/\/sp3.tuchola.pl\/wordpress\/wp-content\/uploads\/2016\/12\/jas_2016-12-150x150.jpg\" class=\"attachment-thumbnail size-thumbnail\" alt=\"\" loading=\"lazy\" \/><\/a>\n\t\t\t<\/dt><\/dl><br style=\"clear: both\" \/><dl class='gallery-item'>\n\t\t\t<dt class='gallery-icon landscape'>\n\t\t\t\t<a href='http:\/\/sp3.tuchola.pl\/wordpress\/?attachment_id=3788'><img width=\"150\" height=\"150\" src=\"http:\/\/sp3.tuchola.pl\/wordpress\/wp-content\/uploads\/2016\/12\/jas_2016-131-150x150.jpg\" class=\"attachment-thumbnail size-thumbnail\" alt=\"\" loading=\"lazy\" \/><\/a>\n\t\t\t<\/dt><\/dl><dl class='gallery-item'>\n\t\t\t<dt class='gallery-icon landscape'>\n\t\t\t\t<a href='http:\/\/sp3.tuchola.pl\/wordpress\/?attachment_id=3789'><img width=\"150\" height=\"150\" src=\"http:\/\/sp3.tuchola.pl\/wordpress\/wp-content\/uploads\/2016\/12\/jas_2016-14-150x150.jpg\" class=\"attachment-thumbnail size-thumbnail\" alt=\"\" loading=\"lazy\" \/><\/a>\n\t\t\t<\/dt><\/dl><dl class='gallery-item'>\n\t\t\t<dt class='gallery-icon landscape'>\n\t\t\t\t<a href='http:\/\/sp3.tuchola.pl\/wordpress\/?attachment_id=3790'><img width=\"150\" height=\"150\" src=\"http:\/\/sp3.tuchola.pl\/wordpress\/wp-content\/uploads\/2016\/12\/jas_2016-15-150x150.jpg\" class=\"attachment-thumbnail size-thumbnail\" alt=\"\" loading=\"lazy\" \/><\/a>\n\t\t\t<\/dt><\/dl><br style=\"clear: both\" \/><dl class='gallery-item'>\n\t\t\t<dt class='gallery-icon landscape'>\n\t\t\t\t<a href='http:\/\/sp3.tuchola.pl\/wordpress\/?attachment_id=3791'><img width=\"150\" height=\"150\" src=\"http:\/\/sp3.tuchola.pl\/wordpress\/wp-content\/uploads\/2016\/12\/jas_2016-16-150x150.jpg\" class=\"attachment-thumbnail size-thumbnail\" alt=\"\" loading=\"lazy\" \/><\/a>\n\t\t\t<\/dt><\/dl><dl class='gallery-item'>\n\t\t\t<dt class='gallery-icon landscape'>\n\t\t\t\t<a href='http:\/\/sp3.tuchola.pl\/wordpress\/?attachment_id=3792'><img width=\"150\" height=\"150\" src=\"http:\/\/sp3.tuchola.pl\/wordpress\/wp-content\/uploads\/2016\/12\/jas_2016-17-150x150.jpg\" class=\"attachment-thumbnail size-thumbnail\" alt=\"\" loading=\"lazy\" \/><\/a>\n\t\t\t<\/dt><\/dl><dl class='gallery-item'>\n\t\t\t<dt class='gallery-icon portrait'>\n\t\t\t\t<a href='http:\/\/sp3.tuchola.pl\/wordpress\/?attachment_id=3793'><img width=\"150\" height=\"150\" src=\"http:\/\/sp3.tuchola.pl\/wordpress\/wp-content\/uploads\/2016\/12\/jas_2016-18-150x150.jpg\" class=\"attachment-thumbnail size-thumbnail\" alt=\"\" loading=\"lazy\" \/><\/a>\n\t\t\t<\/dt><\/dl><br style=\"clear: both\" \/><dl class='gallery-item'>\n\t\t\t<dt class='gallery-icon landscape'>\n\t\t\t\t<a href='http:\/\/sp3.tuchola.pl\/wordpress\/?attachment_id=3794'><img width=\"150\" height=\"150\" src=\"http:\/\/sp3.tuchola.pl\/wordpress\/wp-content\/uploads\/2016\/12\/jas_2016-19-150x150.jpg\" class=\"attachment-thumbnail size-thumbnail\" alt=\"\" loading=\"lazy\" \/><\/a>\n\t\t\t<\/dt><\/dl><dl class='gallery-item'>\n\t\t\t<dt class='gallery-icon landscape'>\n\t\t\t\t<a href='http:\/\/sp3.tuchola.pl\/wordpress\/?attachment_id=3795'><img width=\"150\" height=\"150\" src=\"http:\/\/sp3.tuchola.pl\/wordpress\/wp-content\/uploads\/2016\/12\/jas_2016-20-150x150.jpg\" class=\"attachment-thumbnail size-thumbnail\" alt=\"\" loading=\"lazy\" \/><\/a>\n\t\t\t<\/dt><\/dl><dl class='gallery-item'>\n\t\t\t<dt class='gallery-icon portrait'>\n\t\t\t\t<a href='http:\/\/sp3.tuchola.pl\/wordpress\/?attachment_id=3796'><img width=\"150\" height=\"150\" src=\"http:\/\/sp3.tuchola.pl\/wordpress\/wp-content\/uploads\/2016\/12\/jas_2016-21-150x150.jpg\" class=\"attachment-thumbnail size-thumbnail\" alt=\"\" loading=\"lazy\" \/><\/a>\n\t\t\t<\/dt><\/dl><br style=\"clear: both\" \/><dl class='gallery-item'>\n\t\t\t<dt class='gallery-icon landscape'>\n\t\t\t\t<a href='http:\/\/sp3.tuchola.pl\/wordpress\/?attachment_id=3797'><img width=\"150\" height=\"150\" src=\"http:\/\/sp3.tuchola.pl\/wordpress\/wp-content\/uploads\/2016\/12\/jas_2016-22-150x150.jpg\" class=\"attachment-thumbnail size-thumbnail\" alt=\"\" loading=\"lazy\" \/><\/a>\n\t\t\t<\/dt><\/dl><dl class='gallery-item'>\n\t\t\t<dt class='gallery-icon landscape'>\n\t\t\t\t<a href='http:\/\/sp3.tuchola.pl\/wordpress\/?attachment_id=3798'><img width=\"150\" height=\"150\" src=\"http:\/\/sp3.tuchola.pl\/wordpress\/wp-content\/uploads\/2016\/12\/jas_2016-23-150x150.jpg\" class=\"attachment-thumbnail size-thumbnail\" alt=\"\" loading=\"lazy\" \/><\/a>\n\t\t\t<\/dt><\/dl><dl class='gallery-item'>\n\t\t\t<dt class='gallery-icon portrait'>\n\t\t\t\t<a href='http:\/\/sp3.tuchola.pl\/wordpress\/?attachment_id=3799'><img width=\"150\" height=\"150\" src=\"http:\/\/sp3.tuchola.pl\/wordpress\/wp-content\/uploads\/2016\/12\/jas_2016-24-150x150.jpg\" class=\"attachment-thumbnail size-thumbnail\" alt=\"\" loading=\"lazy\" \/><\/a>\n\t\t\t<\/dt><\/dl><br style=\"clear: both\" \/><dl class='gallery-item'>\n\t\t\t<dt class='gallery-icon landscape'>\n\t\t\t\t<a href='http:\/\/sp3.tuchola.pl\/wordpress\/?attachment_id=3800'><img width=\"150\" height=\"150\" src=\"http:\/\/sp3.tuchola.pl\/wordpress\/wp-content\/uploads\/2016\/12\/jas_2016-25-150x150.jpg\" class=\"attachment-thumbnail size-thumbnail\" alt=\"\" loading=\"lazy\" \/><\/a>\n\t\t\t<\/dt><\/dl><dl class='gallery-item'>\n\t\t\t<dt class='gallery-icon landscape'>\n\t\t\t\t<a href='http:\/\/sp3.tuchola.pl\/wordpress\/?attachment_id=3801'><img width=\"150\" height=\"150\" src=\"http:\/\/sp3.tuchola.pl\/wordpress\/wp-content\/uploads\/2016\/12\/jas_2016-26-150x150.jpg\" class=\"attachment-thumbnail size-thumbnail\" alt=\"\" loading=\"lazy\" \/><\/a>\n\t\t\t<\/dt><\/dl><dl class='gallery-item'>\n\t\t\t<dt class='gallery-icon landscape'>\n\t\t\t\t<a href='http:\/\/sp3.tuchola.pl\/wordpress\/?attachment_id=3802'><img width=\"150\" height=\"150\" src=\"http:\/\/sp3.tuchola.pl\/wordpress\/wp-content\/uploads\/2016\/12\/jas_2016-27-150x150.jpg\" class=\"attachment-thumbnail size-thumbnail\" alt=\"\" loading=\"lazy\" \/><\/a>\n\t\t\t<\/dt><\/dl><br style=\"clear: both\" \/><dl class='gallery-item'>\n\t\t\t<dt class='gallery-icon landscape'>\n\t\t\t\t<a href='http:\/\/sp3.tuchola.pl\/wordpress\/?attachment_id=3803'><img width=\"150\" height=\"150\" src=\"http:\/\/sp3.tuchola.pl\/wordpress\/wp-content\/uploads\/2016\/12\/jas_2016-28-150x150.jpg\" class=\"attachment-thumbnail size-thumbnail\" alt=\"\" loading=\"lazy\" \/><\/a>\n\t\t\t<\/dt><\/dl><dl class='gallery-item'>\n\t\t\t<dt class='gallery-icon landscape'>\n\t\t\t\t<a href='http:\/\/sp3.tuchola.pl\/wordpress\/?attachment_id=3804'><img width=\"150\" height=\"150\" src=\"http:\/\/sp3.tuchola.pl\/wordpress\/wp-content\/uploads\/2016\/12\/jas_2016-29-150x150.jpg\" class=\"attachment-thumbnail size-thumbnail\" alt=\"\" loading=\"lazy\" \/><\/a>\n\t\t\t<\/dt><\/dl><dl class='gallery-item'>\n\t\t\t<dt class='gallery-icon landscape'>\n\t\t\t\t<a href='http:\/\/sp3.tuchola.pl\/wordpress\/?attachment_id=3805'><img width=\"150\" height=\"150\" src=\"http:\/\/sp3.tuchola.pl\/wordpress\/wp-content\/uploads\/2016\/12\/jas_2016-30-150x150.jpg\" class=\"attachment-thumbnail size-thumbnail\" alt=\"\" loading=\"lazy\" \/><\/a>\n\t\t\t<\/dt><\/dl><br style=\"clear: both\" \/>\n\t\t<\/div>\n\n<p style=\"text-align: center;\"><em>Fot: K.Karnowski<\/em><\/p>\n","protected":false},"excerpt":{"rendered":"<p>Fot: K.Karnowski<\/p>\n","protected":false},"author":1,"featured_media":0,"parent":90,"menu_order":0,"comment_status":"closed","ping_status":"open","template":"","meta":[],"_links":{"self":[{"href":"http:\/\/sp3.tuchola.pl\/wordpress\/index.php?rest_route=\/wp\/v2\/pages\/3775"}],"collection":[{"href":"http:\/\/sp3.tuchola.pl\/wordpress\/index.php?rest_route=\/wp\/v2\/pages"}],"about":[{"href":"http:\/\/sp3.tuchola.pl\/wordpress\/index.php?rest_route=\/wp\/v2\/types\/page"}],"author":[{"embeddable":true,"href":"http:\/\/sp3.tuchola.pl\/wordpress\/index.php?rest_route=\/wp\/v2\/users\/1"}],"replies":[{"embeddable":true,"href":"http:\/\/sp3.tuchola.pl\/wordpress\/index.php?rest_route=%2Fwp%2Fv2%2Fcomments&post=3775"}],"version-history":[{"count":1,"href":"http:\/\/sp3.tuchola.pl\/wordpress\/index.php?rest_route=\/wp\/v2\/pages\/3775\/revisions"}],"predecessor-version":[{"id":3806,"href":"http:\/\/sp3.tuchola.pl\/wordpress\/index.php?rest_route=\/wp\/v2\/pages\/3775\/revisions\/3806"}],"up":[{"embeddable":true,"href":"http:\/\/sp3.tuchola.pl\/wordpress\/index.php?rest_route=\/wp\/v2\/pages\/90"}],"wp:attachment":[{"href":"http:\/\/sp3.tuchola.pl\/wordpress\/index.php?rest_route=%2Fwp%2Fv2%2Fmedia&parent=3775"}],"curies":[{"name":"wp","href":"https:\/\/api.w.org\/{rel}","templated":true}]}}