{"id":12,"date":"2014-02-25T09:08:42","date_gmt":"2014-02-25T08:08:42","guid":{"rendered":"http:\/\/sp3.tuchola.pl\/wordpress\/?page_id=12"},"modified":"2021-02-11T10:10:22","modified_gmt":"2021-02-11T09:10:22","slug":"nauczyciele","status":"publish","type":"page","link":"http:\/\/sp3.tuchola.pl\/wordpress\/?page_id=12","title":{"rendered":"Nauczyciele"},"content":{"rendered":"<p style=\"text-align: center;\">W roku szkolnym 2019\/2020 w naszej szkole pracuj\u0105 nast\u0119puj\u0105cy nauczyciele:<br \/>\n<strong>mgr Lidia G\u00f3ral &#8211; dyrektor szko\u0142y<\/strong><br \/>\n<strong>mgr Sylwia Ko\u017cuch &#8211; wicedyrektor szko\u0142y<\/strong>, nauczyciel j\u0119zyka polskiego<br \/>\n<strong>Pedagog szkolny:<\/strong><br \/>\nmgr Barbara Witkowska<br \/>\n<strong>Biblioteka:<\/strong><br \/>\nmgr Agnieszka Tyde<br \/>\n<strong>Edukacja wczesnoszkolna:<\/strong><br \/>\nOddzia\u0142y przedszkolne: mgr Alicja Budnik, mgr Beata Cimcioch, mgr Marta Je\u017cewska-Duraj, mgr Marlena Radowska<br \/>\n0A: mgr Ma\u0142gorzata Kowalska, mgr Monika Pozorska<br \/>\n1A: mgr Iwona Biesek<br \/>\n2A: mgr Irena Gosta\u0144ska<br \/>\n3A mgr Aleksandra Weilandt<br \/>\n3B: mgr Hanna Rink<br \/>\n<strong>Religia:<\/strong><br \/>\nBeata Gostomska<br \/>\nmgr Iwona \u0141yczywek<br \/>\n<strong>J. polski:<\/strong><br \/>\nmgr Sandra G\u00f3ral &#8211; wychowawczyni klasy 5C<br \/>\nmgr Jaros\u0142aw Kania &#8211; wychowawca klasy 7C<br \/>\nmgr Alicja Musi\u0144ska-Adrych &#8211; wychowawczyni klasy 4B<br \/>\n<strong>J. angielski:<\/strong><br \/>\nmgr Beata Szmelter &#8211; wychowawczyni klasy 6C<br \/>\nmgr Danuta Wi\u015bniewska &#8211; wychowawczyni klasy 7B<br \/>\nmgr Mariusz Witkowski<br \/>\n<strong>J. niemiecki<\/strong><br \/>\nmgr Emilia Jeneralska &#8211; wychowawcczyni klasy 4A<br \/>\n<strong>Historia, Wiedza o Spo\u0142ecze\u0144stwie<\/strong><br \/>\nmgr Miros\u0142awa Drzycimska &#8211; wychowawczyni klasy 8B<br \/>\nmgr Ma\u0142gorzata Kempi\u0144ska<br \/>\n<strong>Matematyka:<\/strong><br \/>\nmgr Halina Iglewska<br \/>\nmgr Hanna Jaruszewska &#8211; wychowawczyni klasy 8A<br \/>\n<strong>Przyroda, biologia:<\/strong><br \/>\nmgr Hanna K\u0142osowska &#8211; wychowawczyni klasy 6A<br \/>\n<strong>Fizyka, edukacja dla bezpiecze\u0144stwa:<\/strong><br \/>\nmgr Tomasz Gierszewski<br \/>\n<strong>Geografia, Doradztwo zawodowe<\/strong><br \/>\nmgr Karol D\u0105browski &#8211; wychowawca klasy 5B<br \/>\n<strong>Sztuka (muzyka i plastyka):<\/strong><br \/>\nmgr Andrzej Giersz &#8211; wychowawca klasy 7A<br \/>\n<strong>Informatyka, zaj\u0119cia komputerowe:<\/strong><br \/>\nmgr Krzysztof Karnowski &#8211; wychowawca klasy 6B<br \/>\n<strong>Wychowanie fizyczne:<\/strong><br \/>\nmgr Grzegorz Holc<br \/>\nmgr Monika Mikulska &#8211; wychowawczyni klasy 4a<br \/>\nmgr Piotr Zieli\u0144ski<br \/>\n<strong>\u015awietlica:<\/strong><br \/>\nmgr Renata Pacek, nauczyciel plastyki<br \/>\nmgr Dorota Szulc<br \/>\n<strong>Nauczyciele wspomagaj\u0105cy:<\/strong><br \/>\nmgr Joanna Nowak<\/p>\n","protected":false},"excerpt":{"rendered":"<p>W roku szkolnym 2019\/2020 w naszej szkole pracuj\u0105 nast\u0119puj\u0105cy nauczyciele: mgr Lidia G\u00f3ral &#8211; dyrektor szko\u0142y mgr Sylwia Ko\u017cuch &#8211; wicedyrektor szko\u0142y, nauczyciel j\u0119zyka polskiego Pedagog szkolny: mgr Barbara Witkowska Biblioteka: mgr Agnieszka Tyde Edukacja wczesnoszkolna: Oddzia\u0142y przedszkolne: mgr Alicja Budnik, mgr Beata Cimcioch, mgr Marta Je\u017cewska-Duraj, mgr Marlena Radowska 0A: mgr Ma\u0142gorzata Kowalska, mgr [&hellip;]<\/p>\n","protected":false},"author":1,"featured_media":0,"parent":5608,"menu_order":0,"comment_status":"closed","ping_status":"closed","template":"","meta":[],"_links":{"self":[{"href":"http:\/\/sp3.tuchola.pl\/wordpress\/index.php?rest_route=\/wp\/v2\/pages\/12"}],"collection":[{"href":"http:\/\/sp3.tuchola.pl\/wordpress\/index.php?rest_route=\/wp\/v2\/pages"}],"about":[{"href":"http:\/\/sp3.tuchola.pl\/wordpress\/index.php?rest_route=\/wp\/v2\/types\/page"}],"author":[{"embeddable":true,"href":"http:\/\/sp3.tuchola.pl\/wordpress\/index.php?rest_route=\/wp\/v2\/users\/1"}],"replies":[{"embeddable":true,"href":"http:\/\/sp3.tuchola.pl\/wordpress\/index.php?rest_route=%2Fwp%2Fv2%2Fcomments&post=12"}],"version-history":[{"count":13,"href":"http:\/\/sp3.tuchola.pl\/wordpress\/index.php?rest_route=\/wp\/v2\/pages\/12\/revisions"}],"predecessor-version":[{"id":9407,"href":"http:\/\/sp3.tuchola.pl\/wordpress\/index.php?rest_route=\/wp\/v2\/pages\/12\/revisions\/9407"}],"up":[{"embeddable":true,"href":"http:\/\/sp3.tuchola.pl\/wordpress\/index.php?rest_route=\/wp\/v2\/pages\/5608"}],"wp:attachment":[{"href":"http:\/\/sp3.tuchola.pl\/wordpress\/index.php?rest_route=%2Fwp%2Fv2%2Fmedia&parent=12"}],"curies":[{"name":"wp","href":"https:\/\/api.w.org\/{rel}","templated":true}]}}